{"id":7,"date":"2014-04-13T08:32:12","date_gmt":"2014-04-13T06:32:12","guid":{"rendered":"http:\/\/localhost\/enfantsdumonde\/?page_id=7"},"modified":"2026-02-10T12:01:14","modified_gmt":"2026-02-10T11:01:14","slug":"historique","status":"publish","type":"page","link":"https:\/\/enfantsdumonde.be\/test\/historique\/","title":{"rendered":"Historique"},"content":{"rendered":"\t\t<div data-elementor-type=\"wp-page\" data-elementor-id=\"7\" class=\"elementor elementor-7\">\n\t\t\t\t\t\t<section class=\"elementor-section elementor-top-section elementor-element elementor-element-3dc4503f elementor-section-boxed elementor-section-height-default elementor-section-height-default\" data-id=\"3dc4503f\" data-element_type=\"section\" data-e-type=\"section\">\n\t\t\t\t\t\t<div class=\"elementor-container elementor-column-gap-default\">\n\t\t\t\t\t<div class=\"elementor-column elementor-col-100 elementor-top-column elementor-element elementor-element-223ce91b\" data-id=\"223ce91b\" data-element_type=\"column\" data-e-type=\"column\">\n\t\t\t<div class=\"elementor-widget-wrap elementor-element-populated\">\n\t\t\t\t\t\t<div class=\"elementor-element elementor-element-16a5e25 elementor-widget elementor-widget-image\" data-id=\"16a5e25\" data-element_type=\"widget\" data-e-type=\"widget\" data-widget_type=\"image.default\">\n\t\t\t\t<div class=\"elementor-widget-container\">\n\t\t\t\t\t\t\t\t\t\t\t\t\t\t\t<img fetchpriority=\"high\" width=\"800\" height=\"533\"  class=\"attachment-large size-large wp-image-3185 lws-optimize-lazyload\" alt=\"\" srcset=\"https:\/\/enfantsdumonde.be\/test\/wp-content\/uploads\/2021\/03\/escortes_lwsoptimized.webp 800w, https:\/\/enfantsdumonde.be\/test\/wp-content\/uploads\/2021\/03\/escortes_lwsoptimized-300x200.webp 300w, https:\/\/enfantsdumonde.be\/test\/wp-content\/uploads\/2021\/03\/escortes_lwsoptimized-768x512.webp 768w\" sizes=\"(max-width: 800px) 100vw, 800px\" \/ data-src=\"https:\/\/enfantsdumonde.be\/test\/wp-content\/uploads\/2021\/03\/escortes_lwsoptimized.webp\">\t\t\t\t\t\t\t\t\t\t\t\t\t\t\t<\/div>\n\t\t\t\t<\/div>\n\t\t\t\t\t<\/div>\n\t\t<\/div>\n\t\t\t\t\t<\/div>\n\t\t<\/section>\n\t\t\t\t<section class=\"elementor-section elementor-top-section elementor-element elementor-element-f2e6b89 elementor-section-boxed elementor-section-height-default elementor-section-height-default\" data-id=\"f2e6b89\" data-element_type=\"section\" data-e-type=\"section\">\n\t\t\t\t\t\t<div class=\"elementor-container elementor-column-gap-default\">\n\t\t\t\t\t<div class=\"elementor-column elementor-col-100 elementor-top-column elementor-element elementor-element-268257a\" data-id=\"268257a\" data-element_type=\"column\" data-e-type=\"column\">\n\t\t\t<div class=\"elementor-widget-wrap elementor-element-populated\">\n\t\t\t\t\t\t<div class=\"elementor-element elementor-element-a3e77ec elementor-widget elementor-widget-text-editor\" data-id=\"a3e77ec\" data-element_type=\"widget\" data-e-type=\"widget\" data-widget_type=\"text-editor.default\">\n\t\t\t\t<div class=\"elementor-widget-container\">\n\t\t\t\t\t\t\t\t\t<p>L\u2019ASBL Enfants du Monde a \u00e9t\u00e9 fond\u00e9e le 2 mai 1970. L\u2019association a donc f\u00eat\u00e9 il y a peu ses 50 ans, gage de s\u00e9rieux et de r\u00e9ussite&nbsp;; elle est d\u2019ailleurs reconnue par l\u2019\u00c9tat belge et b\u00e9n\u00e9ficie de la d\u00e9ductibilit\u00e9 fiscale.<\/p>\n<p>Au d\u00e9part, son objectif \u00e9tait d\u2019aider les familles belges d\u00e9sireuses d\u2019adopter un enfant du tiers-monde dans leurs d\u00e9marches administratives en Belgique et \u00e0 l\u2019\u00e9tranger.<\/p>\n<p>D\u00e8s 1970, l\u2019appui \u00e0 la scolarisation (\u00ab&nbsp;parrainages&nbsp;\u00bb) d\u00e9marre \u00e0 l\u2019instigation de familles allant sur place et se rendant compte de la d\u00e9tresse des enfants qui ne peuvent pas \u00eatre mis en adoption.<\/p>\n<p>Les projets d\u2019aide suivent rapidement : envoi de v\u00eatements, de m\u00e9dicaments\u2026 puis projets de d\u00e9veloppement&nbsp;: construction de cr\u00e8ches, de dispensaires, d\u2019\u00e9coles, etc.<\/p>\n<p>Le 22 mai 1987, Enfants du Monde acquiert l\u2019immeuble du 90, rue Paradis, \u00e0 Li\u00e8ge afin d\u2019y abriter les services n\u00e9cessaires \u00e0 l\u2019adoption. Elle l\u2019occupe jusqu\u2019en 2001, date du transfert des activit\u00e9s du service adoption \u00e0 celui de \u00ab Sourires d\u2019Enfants \u00bb. 1.726 enfants de 14 pays diff\u00e9rents ont ainsi \u00e9t\u00e9 adopt\u00e9s en Belgique via Enfants du Monde.<\/p>\n<p>Depuis, l\u2019association s\u2019est r\u00e9solument tourn\u00e9e vers l\u2019aide \u00e0 l\u2019enfance du tiers-monde sur place. Aujourd\u2019hui, Enfants du monde aide chaque ann\u00e9e \u00e0 la scolarisation plus de 3.000 enfants dans 14 pays du tiers-monde et y finance des projets de d\u00e9veloppement.<\/p>\t\t\t\t\t\t\t\t<\/div>\n\t\t\t\t<\/div>\n\t\t\t\t\t<\/div>\n\t\t<\/div>\n\t\t\t\t\t<\/div>\n\t\t<\/section>\n\t\t\t\t<section class=\"elementor-section elementor-top-section elementor-element elementor-element-8e73828 elementor-section-boxed elementor-section-height-default elementor-section-height-default\" data-id=\"8e73828\" data-element_type=\"section\" data-e-type=\"section\">\n\t\t\t\t\t\t<div class=\"elementor-container elementor-column-gap-default\">\n\t\t\t\t\t<div class=\"elementor-column elementor-col-100 elementor-top-column elementor-element elementor-element-2069a94\" data-id=\"2069a94\" data-element_type=\"column\" data-e-type=\"column\">\n\t\t\t<div class=\"elementor-widget-wrap elementor-element-populated\">\n\t\t\t\t\t\t<div class=\"elementor-element elementor-element-cd41b89 elementor-widget elementor-widget-heading\" data-id=\"cd41b89\" data-element_type=\"widget\" data-e-type=\"widget\" data-widget_type=\"heading.default\">\n\t\t\t\t<div class=\"elementor-widget-container\">\n\t\t\t\t\t<h2 class=\"elementor-heading-title elementor-size-default\">T\u00e9moignage de Charles Flohimont, ancien pr\u00e9sident<\/h2>\t\t\t\t<\/div>\n\t\t\t\t<\/div>\n\t\t\t\t\t<\/div>\n\t\t<\/div>\n\t\t\t\t\t<\/div>\n\t\t<\/section>\n\t\t\t\t<section class=\"elementor-section elementor-top-section elementor-element elementor-element-4be39b4 elementor-section-boxed elementor-section-height-default elementor-section-height-default\" data-id=\"4be39b4\" data-element_type=\"section\" data-e-type=\"section\">\n\t\t\t\t\t\t<div class=\"elementor-container elementor-column-gap-default\">\n\t\t\t\t\t<div class=\"elementor-column elementor-col-33 elementor-top-column elementor-element elementor-element-e20f078\" data-id=\"e20f078\" data-element_type=\"column\" data-e-type=\"column\">\n\t\t\t<div class=\"elementor-widget-wrap elementor-element-populated\">\n\t\t\t\t\t\t<div class=\"elementor-element elementor-element-8071ab6 elementor-widget elementor-widget-image\" data-id=\"8071ab6\" data-element_type=\"widget\" data-e-type=\"widget\" data-widget_type=\"image.default\">\n\t\t\t\t<div class=\"elementor-widget-container\">\n\t\t\t\t\t\t\t\t\t\t\t\t\t\t\t<img width=\"512\" height=\"768\"  class=\"attachment-large size-large wp-image-3234 lws-optimize-lazyload\" alt=\"\" srcset=\"https:\/\/enfantsdumonde.be\/test\/wp-content\/uploads\/2021\/03\/Charles-Flohimont-a-Adaikalapuram-1980_lwsoptimized.webp 512w, https:\/\/enfantsdumonde.be\/test\/wp-content\/uploads\/2021\/03\/Charles-Flohimont-a-Adaikalapuram-1980_lwsoptimized-200x300.webp 200w\" sizes=\"(max-width: 512px) 100vw, 512px\" \/ data-src=\"https:\/\/enfantsdumonde.be\/test\/wp-content\/uploads\/2021\/03\/Charles-Flohimont-a-Adaikalapuram-1980_lwsoptimized.webp\">\t\t\t\t\t\t\t\t\t\t\t\t\t\t\t<\/div>\n\t\t\t\t<\/div>\n\t\t\t\t\t<\/div>\n\t\t<\/div>\n\t\t\t\t<div class=\"elementor-column elementor-col-66 elementor-top-column elementor-element elementor-element-fa5fef3\" data-id=\"fa5fef3\" data-element_type=\"column\" data-e-type=\"column\">\n\t\t\t<div class=\"elementor-widget-wrap elementor-element-populated\">\n\t\t\t\t\t\t<div class=\"elementor-element elementor-element-193d8ca elementor-widget elementor-widget-text-editor\" data-id=\"193d8ca\" data-element_type=\"widget\" data-e-type=\"widget\" data-widget_type=\"text-editor.default\">\n\t\t\t\t<div class=\"elementor-widget-container\">\n\t\t\t\t\t\t\t\t\t<p><strong><em>Quel a \u00e9t\u00e9 ton premier contact avec Enfants du Monde\u00a0?<\/em><\/strong><\/p><p>\u00a0\u00a0\u00a0\u00a0\u00a0\u00a0\u00a0\u00a0 C\u2019\u00e9tait en 1970. Nous avions \u00e9t\u00e9 sensibilis\u00e9s par le sort des enfants vietnamiens qui subissaient une guerre qui n\u2019en finissait pas. On parlait beaucoup de ces enfants et les journalistes les avaient appel\u00e9s \u00ab\u00a0les moineaux du Vietnam\u00a0\u00bb. Nous pensions d\u00e9j\u00e0 \u00e0 l\u2019adoption, nous avions assist\u00e9 \u00e0 des conf\u00e9rences sur ce sujet.<\/p><p style=\"text-align: left;\">Peu de temps apr\u00e8s en famille au bassin de natation, nous avons rencontr\u00e9 des personnes accompagn\u00e9es d\u2019enfants indiens adopt\u00e9s qui venaient de cr\u00e9er une association \u00ab Enfants du Monde \u00bb dans le but d\u2019aider les parents dans une d\u00e9marche d\u2019adoption.\u00a0 Nous touchions au but et nous avons \u00e9t\u00e9 la premi\u00e8re famille adoptive de l\u2019ASBL<\/p><p style=\"text-align: center;\"><a href=\"https:\/\/www.enfantsdumonde.be\/journal-50-ans\/\" target=\"_blank\" rel=\"noopener\"><span style=\"font-size: 10pt;\"><em>Extrait du \u00ab\u00a0Journal 50 ans\u00a0\u00bb encore disponible !<\/em><\/span><\/a><\/p>\t\t\t\t\t\t\t\t<\/div>\n\t\t\t\t<\/div>\n\t\t\t\t\t<\/div>\n\t\t<\/div>\n\t\t\t\t\t<\/div>\n\t\t<\/section>\n\t\t\t\t<\/div>\n\t\t","protected":false},"excerpt":{"rendered":"<p>L\u2019ASBL Enfants du Monde a \u00e9t\u00e9 fond\u00e9e le 2 mai 1970. L\u2019association a donc f\u00eat\u00e9 il y a peu ses 50 ans, gage de s\u00e9rieux et de r\u00e9ussite&nbsp;; elle est d\u2019ailleurs reconnue par l\u2019\u00c9tat belge et b\u00e9n\u00e9ficie de la d\u00e9ductibilit\u00e9 fiscale. Au d\u00e9part, son objectif \u00e9tait d\u2019aider les familles belges d\u00e9sireuses d\u2019adopter un enfant du [&hellip;]<\/p>\n","protected":false},"author":5,"featured_media":0,"parent":0,"menu_order":0,"comment_status":"closed","ping_status":"closed","template":"","meta":{"ocean_post_layout":"","ocean_both_sidebars_style":"","ocean_both_sidebars_content_width":0,"ocean_both_sidebars_sidebars_width":0,"ocean_sidebar":"","ocean_second_sidebar":"","ocean_disable_margins":"enable","ocean_add_body_class":"","ocean_shortcode_before_top_bar":"","ocean_shortcode_after_top_bar":"","ocean_shortcode_before_header":"","ocean_shortcode_after_header":"","ocean_has_shortcode":"","ocean_shortcode_after_title":"","ocean_shortcode_before_footer_widgets":"","ocean_shortcode_after_footer_widgets":"","ocean_shortcode_before_footer_bottom":"","ocean_shortcode_after_footer_bottom":"","ocean_display_top_bar":"default","ocean_display_header":"default","ocean_header_style":"","ocean_center_header_left_menu":"","ocean_custom_header_template":"","ocean_custom_logo":0,"ocean_custom_retina_logo":0,"ocean_custom_logo_max_width":0,"ocean_custom_logo_tablet_max_width":0,"ocean_custom_logo_mobile_max_width":0,"ocean_custom_logo_max_height":0,"ocean_custom_logo_tablet_max_height":0,"ocean_custom_logo_mobile_max_height":0,"ocean_header_custom_menu":"","ocean_menu_typo_font_family":"","ocean_menu_typo_font_subset":"","ocean_menu_typo_font_size":0,"ocean_menu_typo_font_size_tablet":0,"ocean_menu_typo_font_size_mobile":0,"ocean_menu_typo_font_size_unit":"px","ocean_menu_typo_font_weight":"","ocean_menu_typo_font_weight_tablet":"","ocean_menu_typo_font_weight_mobile":"","ocean_menu_typo_transform":"","ocean_menu_typo_transform_tablet":"","ocean_menu_typo_transform_mobile":"","ocean_menu_typo_line_height":0,"ocean_menu_typo_line_height_tablet":0,"ocean_menu_typo_line_height_mobile":0,"ocean_menu_typo_line_height_unit":"","ocean_menu_typo_spacing":0,"ocean_menu_typo_spacing_tablet":0,"ocean_menu_typo_spacing_mobile":0,"ocean_menu_typo_spacing_unit":"","ocean_menu_link_color":"","ocean_menu_link_color_hover":"","ocean_menu_link_color_active":"","ocean_menu_link_background":"","ocean_menu_link_hover_background":"","ocean_menu_link_active_background":"","ocean_menu_social_links_bg":"","ocean_menu_social_hover_links_bg":"","ocean_menu_social_links_color":"","ocean_menu_social_hover_links_color":"","ocean_disable_title":"default","ocean_disable_heading":"default","ocean_post_title":"","ocean_post_subheading":"","ocean_post_title_style":"","ocean_post_title_background_color":"","ocean_post_title_background":0,"ocean_post_title_bg_image_position":"","ocean_post_title_bg_image_attachment":"","ocean_post_title_bg_image_repeat":"","ocean_post_title_bg_image_size":"","ocean_post_title_height":0,"ocean_post_title_bg_overlay":0.5,"ocean_post_title_bg_overlay_color":"","ocean_disable_breadcrumbs":"default","ocean_breadcrumbs_color":"","ocean_breadcrumbs_separator_color":"","ocean_breadcrumbs_links_color":"","ocean_breadcrumbs_links_hover_color":"","ocean_display_footer_widgets":"default","ocean_display_footer_bottom":"default","ocean_custom_footer_template":"","_mc_calendar":[],"footnotes":""},"class_list":["post-7","page","type-page","status-publish","hentry","entry"],"aioseo_notices":[],"_links":{"self":[{"href":"https:\/\/enfantsdumonde.be\/test\/wp-json\/wp\/v2\/pages\/7","targetHints":{"allow":["GET"]}}],"collection":[{"href":"https:\/\/enfantsdumonde.be\/test\/wp-json\/wp\/v2\/pages"}],"about":[{"href":"https:\/\/enfantsdumonde.be\/test\/wp-json\/wp\/v2\/types\/page"}],"author":[{"embeddable":true,"href":"https:\/\/enfantsdumonde.be\/test\/wp-json\/wp\/v2\/users\/5"}],"replies":[{"embeddable":true,"href":"https:\/\/enfantsdumonde.be\/test\/wp-json\/wp\/v2\/comments?post=7"}],"version-history":[{"count":3,"href":"https:\/\/enfantsdumonde.be\/test\/wp-json\/wp\/v2\/pages\/7\/revisions"}],"predecessor-version":[{"id":12032,"href":"https:\/\/enfantsdumonde.be\/test\/wp-json\/wp\/v2\/pages\/7\/revisions\/12032"}],"wp:attachment":[{"href":"https:\/\/enfantsdumonde.be\/test\/wp-json\/wp\/v2\/media?parent=7"}],"curies":[{"name":"wp","href":"https:\/\/api.w.org\/{rel}","templated":true}]}}