{"id":5537,"date":"2021-05-31T19:06:17","date_gmt":"2021-05-31T17:06:17","guid":{"rendered":"https:\/\/enfantsdumonde.be\/test\/\/\/\/\/\/\/\/\/?page_id=5537"},"modified":"2026-02-16T15:55:32","modified_gmt":"2026-02-16T14:55:32","slug":"benin","status":"publish","type":"page","link":"https:\/\/enfantsdumonde.be\/test\/afrique\/benin\/","title":{"rendered":"B\u00e9nin"},"content":{"rendered":"\t\t<div data-elementor-type=\"wp-page\" data-elementor-id=\"5537\" class=\"elementor elementor-5537\">\n\t\t\t\t\t\t<section class=\"elementor-section elementor-top-section elementor-element elementor-element-296290b elementor-section-boxed elementor-section-height-default elementor-section-height-default\" data-id=\"296290b\" data-element_type=\"section\" data-e-type=\"section\">\n\t\t\t\t\t\t<div class=\"elementor-container elementor-column-gap-default\">\n\t\t\t\t\t<div class=\"elementor-column elementor-col-100 elementor-top-column elementor-element elementor-element-ad1753e\" data-id=\"ad1753e\" data-element_type=\"column\" data-e-type=\"column\">\n\t\t\t<div class=\"elementor-widget-wrap elementor-element-populated\">\n\t\t\t\t\t\t<div class=\"elementor-element elementor-element-6278a6d elementor-widget elementor-widget-image\" data-id=\"6278a6d\" data-element_type=\"widget\" data-e-type=\"widget\" data-widget_type=\"image.default\">\n\t\t\t\t<div class=\"elementor-widget-container\">\n\t\t\t\t\t\t\t\t\t\t\t\t\t\t\t<img width=\"256\" height=\"171\"  class=\"attachment-large size-large wp-image-5540 lws-optimize-lazyload\" alt=\"\" \/ data-src=\"https:\/\/enfantsdumonde.be\/test\/wp-content\/uploads\/2021\/05\/Flag-of-Benin.svg_lwsoptimized.webp\">\t\t\t\t\t\t\t\t\t\t\t\t\t\t\t<\/div>\n\t\t\t\t<\/div>\n\t\t\t\t\t<\/div>\n\t\t<\/div>\n\t\t\t\t\t<\/div>\n\t\t<\/section>\n\t\t\t\t<section class=\"elementor-section elementor-top-section elementor-element elementor-element-5025eb3 elementor-section-boxed elementor-section-height-default elementor-section-height-default\" data-id=\"5025eb3\" data-element_type=\"section\" data-e-type=\"section\">\n\t\t\t\t\t\t<div class=\"elementor-container elementor-column-gap-default\">\n\t\t\t\t\t<div class=\"elementor-column elementor-col-100 elementor-top-column elementor-element elementor-element-48538d1\" data-id=\"48538d1\" data-element_type=\"column\" data-e-type=\"column\">\n\t\t\t<div class=\"elementor-widget-wrap elementor-element-populated\">\n\t\t\t\t\t\t<div class=\"elementor-element elementor-element-4453028 elementor-widget elementor-widget-image\" data-id=\"4453028\" data-element_type=\"widget\" data-e-type=\"widget\" data-widget_type=\"image.default\">\n\t\t\t\t<div class=\"elementor-widget-container\">\n\t\t\t\t\t\t\t\t\t\t\t\t<figure class=\"wp-caption\">\n\t\t\t\t\t\t\t\t\t\t<img fetchpriority=\"high\" width=\"753\" height=\"1024\"  class=\"attachment-large size-large wp-image-9495 lws-optimize-lazyload\" alt=\"\" srcset=\"https:\/\/enfantsdumonde.be\/test\/wp-content\/uploads\/2024\/03\/benin-political-map_lwsoptimized-753x1024.webp 753w, https:\/\/enfantsdumonde.be\/test\/wp-content\/uploads\/2024\/03\/benin-political-map_lwsoptimized-221x300.webp 221w, https:\/\/enfantsdumonde.be\/test\/wp-content\/uploads\/2024\/03\/benin-political-map_lwsoptimized-768x1044.webp 768w, https:\/\/enfantsdumonde.be\/test\/wp-content\/uploads\/2024\/03\/benin-political-map_lwsoptimized-1130x1536.webp 1130w, https:\/\/enfantsdumonde.be\/test\/wp-content\/uploads\/2024\/03\/benin-political-map_lwsoptimized.webp 1200w\" sizes=\"(max-width: 753px) 100vw, 753px\" \/ data-src=\"https:\/\/enfantsdumonde.be\/test\/wp-content\/uploads\/2024\/03\/benin-political-map_lwsoptimized-753x1024.webp\">\t\t\t\t\t\t\t\t\t\t\t<figcaption class=\"widget-image-caption wp-caption-text\">Nations Online Project<\/figcaption>\n\t\t\t\t\t\t\t\t\t\t<\/figure>\n\t\t\t\t\t\t\t\t\t<\/div>\n\t\t\t\t<\/div>\n\t\t\t\t\t<\/div>\n\t\t<\/div>\n\t\t\t\t\t<\/div>\n\t\t<\/section>\n\t\t\t\t<section class=\"elementor-section elementor-top-section elementor-element elementor-element-e7e43d7 elementor-section-boxed elementor-section-height-default elementor-section-height-default\" data-id=\"e7e43d7\" data-element_type=\"section\" data-e-type=\"section\">\n\t\t\t\t\t\t<div class=\"elementor-container elementor-column-gap-default\">\n\t\t\t\t\t<div class=\"elementor-column elementor-col-100 elementor-top-column elementor-element elementor-element-5722ab6\" data-id=\"5722ab6\" data-element_type=\"column\" data-e-type=\"column\">\n\t\t\t<div class=\"elementor-widget-wrap elementor-element-populated\">\n\t\t\t\t\t\t<div class=\"elementor-element elementor-element-9346527 elementor-widget elementor-widget-text-editor\" data-id=\"9346527\" data-element_type=\"widget\" data-e-type=\"widget\" data-widget_type=\"text-editor.default\">\n\t\t\t\t<div class=\"elementor-widget-container\">\n\t\t\t\t\t\t\t\t\t<p>Le B\u00e9nin est un \u00c9tat d&rsquo;Afrique de l&rsquo;Ouest, qui couvre une superficie de 114\u00a0764\u00a0<abbr class=\"abbr\" title=\"kilom\u00e8tre carr\u00e9\">km<sup>2<\/sup><\/abbr> et s&rsquo;\u00e9tend sur 700\u00a0<abbr class=\"abbr\" title=\"kilom\u00e8tre\">km<\/abbr>, du fleuve Niger au nord \u00e0 la c\u00f4te atlantique au sud. Le B\u00e9nin comptait 10 741 458 habitants en 2016. Le pays fait partie de la CEDEAO et a comme voisins le Togo \u00e0 l&rsquo;ouest, le Nigeria \u00e0 l&rsquo;est, le Niger au nord-nord-est et le Burkina Faso au nord-nord-ouest. <br \/>La capitale officielle est Porto-Novo, Cotonou \u00e9tant la capitale \u00e9conomique.<br \/>Le B\u00e9nin a comme langue officielle le fran\u00e7ais et comme monnaie le franc CFA.<\/p><p>Le B\u00e9nin compte 35 % de francophones dans sa population. Le B\u00e9nin est membre de l&rsquo;Organisation internationale de la francophonie (OIF) et de l&rsquo;Assembl\u00e9e parlementaire de la francophonie (APF).<\/p><p>Une cinquantaine de langues africaines sont parl\u00e9es sur le territoire b\u00e9ninois. Parmi elles, une vingtaine seulement d\u00e9passent un cercle restreint. L\u2019anglais est utilis\u00e9 dans le monde des affaires, notamment pour les \u00e9changes avec le Nigeria voisin.<\/p><p><a title=\"https:\/\/fr.wikipedia.org\/wiki\/B\u00e9nin\" href=\"https:\/\/fr.wikipedia.org\/wiki\/B%C3%A9nin\" target=\"_blank\" rel=\"noopener\">https:\/\/fr.wikipedia.org\/wiki\/B\u00e9nin<\/a><\/p>\t\t\t\t\t\t\t\t<\/div>\n\t\t\t\t<\/div>\n\t\t\t\t\t<\/div>\n\t\t<\/div>\n\t\t\t\t\t<\/div>\n\t\t<\/section>\n\t\t\t\t<section class=\"elementor-section elementor-top-section elementor-element elementor-element-6f3cee6 elementor-section-boxed elementor-section-height-default elementor-section-height-default\" data-id=\"6f3cee6\" data-element_type=\"section\" data-e-type=\"section\">\n\t\t\t\t\t\t<div class=\"elementor-container elementor-column-gap-default\">\n\t\t\t\t\t<div class=\"elementor-column elementor-col-100 elementor-top-column elementor-element elementor-element-709e03c\" data-id=\"709e03c\" data-element_type=\"column\" data-e-type=\"column\">\n\t\t\t<div class=\"elementor-widget-wrap elementor-element-populated\">\n\t\t\t\t\t\t<div class=\"elementor-element elementor-element-2f46ba6 elementor-widget elementor-widget-text-editor\" data-id=\"2f46ba6\" data-element_type=\"widget\" data-e-type=\"widget\" data-widget_type=\"text-editor.default\">\n\t\t\t\t<div class=\"elementor-widget-container\">\n\t\t\t\t\t\t\t\t\t<p>Notre maison :<\/p><p><a href=\"https:\/\/www.enfantsdumonde.be\/227-maison-espoir\/\" target=\"_blank\" rel=\"noopener\">227 &#8211; Maison de l&rsquo;Espoir<\/a><\/p>\t\t\t\t\t\t\t\t<\/div>\n\t\t\t\t<\/div>\n\t\t\t\t\t<\/div>\n\t\t<\/div>\n\t\t\t\t\t<\/div>\n\t\t<\/section>\n\t\t\t\t<\/div>\n\t\t","protected":false},"excerpt":{"rendered":"<p>Nations Online Project Le B\u00e9nin est un \u00c9tat d&rsquo;Afrique de l&rsquo;Ouest, qui couvre une superficie de 114\u00a0764\u00a0km2 et s&rsquo;\u00e9tend sur 700\u00a0km, du fleuve Niger au nord \u00e0 la c\u00f4te atlantique au sud. Le B\u00e9nin comptait 10 741 458 habitants en 2016. Le pays fait partie de la CEDEAO et a comme voisins le Togo \u00e0 [&hellip;]<\/p>\n","protected":false},"author":5,"featured_media":0,"parent":19,"menu_order":0,"comment_status":"closed","ping_status":"closed","template":"","meta":{"ocean_post_layout":"","ocean_both_sidebars_style":"","ocean_both_sidebars_content_width":0,"ocean_both_sidebars_sidebars_width":0,"ocean_sidebar":"","ocean_second_sidebar":"","ocean_disable_margins":"enable","ocean_add_body_class":"","ocean_shortcode_before_top_bar":"","ocean_shortcode_after_top_bar":"","ocean_shortcode_before_header":"","ocean_shortcode_after_header":"","ocean_has_shortcode":"","ocean_shortcode_after_title":"","ocean_shortcode_before_footer_widgets":"","ocean_shortcode_after_footer_widgets":"","ocean_shortcode_before_footer_bottom":"","ocean_shortcode_after_footer_bottom":"","ocean_display_top_bar":"default","ocean_display_header":"default","ocean_header_style":"","ocean_center_header_left_menu":"","ocean_custom_header_template":"","ocean_custom_logo":0,"ocean_custom_retina_logo":0,"ocean_custom_logo_max_width":0,"ocean_custom_logo_tablet_max_width":0,"ocean_custom_logo_mobile_max_width":0,"ocean_custom_logo_max_height":0,"ocean_custom_logo_tablet_max_height":0,"ocean_custom_logo_mobile_max_height":0,"ocean_header_custom_menu":"","ocean_menu_typo_font_family":"","ocean_menu_typo_font_subset":"","ocean_menu_typo_font_size":0,"ocean_menu_typo_font_size_tablet":0,"ocean_menu_typo_font_size_mobile":0,"ocean_menu_typo_font_size_unit":"px","ocean_menu_typo_font_weight":"","ocean_menu_typo_font_weight_tablet":"","ocean_menu_typo_font_weight_mobile":"","ocean_menu_typo_transform":"","ocean_menu_typo_transform_tablet":"","ocean_menu_typo_transform_mobile":"","ocean_menu_typo_line_height":0,"ocean_menu_typo_line_height_tablet":0,"ocean_menu_typo_line_height_mobile":0,"ocean_menu_typo_line_height_unit":"","ocean_menu_typo_spacing":0,"ocean_menu_typo_spacing_tablet":0,"ocean_menu_typo_spacing_mobile":0,"ocean_menu_typo_spacing_unit":"","ocean_menu_link_color":"","ocean_menu_link_color_hover":"","ocean_menu_link_color_active":"","ocean_menu_link_background":"","ocean_menu_link_hover_background":"","ocean_menu_link_active_background":"","ocean_menu_social_links_bg":"","ocean_menu_social_hover_links_bg":"","ocean_menu_social_links_color":"","ocean_menu_social_hover_links_color":"","ocean_disable_title":"default","ocean_disable_heading":"default","ocean_post_title":"","ocean_post_subheading":"","ocean_post_title_style":"","ocean_post_title_background_color":"","ocean_post_title_background":0,"ocean_post_title_bg_image_position":"","ocean_post_title_bg_image_attachment":"","ocean_post_title_bg_image_repeat":"","ocean_post_title_bg_image_size":"","ocean_post_title_height":0,"ocean_post_title_bg_overlay":0.5,"ocean_post_title_bg_overlay_color":"","ocean_disable_breadcrumbs":"default","ocean_breadcrumbs_color":"","ocean_breadcrumbs_separator_color":"","ocean_breadcrumbs_links_color":"","ocean_breadcrumbs_links_hover_color":"","ocean_display_footer_widgets":"default","ocean_display_footer_bottom":"default","ocean_custom_footer_template":"","_mc_calendar":[],"footnotes":""},"class_list":["post-5537","page","type-page","status-publish","hentry","entry"],"aioseo_notices":[],"_links":{"self":[{"href":"https:\/\/enfantsdumonde.be\/test\/wp-json\/wp\/v2\/pages\/5537","targetHints":{"allow":["GET"]}}],"collection":[{"href":"https:\/\/enfantsdumonde.be\/test\/wp-json\/wp\/v2\/pages"}],"about":[{"href":"https:\/\/enfantsdumonde.be\/test\/wp-json\/wp\/v2\/types\/page"}],"author":[{"embeddable":true,"href":"https:\/\/enfantsdumonde.be\/test\/wp-json\/wp\/v2\/users\/5"}],"replies":[{"embeddable":true,"href":"https:\/\/enfantsdumonde.be\/test\/wp-json\/wp\/v2\/comments?post=5537"}],"version-history":[{"count":3,"href":"https:\/\/enfantsdumonde.be\/test\/wp-json\/wp\/v2\/pages\/5537\/revisions"}],"predecessor-version":[{"id":12189,"href":"https:\/\/enfantsdumonde.be\/test\/wp-json\/wp\/v2\/pages\/5537\/revisions\/12189"}],"up":[{"embeddable":true,"href":"https:\/\/enfantsdumonde.be\/test\/wp-json\/wp\/v2\/pages\/19"}],"wp:attachment":[{"href":"https:\/\/enfantsdumonde.be\/test\/wp-json\/wp\/v2\/media?parent=5537"}],"curies":[{"name":"wp","href":"https:\/\/api.w.org\/{rel}","templated":true}]}}