{"id":459,"date":"2021-03-11T18:04:35","date_gmt":"2021-03-11T17:04:35","guid":{"rendered":"http:\/\/enfantsdumonde.be\/test\/?page_id=459"},"modified":"2026-02-20T17:15:25","modified_gmt":"2026-02-20T16:15:25","slug":"perou","status":"publish","type":"page","link":"https:\/\/enfantsdumonde.be\/test\/ameriques\/perou\/","title":{"rendered":"P\u00e9rou"},"content":{"rendered":"\t\t<div data-elementor-type=\"wp-page\" data-elementor-id=\"459\" class=\"elementor elementor-459\">\n\t\t\t\t\t\t<section class=\"elementor-section elementor-top-section elementor-element elementor-element-dc653a5 elementor-section-boxed elementor-section-height-default elementor-section-height-default\" data-id=\"dc653a5\" data-element_type=\"section\" data-e-type=\"section\">\n\t\t\t\t\t\t<div class=\"elementor-container elementor-column-gap-default\">\n\t\t\t\t\t<div class=\"elementor-column elementor-col-50 elementor-top-column elementor-element elementor-element-c18b3ef\" data-id=\"c18b3ef\" data-element_type=\"column\" data-e-type=\"column\">\n\t\t\t<div class=\"elementor-widget-wrap elementor-element-populated\">\n\t\t\t\t\t\t<div class=\"elementor-element elementor-element-fcc6b7c elementor-widget elementor-widget-image\" data-id=\"fcc6b7c\" data-element_type=\"widget\" data-e-type=\"widget\" data-widget_type=\"image.default\">\n\t\t\t\t<div class=\"elementor-widget-container\">\n\t\t\t\t\t\t\t\t\t\t\t\t\t\t\t<img width=\"110\" height=\"73\"  class=\"attachment-large size-large wp-image-3384 lws-optimize-lazyload\" alt=\"\" \/ data-src=\"https:\/\/enfantsdumonde.be\/test\/wp-content\/uploads\/2021\/03\/Peru-flag.svg_lwsoptimized.webp\">\t\t\t\t\t\t\t\t\t\t\t\t\t\t\t<\/div>\n\t\t\t\t<\/div>\n\t\t\t\t<div class=\"elementor-element elementor-element-5e7cb20 elementor-widget elementor-widget-image\" data-id=\"5e7cb20\" data-element_type=\"widget\" data-e-type=\"widget\" data-widget_type=\"image.default\">\n\t\t\t\t<div class=\"elementor-widget-container\">\n\t\t\t\t\t\t\t\t\t\t\t\t<figure class=\"wp-caption\">\n\t\t\t\t\t\t\t\t\t\t<img fetchpriority=\"high\" width=\"1000\" height=\"1000\"  class=\"attachment-large size-large wp-image-4965 lws-optimize-lazyload\" alt=\"\" srcset=\"https:\/\/enfantsdumonde.be\/test\/wp-content\/uploads\/2021\/03\/Peru-UNOCHA.svg_lwsoptimized.webp 1000w, https:\/\/enfantsdumonde.be\/test\/wp-content\/uploads\/2021\/03\/Peru-UNOCHA.svg_lwsoptimized-300x300.webp 300w, https:\/\/enfantsdumonde.be\/test\/wp-content\/uploads\/2021\/03\/Peru-UNOCHA.svg_lwsoptimized-768x768.webp 768w, https:\/\/enfantsdumonde.be\/test\/wp-content\/uploads\/2021\/03\/Peru-UNOCHA.svg_lwsoptimized-600x600.webp 600w\" sizes=\"(max-width: 1000px) 100vw, 1000px\" \/ data-src=\"https:\/\/enfantsdumonde.be\/test\/wp-content\/uploads\/2021\/03\/Peru-UNOCHA.svg_lwsoptimized.webp\">\t\t\t\t\t\t\t\t\t\t\t<figcaption class=\"widget-image-caption wp-caption-text\">Credit: OCHA<\/figcaption>\n\t\t\t\t\t\t\t\t\t\t<\/figure>\n\t\t\t\t\t\t\t\t\t<\/div>\n\t\t\t\t<\/div>\n\t\t\t\t\t<\/div>\n\t\t<\/div>\n\t\t\t\t<div class=\"elementor-column elementor-col-50 elementor-top-column elementor-element elementor-element-c442e59\" data-id=\"c442e59\" data-element_type=\"column\" data-e-type=\"column\">\n\t\t\t<div class=\"elementor-widget-wrap elementor-element-populated\">\n\t\t\t\t\t\t<div class=\"elementor-element elementor-element-0c4104f elementor-widget elementor-widget-text-editor\" data-id=\"0c4104f\" data-element_type=\"widget\" data-e-type=\"widget\" data-widget_type=\"text-editor.default\">\n\t\t\t\t<div class=\"elementor-widget-container\">\n\t\t\t\t\t\t\t\t\t<p><strong>Le P\u00e9rou<\/strong> est un pays situ\u00e9 dans l&rsquo;Ouest de l&rsquo;Am\u00e9rique du Sud. Entour\u00e9 par l&rsquo;\u00c9quateur au nord-ouest, la Colombie au nord-nord-est, le Br\u00e9sil au nord-est, la Bolivie au sud-est, le Chili au sud-sud-est et l&rsquo;oc\u00e9an Pacifique \u00e0 l&rsquo;ouest-sud-ouest, il est le troisi\u00e8me pays du sous-continent par sa superficie\u00a0: 1\u00a0285\u00a0220\u00a0<abbr class=\"abbr\" title=\"kilom\u00e8tre carr\u00e9\">km<sup>2<\/sup><\/abbr>, et le quatri\u00e8me par sa population\u00a0: environ 32\u00a0millions d&rsquo;habitants.<\/p><p>Lima, une vaste aire urbaine de 9\u00a0millions d&rsquo;habitants, est la capitale et la plus grande ville du pays. Sa capitale historique est Cuzco, dans les Andes, ancienne capitale de l&#8217;empire inca.<\/p><p>Le syst\u00e8me politique actuel repose sur la Constitution de 1993. Depuis 2002, le P\u00e9rou a \u00e9t\u00e9 divis\u00e9 en 24\u00a0d\u00e9partements et un important processus de d\u00e9centralisation a \u00e9t\u00e9 mis en place. Parmi ses trois langues officielles, la plus parl\u00e9e est l&rsquo;espagnol, suivie du quechua et de l&rsquo;aymara. Le nombre d&rsquo;habitants est de 31\u00a0826\u00a0018 en 2017.<\/p><p><a href=\"https:\/\/fr.wikipedia.org\/wiki\/P%C3%A9rou\" target=\"_blank\" rel=\"noopener\">https:\/\/fr.wikipedia.org\/wiki\/P\u00e9rou<\/a><\/p><div id=\"ConnectiveDocSignExtentionInstalled\" data-extension-version=\"1.0.4\">\u00a0<\/div>\t\t\t\t\t\t\t\t<\/div>\n\t\t\t\t<\/div>\n\t\t\t\t\t<\/div>\n\t\t<\/div>\n\t\t\t\t\t<\/div>\n\t\t<\/section>\n\t\t\t\t<section class=\"elementor-section elementor-top-section elementor-element elementor-element-b1fb1c5 elementor-section-boxed elementor-section-height-default elementor-section-height-default\" data-id=\"b1fb1c5\" data-element_type=\"section\" data-e-type=\"section\">\n\t\t\t\t\t\t<div class=\"elementor-container elementor-column-gap-default\">\n\t\t\t\t\t<div class=\"elementor-column elementor-col-100 elementor-top-column elementor-element elementor-element-41d934f\" data-id=\"41d934f\" data-element_type=\"column\" data-e-type=\"column\">\n\t\t\t<div class=\"elementor-widget-wrap elementor-element-populated\">\n\t\t\t\t\t\t<div class=\"elementor-element elementor-element-eaa8a4d elementor-widget elementor-widget-text-editor\" data-id=\"eaa8a4d\" data-element_type=\"widget\" data-e-type=\"widget\" data-widget_type=\"text-editor.default\">\n\t\t\t\t<div class=\"elementor-widget-container\">\n\t\t\t\t\t\t\t\t\t<p>Notre maison :<\/p><p><a href=\"https:\/\/www.enfantsdumonde.be\/999-tito-sofia\/\" target=\"_blank\" rel=\"noopener\">999 Tito et Sofia<\/a><\/p>\t\t\t\t\t\t\t\t<\/div>\n\t\t\t\t<\/div>\n\t\t\t\t\t<\/div>\n\t\t<\/div>\n\t\t\t\t\t<\/div>\n\t\t<\/section>\n\t\t\t\t<\/div>\n\t\t","protected":false},"excerpt":{"rendered":"<p>Credit: OCHA Le P\u00e9rou est un pays situ\u00e9 dans l&rsquo;Ouest de l&rsquo;Am\u00e9rique du Sud. Entour\u00e9 par l&rsquo;\u00c9quateur au nord-ouest, la Colombie au nord-nord-est, le Br\u00e9sil au nord-est, la Bolivie au sud-est, le Chili au sud-sud-est et l&rsquo;oc\u00e9an Pacifique \u00e0 l&rsquo;ouest-sud-ouest, il est le troisi\u00e8me pays du sous-continent par sa superficie\u00a0: 1\u00a0285\u00a0220\u00a0km2, et le quatri\u00e8me par [&hellip;]<\/p>\n","protected":false},"author":5,"featured_media":0,"parent":15,"menu_order":0,"comment_status":"closed","ping_status":"closed","template":"","meta":{"ocean_post_layout":"","ocean_both_sidebars_style":"","ocean_both_sidebars_content_width":0,"ocean_both_sidebars_sidebars_width":0,"ocean_sidebar":"","ocean_second_sidebar":"","ocean_disable_margins":"enable","ocean_add_body_class":"","ocean_shortcode_before_top_bar":"","ocean_shortcode_after_top_bar":"","ocean_shortcode_before_header":"","ocean_shortcode_after_header":"","ocean_has_shortcode":"","ocean_shortcode_after_title":"","ocean_shortcode_before_footer_widgets":"","ocean_shortcode_after_footer_widgets":"","ocean_shortcode_before_footer_bottom":"","ocean_shortcode_after_footer_bottom":"","ocean_display_top_bar":"default","ocean_display_header":"default","ocean_header_style":"","ocean_center_header_left_menu":"","ocean_custom_header_template":"","ocean_custom_logo":0,"ocean_custom_retina_logo":0,"ocean_custom_logo_max_width":0,"ocean_custom_logo_tablet_max_width":0,"ocean_custom_logo_mobile_max_width":0,"ocean_custom_logo_max_height":0,"ocean_custom_logo_tablet_max_height":0,"ocean_custom_logo_mobile_max_height":0,"ocean_header_custom_menu":"","ocean_menu_typo_font_family":"","ocean_menu_typo_font_subset":"","ocean_menu_typo_font_size":0,"ocean_menu_typo_font_size_tablet":0,"ocean_menu_typo_font_size_mobile":0,"ocean_menu_typo_font_size_unit":"px","ocean_menu_typo_font_weight":"","ocean_menu_typo_font_weight_tablet":"","ocean_menu_typo_font_weight_mobile":"","ocean_menu_typo_transform":"","ocean_menu_typo_transform_tablet":"","ocean_menu_typo_transform_mobile":"","ocean_menu_typo_line_height":0,"ocean_menu_typo_line_height_tablet":0,"ocean_menu_typo_line_height_mobile":0,"ocean_menu_typo_line_height_unit":"","ocean_menu_typo_spacing":0,"ocean_menu_typo_spacing_tablet":0,"ocean_menu_typo_spacing_mobile":0,"ocean_menu_typo_spacing_unit":"","ocean_menu_link_color":"","ocean_menu_link_color_hover":"","ocean_menu_link_color_active":"","ocean_menu_link_background":"","ocean_menu_link_hover_background":"","ocean_menu_link_active_background":"","ocean_menu_social_links_bg":"","ocean_menu_social_hover_links_bg":"","ocean_menu_social_links_color":"","ocean_menu_social_hover_links_color":"","ocean_disable_title":"default","ocean_disable_heading":"default","ocean_post_title":"","ocean_post_subheading":"","ocean_post_title_style":"","ocean_post_title_background_color":"","ocean_post_title_background":0,"ocean_post_title_bg_image_position":"","ocean_post_title_bg_image_attachment":"","ocean_post_title_bg_image_repeat":"","ocean_post_title_bg_image_size":"","ocean_post_title_height":0,"ocean_post_title_bg_overlay":0.5,"ocean_post_title_bg_overlay_color":"","ocean_disable_breadcrumbs":"default","ocean_breadcrumbs_color":"","ocean_breadcrumbs_separator_color":"","ocean_breadcrumbs_links_color":"","ocean_breadcrumbs_links_hover_color":"","ocean_display_footer_widgets":"default","ocean_display_footer_bottom":"default","ocean_custom_footer_template":"","_mc_calendar":[],"footnotes":""},"class_list":["post-459","page","type-page","status-publish","hentry","entry"],"aioseo_notices":[],"_links":{"self":[{"href":"https:\/\/enfantsdumonde.be\/test\/wp-json\/wp\/v2\/pages\/459","targetHints":{"allow":["GET"]}}],"collection":[{"href":"https:\/\/enfantsdumonde.be\/test\/wp-json\/wp\/v2\/pages"}],"about":[{"href":"https:\/\/enfantsdumonde.be\/test\/wp-json\/wp\/v2\/types\/page"}],"author":[{"embeddable":true,"href":"https:\/\/enfantsdumonde.be\/test\/wp-json\/wp\/v2\/users\/5"}],"replies":[{"embeddable":true,"href":"https:\/\/enfantsdumonde.be\/test\/wp-json\/wp\/v2\/comments?post=459"}],"version-history":[{"count":3,"href":"https:\/\/enfantsdumonde.be\/test\/wp-json\/wp\/v2\/pages\/459\/revisions"}],"predecessor-version":[{"id":12478,"href":"https:\/\/enfantsdumonde.be\/test\/wp-json\/wp\/v2\/pages\/459\/revisions\/12478"}],"up":[{"embeddable":true,"href":"https:\/\/enfantsdumonde.be\/test\/wp-json\/wp\/v2\/pages\/15"}],"wp:attachment":[{"href":"https:\/\/enfantsdumonde.be\/test\/wp-json\/wp\/v2\/media?parent=459"}],"curies":[{"name":"wp","href":"https:\/\/api.w.org\/{rel}","templated":true}]}}