{"id":39,"date":"2021-03-09T17:42:38","date_gmt":"2021-03-09T16:42:38","guid":{"rendered":"http:\/\/localhost\/enfantsdumonde\/?page_id=39"},"modified":"2026-02-20T16:16:16","modified_gmt":"2026-02-20T15:16:16","slug":"burundi","status":"publish","type":"page","link":"https:\/\/enfantsdumonde.be\/test\/afrique\/burundi\/","title":{"rendered":"Burundi"},"content":{"rendered":"\t\t<div data-elementor-type=\"wp-page\" data-elementor-id=\"39\" class=\"elementor elementor-39\">\n\t\t\t\t\t\t<section class=\"elementor-section elementor-top-section elementor-element elementor-element-b1c6200 elementor-section-boxed elementor-section-height-default elementor-section-height-default\" data-id=\"b1c6200\" data-element_type=\"section\" data-e-type=\"section\">\n\t\t\t\t\t\t<div class=\"elementor-container elementor-column-gap-default\">\n\t\t\t\t\t<div class=\"elementor-column elementor-col-100 elementor-top-column elementor-element elementor-element-79f1f08\" data-id=\"79f1f08\" data-element_type=\"column\" data-e-type=\"column\">\n\t\t\t<div class=\"elementor-widget-wrap elementor-element-populated\">\n\t\t\t\t\t\t<div class=\"elementor-element elementor-element-1aaeb2f elementor-widget elementor-widget-image\" data-id=\"1aaeb2f\" data-element_type=\"widget\" data-e-type=\"widget\" data-widget_type=\"image.default\">\n\t\t\t\t<div class=\"elementor-widget-container\">\n\t\t\t\t\t\t\t\t\t\t\t\t\t\t\t<img width=\"110\" height=\"66\"  class=\"attachment-large size-large wp-image-3263 lws-optimize-lazyload\" alt=\"\" \/ data-src=\"https:\/\/enfantsdumonde.be\/test\/wp-content\/uploads\/2021\/03\/Burundi-flag.svg_lwsoptimized.webp\">\t\t\t\t\t\t\t\t\t\t\t\t\t\t\t<\/div>\n\t\t\t\t<\/div>\n\t\t\t\t\t<\/div>\n\t\t<\/div>\n\t\t\t\t\t<\/div>\n\t\t<\/section>\n\t\t\t\t<section class=\"elementor-section elementor-top-section elementor-element elementor-element-6478077 elementor-section-boxed elementor-section-height-default elementor-section-height-default\" data-id=\"6478077\" data-element_type=\"section\" data-e-type=\"section\">\n\t\t\t\t\t\t<div class=\"elementor-container elementor-column-gap-default\">\n\t\t\t\t\t<div class=\"elementor-column elementor-col-100 elementor-top-column elementor-element elementor-element-f0f4355\" data-id=\"f0f4355\" data-element_type=\"column\" data-e-type=\"column\">\n\t\t\t<div class=\"elementor-widget-wrap elementor-element-populated\">\n\t\t\t\t\t\t<div class=\"elementor-element elementor-element-c15d4e5 elementor-widget elementor-widget-image\" data-id=\"c15d4e5\" data-element_type=\"widget\" data-e-type=\"widget\" data-widget_type=\"image.default\">\n\t\t\t\t<div class=\"elementor-widget-container\">\n\t\t\t\t\t\t\t\t\t\t\t\t\t\t\t<img fetchpriority=\"high\" width=\"855\" height=\"1007\"  class=\"attachment-large size-large wp-image-9499 lws-optimize-lazyload\" alt=\"\" srcset=\"https:\/\/enfantsdumonde.be\/test\/wp-content\/uploads\/2024\/03\/burundi_map_855_lwsoptimized.webp 855w, https:\/\/enfantsdumonde.be\/test\/wp-content\/uploads\/2024\/03\/burundi_map_855_lwsoptimized-255x300.webp 255w, https:\/\/enfantsdumonde.be\/test\/wp-content\/uploads\/2024\/03\/burundi_map_855_lwsoptimized-768x905.webp 768w\" sizes=\"(max-width: 855px) 100vw, 855px\" \/ data-src=\"https:\/\/enfantsdumonde.be\/test\/wp-content\/uploads\/2024\/03\/burundi_map_855_lwsoptimized.webp\">\t\t\t\t\t\t\t\t\t\t\t\t\t\t\t<\/div>\n\t\t\t\t<\/div>\n\t\t\t\t\t<\/div>\n\t\t<\/div>\n\t\t\t\t\t<\/div>\n\t\t<\/section>\n\t\t\t\t<section class=\"elementor-section elementor-top-section elementor-element elementor-element-58b6523 elementor-section-boxed elementor-section-height-default elementor-section-height-default\" data-id=\"58b6523\" data-element_type=\"section\" data-e-type=\"section\">\n\t\t\t\t\t\t<div class=\"elementor-container elementor-column-gap-default\">\n\t\t\t\t\t<div class=\"elementor-column elementor-col-100 elementor-top-column elementor-element elementor-element-e0258a0\" data-id=\"e0258a0\" data-element_type=\"column\" data-e-type=\"column\">\n\t\t\t<div class=\"elementor-widget-wrap elementor-element-populated\">\n\t\t\t\t\t\t<div class=\"elementor-element elementor-element-6a74c19 elementor-widget elementor-widget-text-editor\" data-id=\"6a74c19\" data-element_type=\"widget\" data-e-type=\"widget\" data-widget_type=\"text-editor.default\">\n\t\t\t\t<div class=\"elementor-widget-container\">\n\t\t\t\t\t\t\t\t\t<p>Le <b>Burundi<\/b> est un pays d&rsquo;Afrique de l&rsquo;Est sans acc\u00e8s \u00e0 la mer mais poss\u00e9dant un grand rivage sur le lac Tanganyika, situ\u00e9 dans la r\u00e9gion des Grands Lacs et entour\u00e9 par la R\u00e9publique d\u00e9mocratique du Congo \u00e0 l&rsquo;ouest, le Rwanda au nord et la Tanzanie \u00e0 l&rsquo;est et au sud. Sa capitale est, depuis le 4 f\u00e9vrier 2019, Gitega. Bujumbura, ancienne capitale et ville la plus peupl\u00e9e du pays, est la capitale \u00e9conomique.<\/p><p>En 2019, la population du Burundi est estim\u00e9e \u00e0 <span class=\"nowrap\">12 millions d&rsquo;habitants<\/span>, son taux de croissance en 2016 \u00e9tait de 3,3\u00a0%. Au dernier recensement de 2008, le pays comptait 8 053 574 habitants, dont 497\u00a0166 vivaient \u00e0 Bujumbura, ancienne capitale.<\/p><p>L&rsquo;\u00e2ge m\u00e9dian est de <span class=\"nowrap\">16,9 ans<\/span> et la proportion des moins de <span class=\"nowrap\">15 ans<\/span> correspond \u00e0 46 % de la population totale du pays.<\/p><p>https:\/\/fr.wikipedia.org\/wiki\/Burundi<\/p><div id=\"ConnectiveDocSignExtentionInstalled\" data-extension-version=\"1.0.4\">\u00a0<\/div>\t\t\t\t\t\t\t\t<\/div>\n\t\t\t\t<\/div>\n\t\t\t\t\t<\/div>\n\t\t<\/div>\n\t\t\t\t\t<\/div>\n\t\t<\/section>\n\t\t\t\t<section class=\"elementor-section elementor-top-section elementor-element elementor-element-2eaed83 elementor-section-boxed elementor-section-height-default elementor-section-height-default\" data-id=\"2eaed83\" data-element_type=\"section\" data-e-type=\"section\">\n\t\t\t\t\t\t<div class=\"elementor-container elementor-column-gap-default\">\n\t\t\t\t\t<div class=\"elementor-column elementor-col-100 elementor-top-column elementor-element elementor-element-d08073c\" data-id=\"d08073c\" data-element_type=\"column\" data-e-type=\"column\">\n\t\t\t<div class=\"elementor-widget-wrap elementor-element-populated\">\n\t\t\t\t\t\t<div class=\"elementor-element elementor-element-c37db43 elementor-widget elementor-widget-text-editor\" data-id=\"c37db43\" data-element_type=\"widget\" data-e-type=\"widget\" data-widget_type=\"text-editor.default\">\n\t\t\t\t<div class=\"elementor-widget-container\">\n\t\t\t\t\t\t\t\t\t<p>Notre maison :<\/p><p><a href=\"https:\/\/www.enfantsdumonde.be\/315-eajd\/\" target=\"_blank\" rel=\"noopener\">315 &#8211; EAJD &#8211; Entraide et Accompagnement de Jeunes en Difficult\u00e9<\/a><\/p>\t\t\t\t\t\t\t\t<\/div>\n\t\t\t\t<\/div>\n\t\t\t\t\t<\/div>\n\t\t<\/div>\n\t\t\t\t\t<\/div>\n\t\t<\/section>\n\t\t\t\t<section class=\"elementor-section elementor-top-section elementor-element elementor-element-b9e23fa elementor-section-boxed elementor-section-height-default elementor-section-height-default\" data-id=\"b9e23fa\" data-element_type=\"section\" data-e-type=\"section\">\n\t\t\t\t\t\t<div class=\"elementor-container elementor-column-gap-default\">\n\t\t\t\t\t<div class=\"elementor-column elementor-col-100 elementor-top-column elementor-element elementor-element-a7fdc99\" data-id=\"a7fdc99\" data-element_type=\"column\" data-e-type=\"column\">\n\t\t\t<div class=\"elementor-widget-wrap\">\n\t\t\t\t\t\t\t<\/div>\n\t\t<\/div>\n\t\t\t\t\t<\/div>\n\t\t<\/section>\n\t\t\t\t<\/div>\n\t\t","protected":false},"excerpt":{"rendered":"<p>Le Burundi est un pays d&rsquo;Afrique de l&rsquo;Est sans acc\u00e8s \u00e0 la mer mais poss\u00e9dant un grand rivage sur le lac Tanganyika, situ\u00e9 dans la r\u00e9gion des Grands Lacs et entour\u00e9 par la R\u00e9publique d\u00e9mocratique du Congo \u00e0 l&rsquo;ouest, le Rwanda au nord et la Tanzanie \u00e0 l&rsquo;est et au sud. Sa capitale est, depuis [&hellip;]<\/p>\n","protected":false},"author":5,"featured_media":0,"parent":19,"menu_order":0,"comment_status":"closed","ping_status":"closed","template":"","meta":{"ocean_post_layout":"","ocean_both_sidebars_style":"","ocean_both_sidebars_content_width":0,"ocean_both_sidebars_sidebars_width":0,"ocean_sidebar":"","ocean_second_sidebar":"","ocean_disable_margins":"enable","ocean_add_body_class":"","ocean_shortcode_before_top_bar":"","ocean_shortcode_after_top_bar":"","ocean_shortcode_before_header":"","ocean_shortcode_after_header":"","ocean_has_shortcode":"","ocean_shortcode_after_title":"","ocean_shortcode_before_footer_widgets":"","ocean_shortcode_after_footer_widgets":"","ocean_shortcode_before_footer_bottom":"","ocean_shortcode_after_footer_bottom":"","ocean_display_top_bar":"default","ocean_display_header":"default","ocean_header_style":"","ocean_center_header_left_menu":"","ocean_custom_header_template":"","ocean_custom_logo":0,"ocean_custom_retina_logo":0,"ocean_custom_logo_max_width":0,"ocean_custom_logo_tablet_max_width":0,"ocean_custom_logo_mobile_max_width":0,"ocean_custom_logo_max_height":0,"ocean_custom_logo_tablet_max_height":0,"ocean_custom_logo_mobile_max_height":0,"ocean_header_custom_menu":"","ocean_menu_typo_font_family":"","ocean_menu_typo_font_subset":"","ocean_menu_typo_font_size":0,"ocean_menu_typo_font_size_tablet":0,"ocean_menu_typo_font_size_mobile":0,"ocean_menu_typo_font_size_unit":"px","ocean_menu_typo_font_weight":"","ocean_menu_typo_font_weight_tablet":"","ocean_menu_typo_font_weight_mobile":"","ocean_menu_typo_transform":"","ocean_menu_typo_transform_tablet":"","ocean_menu_typo_transform_mobile":"","ocean_menu_typo_line_height":0,"ocean_menu_typo_line_height_tablet":0,"ocean_menu_typo_line_height_mobile":0,"ocean_menu_typo_line_height_unit":"","ocean_menu_typo_spacing":0,"ocean_menu_typo_spacing_tablet":0,"ocean_menu_typo_spacing_mobile":0,"ocean_menu_typo_spacing_unit":"","ocean_menu_link_color":"","ocean_menu_link_color_hover":"","ocean_menu_link_color_active":"","ocean_menu_link_background":"","ocean_menu_link_hover_background":"","ocean_menu_link_active_background":"","ocean_menu_social_links_bg":"","ocean_menu_social_hover_links_bg":"","ocean_menu_social_links_color":"","ocean_menu_social_hover_links_color":"","ocean_disable_title":"default","ocean_disable_heading":"default","ocean_post_title":"","ocean_post_subheading":"","ocean_post_title_style":"","ocean_post_title_background_color":"","ocean_post_title_background":0,"ocean_post_title_bg_image_position":"","ocean_post_title_bg_image_attachment":"","ocean_post_title_bg_image_repeat":"","ocean_post_title_bg_image_size":"","ocean_post_title_height":0,"ocean_post_title_bg_overlay":0.5,"ocean_post_title_bg_overlay_color":"","ocean_disable_breadcrumbs":"default","ocean_breadcrumbs_color":"","ocean_breadcrumbs_separator_color":"","ocean_breadcrumbs_links_color":"","ocean_breadcrumbs_links_hover_color":"","ocean_display_footer_widgets":"default","ocean_display_footer_bottom":"default","ocean_custom_footer_template":"","_mc_calendar":[],"footnotes":""},"class_list":["post-39","page","type-page","status-publish","hentry","entry"],"aioseo_notices":[],"_links":{"self":[{"href":"https:\/\/enfantsdumonde.be\/test\/wp-json\/wp\/v2\/pages\/39","targetHints":{"allow":["GET"]}}],"collection":[{"href":"https:\/\/enfantsdumonde.be\/test\/wp-json\/wp\/v2\/pages"}],"about":[{"href":"https:\/\/enfantsdumonde.be\/test\/wp-json\/wp\/v2\/types\/page"}],"author":[{"embeddable":true,"href":"https:\/\/enfantsdumonde.be\/test\/wp-json\/wp\/v2\/users\/5"}],"replies":[{"embeddable":true,"href":"https:\/\/enfantsdumonde.be\/test\/wp-json\/wp\/v2\/comments?post=39"}],"version-history":[{"count":3,"href":"https:\/\/enfantsdumonde.be\/test\/wp-json\/wp\/v2\/pages\/39\/revisions"}],"predecessor-version":[{"id":12397,"href":"https:\/\/enfantsdumonde.be\/test\/wp-json\/wp\/v2\/pages\/39\/revisions\/12397"}],"up":[{"embeddable":true,"href":"https:\/\/enfantsdumonde.be\/test\/wp-json\/wp\/v2\/pages\/19"}],"wp:attachment":[{"href":"https:\/\/enfantsdumonde.be\/test\/wp-json\/wp\/v2\/media?parent=39"}],"curies":[{"name":"wp","href":"https:\/\/api.w.org\/{rel}","templated":true}]}}