{"id":3879,"date":"2021-03-13T18:53:43","date_gmt":"2021-03-13T17:53:43","guid":{"rendered":"https:\/\/enfantsdumonde.be\/test\/\/\/\/\/\/\/\/\/?page_id=3879"},"modified":"2026-02-15T18:13:50","modified_gmt":"2026-02-15T17:13:50","slug":"bourses","status":"publish","type":"page","link":"https:\/\/enfantsdumonde.be\/test\/bourses\/","title":{"rendered":"Bourses d&rsquo;\u00e9tudes &#8211; parrainages"},"content":{"rendered":"\t\t<div data-elementor-type=\"wp-page\" data-elementor-id=\"3879\" class=\"elementor elementor-3879\">\n\t\t\t\t\t\t<section class=\"elementor-section elementor-top-section elementor-element elementor-element-8b09e74 elementor-section-boxed elementor-section-height-default elementor-section-height-default\" data-id=\"8b09e74\" data-element_type=\"section\" data-e-type=\"section\">\n\t\t\t\t\t\t<div class=\"elementor-container elementor-column-gap-default\">\n\t\t\t\t\t<div class=\"elementor-column elementor-col-100 elementor-top-column elementor-element elementor-element-63ab762\" data-id=\"63ab762\" data-element_type=\"column\" data-e-type=\"column\">\n\t\t\t<div class=\"elementor-widget-wrap elementor-element-populated\">\n\t\t\t\t\t\t<div class=\"elementor-element elementor-element-7977398 elementor-widget elementor-widget-image\" data-id=\"7977398\" data-element_type=\"widget\" data-e-type=\"widget\" data-widget_type=\"image.default\">\n\t\t\t\t<div class=\"elementor-widget-container\">\n\t\t\t\t\t\t\t\t\t\t\t\t\t\t\t<img fetchpriority=\"high\" width=\"961\" height=\"360\"  class=\"attachment-large size-large wp-image-3881 lws-optimize-lazyload\" alt=\"\" srcset=\"https:\/\/enfantsdumonde.be\/test\/wp-content\/uploads\/2021\/03\/scolarisations_lwsoptimized.webp 961w, https:\/\/enfantsdumonde.be\/test\/wp-content\/uploads\/2021\/03\/scolarisations_lwsoptimized-300x112.webp 300w, https:\/\/enfantsdumonde.be\/test\/wp-content\/uploads\/2021\/03\/scolarisations_lwsoptimized-768x288.webp 768w\" sizes=\"(max-width: 961px) 100vw, 961px\" \/ data-src=\"https:\/\/enfantsdumonde.be\/test\/wp-content\/uploads\/2021\/03\/scolarisations_lwsoptimized.webp\">\t\t\t\t\t\t\t\t\t\t\t\t\t\t\t<\/div>\n\t\t\t\t<\/div>\n\t\t\t\t\t<\/div>\n\t\t<\/div>\n\t\t\t\t\t<\/div>\n\t\t<\/section>\n\t\t\t\t<section class=\"elementor-section elementor-top-section elementor-element elementor-element-af03817 elementor-section-boxed elementor-section-height-default elementor-section-height-default\" data-id=\"af03817\" data-element_type=\"section\" data-e-type=\"section\">\n\t\t\t\t\t\t<div class=\"elementor-container elementor-column-gap-default\">\n\t\t\t\t\t<div class=\"elementor-column elementor-col-100 elementor-top-column elementor-element elementor-element-5e0bd1c\" data-id=\"5e0bd1c\" data-element_type=\"column\" data-e-type=\"column\">\n\t\t\t<div class=\"elementor-widget-wrap elementor-element-populated\">\n\t\t\t\t\t\t<div class=\"elementor-element elementor-element-6f20de3 elementor-widget elementor-widget-text-editor\" data-id=\"6f20de3\" data-element_type=\"widget\" data-e-type=\"widget\" data-widget_type=\"text-editor.default\">\n\t\t\t\t<div class=\"elementor-widget-container\">\n\t\t\t\t\t\t\t\t\t<p style=\"text-align: center;\"><span style=\"font-size: 24px;\"><strong>Devenez, vous aussi, passeur d&rsquo;avenir !<\/strong><\/span><\/p><p style=\"text-align: center;\"><strong>Un enfant qui va \u00e0 l\u2019\u00e9cole, c\u2019est un enfant qui a un avenir. <br \/><\/strong><strong>Chez Enfants du Monde \u2013 Belgique, une bourse d\u2019\u00e9tude (parrainage) permet, pour 10 \u00e0 15 \u20ac par mois, <br \/>d\u2019assurer \u00e0 un enfant l\u2019acc\u00e8s \u00e0 l\u2019\u00e9cole, aux fournitures, et souvent \u00e0 un repas quotidien.\u00a0<\/strong><\/p><div id=\"ConnectiveDocSignExtentionInstalled\" data-extension-version=\"1.0.4\">\u00a0<\/div>\t\t\t\t\t\t\t\t<\/div>\n\t\t\t\t<\/div>\n\t\t\t\t\t<\/div>\n\t\t<\/div>\n\t\t\t\t\t<\/div>\n\t\t<\/section>\n\t\t\t\t<section class=\"elementor-section elementor-top-section elementor-element elementor-element-e50fc91 elementor-section-boxed elementor-section-height-default elementor-section-height-default\" data-id=\"e50fc91\" data-element_type=\"section\" data-e-type=\"section\">\n\t\t\t\t\t\t<div class=\"elementor-container elementor-column-gap-default\">\n\t\t\t\t\t<div class=\"elementor-column elementor-col-100 elementor-top-column elementor-element elementor-element-902bd54\" data-id=\"902bd54\" data-element_type=\"column\" data-e-type=\"column\">\n\t\t\t<div class=\"elementor-widget-wrap elementor-element-populated\">\n\t\t\t\t\t\t<div class=\"elementor-element elementor-element-902c591 elementor-widget elementor-widget-image\" data-id=\"902c591\" data-element_type=\"widget\" data-e-type=\"widget\" data-widget_type=\"image.default\">\n\t\t\t\t<div class=\"elementor-widget-container\">\n\t\t\t\t\t\t\t\t\t\t\t\t\t\t\t<img width=\"960\" height=\"432\"  class=\"attachment-large size-large wp-image-11965 lws-optimize-lazyload\" alt=\"\" srcset=\"https:\/\/enfantsdumonde.be\/test\/wp-content\/uploads\/2026\/02\/edm-fevrier-1.webp 960w, https:\/\/enfantsdumonde.be\/test\/wp-content\/uploads\/2026\/02\/edm-fevrier-1-300x135.webp 300w, https:\/\/enfantsdumonde.be\/test\/wp-content\/uploads\/2026\/02\/edm-fevrier-1-768x346.webp 768w\" sizes=\"(max-width: 960px) 100vw, 960px\" \/ data-src=\"https:\/\/enfantsdumonde.be\/test\/wp-content\/uploads\/2026\/02\/edm-fevrier-1.webp\">\t\t\t\t\t\t\t\t\t\t\t\t\t\t\t<\/div>\n\t\t\t\t<\/div>\n\t\t\t\t\t<\/div>\n\t\t<\/div>\n\t\t\t\t\t<\/div>\n\t\t<\/section>\n\t\t\t\t<section class=\"elementor-section elementor-top-section elementor-element elementor-element-29d50aa elementor-section-boxed elementor-section-height-default elementor-section-height-default\" data-id=\"29d50aa\" data-element_type=\"section\" data-e-type=\"section\">\n\t\t\t\t\t\t<div class=\"elementor-container elementor-column-gap-default\">\n\t\t\t\t\t<div class=\"elementor-column elementor-col-100 elementor-top-column elementor-element elementor-element-54e298b\" data-id=\"54e298b\" data-element_type=\"column\" data-e-type=\"column\">\n\t\t\t<div class=\"elementor-widget-wrap elementor-element-populated\">\n\t\t\t\t\t\t<div class=\"elementor-element elementor-element-791fb48 elementor-widget elementor-widget-text-editor\" data-id=\"791fb48\" data-element_type=\"widget\" data-e-type=\"widget\" data-widget_type=\"text-editor.default\">\n\t\t\t\t<div class=\"elementor-widget-container\">\n\t\t\t\t\t\t\t\t\t<p style=\"text-align: center;\"><strong><span style=\"font-size: 18pt;\">Un euro re\u00e7u est un euro envoy\u00e9 !<\/span><\/strong><\/p><p style=\"text-align: center;\"><strong>Pas d\u2019interm\u00e9diaires inutiles. Juste du concret.\u00a0<\/strong><\/p><p style=\"text-align: center;\"><strong><span style=\"font-size: 21px;\">Enfants du Monde \u2013 Belgique <\/span><br \/><span style=\"font-size: 21px;\">vient en aide aux enfants les plus d\u00e9favoris\u00e9s des pays en d\u00e9veloppement<\/span><br \/><\/strong><\/p><p style=\"text-align: center;\">Sur le menu sup\u00e9rieur, choississez un continent puis un pays <br \/>et jetez un coup d&rsquo;oeil sur le descriptif de nos diverses maisons (avec leur num\u00e9ro).<\/p><p style=\"text-align: center;\">D\u00e9couvrez la vie des enfants l\u00e0-bas et parrainez un enfant en versant mensuellement de 10 \u00e0 15 euros (selon la maison) <br \/>sur le compte BE09 2600 0890 3457 (BIC = GEBABEBB)<br \/><strong>Enfants du Monde<\/strong>, rue Paradis 90, 4000 Li\u00e8ge,<br \/>Communication\u00a0: bourse d\u2019\u00e9tude + num\u00e9ro de la maison soutenue.<\/p><p style=\"text-align: center;\"><span style=\"font-size: 18pt;\"><strong>D\u00e9ductibilit\u00e9 fiscale \u00e0 partir de \u20ac 40 vers\u00e9s par an.<\/strong><\/span><\/p><div>\u00a0<\/div><div id=\"ConnectiveDocSignExtentionInstalled\" data-extension-version=\"1.0.4\">\u00a0<\/div>\t\t\t\t\t\t\t\t<\/div>\n\t\t\t\t<\/div>\n\t\t\t\t\t<\/div>\n\t\t<\/div>\n\t\t\t\t\t<\/div>\n\t\t<\/section>\n\t\t\t\t<section class=\"elementor-section elementor-top-section elementor-element elementor-element-341dcc5 elementor-section-boxed elementor-section-height-default elementor-section-height-default\" data-id=\"341dcc5\" data-element_type=\"section\" data-e-type=\"section\">\n\t\t\t\t\t\t<div class=\"elementor-container elementor-column-gap-default\">\n\t\t\t\t\t<div class=\"elementor-column elementor-col-50 elementor-top-column elementor-element elementor-element-61a5360\" data-id=\"61a5360\" data-element_type=\"column\" data-e-type=\"column\">\n\t\t\t<div class=\"elementor-widget-wrap elementor-element-populated\">\n\t\t\t\t\t\t<div class=\"elementor-element elementor-element-74f8ddc elementor-widget elementor-widget-image\" data-id=\"74f8ddc\" data-element_type=\"widget\" data-e-type=\"widget\" data-widget_type=\"image.default\">\n\t\t\t\t<div class=\"elementor-widget-container\">\n\t\t\t\t\t\t\t\t\t\t\t\t\t\t\t\t<a href=\"https:\/\/www.donorinfo.be\/fr\" target=\"_blank\">\n\t\t\t\t\t\t\t<img width=\"300\" height=\"147\"  class=\"attachment-medium size-medium wp-image-8590 lws-optimize-lazyload\" alt=\"\" srcset=\"https:\/\/enfantsdumonde.be\/test\/wp-content\/uploads\/2023\/04\/donorinfo-logo_lwsoptimized-300x147.webp 300w, https:\/\/enfantsdumonde.be\/test\/wp-content\/uploads\/2023\/04\/donorinfo-logo_lwsoptimized.webp 472w\" sizes=\"(max-width: 300px) 100vw, 300px\" \/ data-src=\"https:\/\/enfantsdumonde.be\/test\/wp-content\/uploads\/2023\/04\/donorinfo-logo_lwsoptimized-300x147.webp\">\t\t\t\t\t\t\t\t<\/a>\n\t\t\t\t\t\t\t\t\t\t\t\t\t\t\t<\/div>\n\t\t\t\t<\/div>\n\t\t\t\t\t<\/div>\n\t\t<\/div>\n\t\t\t\t<div class=\"elementor-column elementor-col-50 elementor-top-column elementor-element elementor-element-d997c2f\" data-id=\"d997c2f\" data-element_type=\"column\" data-e-type=\"column\">\n\t\t\t<div class=\"elementor-widget-wrap elementor-element-populated\">\n\t\t\t\t\t\t<div class=\"elementor-element elementor-element-e314996 elementor-widget elementor-widget-text-editor\" data-id=\"e314996\" data-element_type=\"widget\" data-e-type=\"widget\" data-widget_type=\"text-editor.default\">\n\t\t\t\t<div class=\"elementor-widget-container\">\n\t\t\t\t\t\t\t\t\t<p>\u00a0<\/p><p>Nos comptes contr\u00f4l\u00e9s sont publi\u00e9s en toute transparence sur Donorinfo.<\/p><div id=\"ConnectiveDocSignExtentionInstalled\" data-extension-version=\"1.0.4\">\u00a0<\/div>\t\t\t\t\t\t\t\t<\/div>\n\t\t\t\t<\/div>\n\t\t\t\t\t<\/div>\n\t\t<\/div>\n\t\t\t\t\t<\/div>\n\t\t<\/section>\n\t\t\t\t<\/div>\n\t\t","protected":false},"excerpt":{"rendered":"<p>Devenez, vous aussi, passeur d&rsquo;avenir ! Un enfant qui va \u00e0 l\u2019\u00e9cole, c\u2019est un enfant qui a un avenir. Chez Enfants du Monde \u2013 Belgique, une bourse d\u2019\u00e9tude (parrainage) permet, pour 10 \u00e0 15 \u20ac par mois, d\u2019assurer \u00e0 un enfant l\u2019acc\u00e8s \u00e0 l\u2019\u00e9cole, aux fournitures, et souvent \u00e0 un repas quotidien.\u00a0 \u00a0 Un euro [&hellip;]<\/p>\n","protected":false},"author":5,"featured_media":0,"parent":0,"menu_order":0,"comment_status":"closed","ping_status":"closed","template":"","meta":{"ocean_post_layout":"","ocean_both_sidebars_style":"","ocean_both_sidebars_content_width":0,"ocean_both_sidebars_sidebars_width":0,"ocean_sidebar":"","ocean_second_sidebar":"","ocean_disable_margins":"enable","ocean_add_body_class":"","ocean_shortcode_before_top_bar":"","ocean_shortcode_after_top_bar":"","ocean_shortcode_before_header":"","ocean_shortcode_after_header":"","ocean_has_shortcode":"","ocean_shortcode_after_title":"","ocean_shortcode_before_footer_widgets":"","ocean_shortcode_after_footer_widgets":"","ocean_shortcode_before_footer_bottom":"","ocean_shortcode_after_footer_bottom":"","ocean_display_top_bar":"default","ocean_display_header":"default","ocean_header_style":"","ocean_center_header_left_menu":"","ocean_custom_header_template":"","ocean_custom_logo":0,"ocean_custom_retina_logo":0,"ocean_custom_logo_max_width":0,"ocean_custom_logo_tablet_max_width":0,"ocean_custom_logo_mobile_max_width":0,"ocean_custom_logo_max_height":0,"ocean_custom_logo_tablet_max_height":0,"ocean_custom_logo_mobile_max_height":0,"ocean_header_custom_menu":"","ocean_menu_typo_font_family":"","ocean_menu_typo_font_subset":"","ocean_menu_typo_font_size":0,"ocean_menu_typo_font_size_tablet":0,"ocean_menu_typo_font_size_mobile":0,"ocean_menu_typo_font_size_unit":"px","ocean_menu_typo_font_weight":"","ocean_menu_typo_font_weight_tablet":"","ocean_menu_typo_font_weight_mobile":"","ocean_menu_typo_transform":"","ocean_menu_typo_transform_tablet":"","ocean_menu_typo_transform_mobile":"","ocean_menu_typo_line_height":0,"ocean_menu_typo_line_height_tablet":0,"ocean_menu_typo_line_height_mobile":0,"ocean_menu_typo_line_height_unit":"","ocean_menu_typo_spacing":0,"ocean_menu_typo_spacing_tablet":0,"ocean_menu_typo_spacing_mobile":0,"ocean_menu_typo_spacing_unit":"","ocean_menu_link_color":"","ocean_menu_link_color_hover":"","ocean_menu_link_color_active":"","ocean_menu_link_background":"","ocean_menu_link_hover_background":"","ocean_menu_link_active_background":"","ocean_menu_social_links_bg":"","ocean_menu_social_hover_links_bg":"","ocean_menu_social_links_color":"","ocean_menu_social_hover_links_color":"","ocean_disable_title":"default","ocean_disable_heading":"default","ocean_post_title":"","ocean_post_subheading":"","ocean_post_title_style":"","ocean_post_title_background_color":"","ocean_post_title_background":0,"ocean_post_title_bg_image_position":"","ocean_post_title_bg_image_attachment":"","ocean_post_title_bg_image_repeat":"","ocean_post_title_bg_image_size":"","ocean_post_title_height":0,"ocean_post_title_bg_overlay":0.5,"ocean_post_title_bg_overlay_color":"","ocean_disable_breadcrumbs":"default","ocean_breadcrumbs_color":"","ocean_breadcrumbs_separator_color":"","ocean_breadcrumbs_links_color":"","ocean_breadcrumbs_links_hover_color":"","ocean_display_footer_widgets":"default","ocean_display_footer_bottom":"default","ocean_custom_footer_template":"","_mc_calendar":[],"footnotes":""},"class_list":["post-3879","page","type-page","status-publish","hentry","entry"],"aioseo_notices":[],"_links":{"self":[{"href":"https:\/\/enfantsdumonde.be\/test\/wp-json\/wp\/v2\/pages\/3879","targetHints":{"allow":["GET"]}}],"collection":[{"href":"https:\/\/enfantsdumonde.be\/test\/wp-json\/wp\/v2\/pages"}],"about":[{"href":"https:\/\/enfantsdumonde.be\/test\/wp-json\/wp\/v2\/types\/page"}],"author":[{"embeddable":true,"href":"https:\/\/enfantsdumonde.be\/test\/wp-json\/wp\/v2\/users\/5"}],"replies":[{"embeddable":true,"href":"https:\/\/enfantsdumonde.be\/test\/wp-json\/wp\/v2\/comments?post=3879"}],"version-history":[{"count":5,"href":"https:\/\/enfantsdumonde.be\/test\/wp-json\/wp\/v2\/pages\/3879\/revisions"}],"predecessor-version":[{"id":12160,"href":"https:\/\/enfantsdumonde.be\/test\/wp-json\/wp\/v2\/pages\/3879\/revisions\/12160"}],"wp:attachment":[{"href":"https:\/\/enfantsdumonde.be\/test\/wp-json\/wp\/v2\/media?parent=3879"}],"curies":[{"name":"wp","href":"https:\/\/api.w.org\/{rel}","templated":true}]}}