{"id":3586,"date":"2021-03-12T19:18:11","date_gmt":"2021-03-12T18:18:11","guid":{"rendered":"https:\/\/enfantsdumonde.be\/test\/\/\/\/\/\/\/\/\/?page_id=3586"},"modified":"2026-03-28T18:48:42","modified_gmt":"2026-03-28T17:48:42","slug":"inde","status":"publish","type":"page","link":"https:\/\/enfantsdumonde.be\/test\/asie\/inde\/","title":{"rendered":"Inde"},"content":{"rendered":"\t\t<div data-elementor-type=\"wp-page\" data-elementor-id=\"3586\" class=\"elementor elementor-3586\">\n\t\t\t\t\t\t<section class=\"elementor-section elementor-top-section elementor-element elementor-element-940ca07 elementor-section-boxed elementor-section-height-default elementor-section-height-default\" data-id=\"940ca07\" data-element_type=\"section\" data-e-type=\"section\">\n\t\t\t\t\t\t<div class=\"elementor-container elementor-column-gap-default\">\n\t\t\t\t\t<div class=\"elementor-column elementor-col-100 elementor-top-column elementor-element elementor-element-7f56a94\" data-id=\"7f56a94\" data-element_type=\"column\" data-e-type=\"column\">\n\t\t\t<div class=\"elementor-widget-wrap elementor-element-populated\">\n\t\t\t\t\t\t<div class=\"elementor-element elementor-element-a97e193 elementor-widget elementor-widget-image\" data-id=\"a97e193\" data-element_type=\"widget\" data-e-type=\"widget\" data-widget_type=\"image.default\">\n\t\t\t\t<div class=\"elementor-widget-container\">\n\t\t\t\t\t\t\t\t\t\t\t\t\t\t\t<img width=\"110\" height=\"73\"  class=\"attachment-large size-large wp-image-3594 lws-optimize-lazyload\" alt=\"\" \/ data-src=\"https:\/\/enfantsdumonde.be\/test\/wp-content\/uploads\/2021\/03\/India-flag.svg_lwsoptimized.webp\">\t\t\t\t\t\t\t\t\t\t\t\t\t\t\t<\/div>\n\t\t\t\t<\/div>\n\t\t\t\t<div class=\"elementor-element elementor-element-f903998 elementor-widget elementor-widget-image\" data-id=\"f903998\" data-element_type=\"widget\" data-e-type=\"widget\" data-widget_type=\"image.default\">\n\t\t\t\t<div class=\"elementor-widget-container\">\n\t\t\t\t\t\t\t\t\t\t\t\t<figure class=\"wp-caption\">\n\t\t\t\t\t\t\t\t\t\t<img fetchpriority=\"high\" width=\"514\" height=\"600\"  class=\"attachment-full size-full wp-image-5008 lws-optimize-lazyload\" alt=\"\" srcset=\"https:\/\/enfantsdumonde.be\/test\/wp-content\/uploads\/2021\/03\/Inde-Map-CC_lwsoptimized.webp 514w, https:\/\/enfantsdumonde.be\/test\/wp-content\/uploads\/2021\/03\/Inde-Map-CC_lwsoptimized-257x300.webp 257w\" sizes=\"(max-width: 514px) 100vw, 514px\" \/ data-src=\"https:\/\/enfantsdumonde.be\/test\/wp-content\/uploads\/2021\/03\/Inde-Map-CC_lwsoptimized.webp\">\t\t\t\t\t\t\t\t\t\t\t<figcaption class=\"widget-image-caption wp-caption-text\">\u00a9 Creative Commons Attribution-Share Alike 3.0<\/figcaption>\n\t\t\t\t\t\t\t\t\t\t<\/figure>\n\t\t\t\t\t\t\t\t\t<\/div>\n\t\t\t\t<\/div>\n\t\t\t\t\t<\/div>\n\t\t<\/div>\n\t\t\t\t\t<\/div>\n\t\t<\/section>\n\t\t\t\t<section class=\"elementor-section elementor-top-section elementor-element elementor-element-4281efb elementor-section-boxed elementor-section-height-default elementor-section-height-default\" data-id=\"4281efb\" data-element_type=\"section\" data-e-type=\"section\">\n\t\t\t\t\t\t<div class=\"elementor-container elementor-column-gap-default\">\n\t\t\t\t\t<div class=\"elementor-column elementor-col-100 elementor-top-column elementor-element elementor-element-a9aa777\" data-id=\"a9aa777\" data-element_type=\"column\" data-e-type=\"column\">\n\t\t\t<div class=\"elementor-widget-wrap elementor-element-populated\">\n\t\t\t\t\t\t<div class=\"elementor-element elementor-element-5eef947 elementor-widget elementor-widget-text-editor\" data-id=\"5eef947\" data-element_type=\"widget\" data-e-type=\"widget\" data-widget_type=\"text-editor.default\">\n\t\t\t\t<div class=\"elementor-widget-container\">\n\t\t\t\t\t\t\t\t\t<p>L&rsquo;<b>Inde<\/b>\u00a0 est un pays d&rsquo;Asie du Sud qui occupe la majeure partie du sous-continent indien. Sa capitale est New Delhi. L&rsquo;Inde est le deuxi\u00e8me pays le plus peupl\u00e9 et le septi\u00e8me pays le plus grand du monde. Le littoral indien s&rsquo;\u00e9tend sur plus de sept mille kilom\u00e8tres.\u00a0<\/p><p>Le sous-continent indien a abrit\u00e9 de vastes empires et est pr\u00e9sent sur les routes commerciales d\u00e8s l&rsquo;Antiquit\u00e9. L&rsquo;Inde est la terre de naissance de quatre religions majeures \u2014\u00a0l&rsquo;hindouisme, le ja\u00efnisme, le bouddhisme et le sikhisme\u00a0\u2014 alors que le zoroastrisme, le christianisme et l&rsquo;islam s&rsquo;y sont implant\u00e9s durant le <abbr class=\"abbr\" title=\"premier\">I<sup>er<\/sup><\/abbr> mill\u00e9naire. L&rsquo;hindouisme y est la religion majoritaire avec environ 80\u00a0% de fid\u00e8les. L&rsquo;Inde est aujourd&rsquo;hui un pays tr\u00e8s divers sur le plan religieux, linguistique et culturel.<\/p><p>En 2017, l&rsquo;\u00e9conomie indienne est la septi\u00e8me du monde en PIB nominal et la troisi\u00e8me en PIB \u00e0 parit\u00e9 de pouvoir d&rsquo;achat. L&rsquo;Inde, pays \u00e0 forte croissance \u00e9conomique, est consid\u00e9r\u00e9 comme un nouveau pays industrialis\u00e9. Cependant certains probl\u00e8mes comme la pauvret\u00e9, l&rsquo;analphab\u00e9tisme ou la corruption restent tr\u00e8s importants. Les in\u00e9galit\u00e9s de revenus sont en augmentation.<\/p><p><a href=\"https:\/\/fr.wikipedia.org\/wiki\/Inde\" target=\"_blank\" rel=\"noopener\">https:\/\/fr.wikipedia.org\/wiki\/Inde<\/a><\/p>\t\t\t\t\t\t\t\t<\/div>\n\t\t\t\t<\/div>\n\t\t\t\t\t<\/div>\n\t\t<\/div>\n\t\t\t\t\t<\/div>\n\t\t<\/section>\n\t\t\t\t<section class=\"elementor-section elementor-top-section elementor-element elementor-element-779c763 elementor-section-boxed elementor-section-height-default elementor-section-height-default\" data-id=\"779c763\" data-element_type=\"section\" data-e-type=\"section\">\n\t\t\t\t\t\t<div class=\"elementor-container elementor-column-gap-default\">\n\t\t\t\t\t<div class=\"elementor-column elementor-col-100 elementor-top-column elementor-element elementor-element-af09041\" data-id=\"af09041\" data-element_type=\"column\" data-e-type=\"column\">\n\t\t\t<div class=\"elementor-widget-wrap elementor-element-populated\">\n\t\t\t\t\t\t<div class=\"elementor-element elementor-element-c247b8b elementor-widget elementor-widget-text-editor\" data-id=\"c247b8b\" data-element_type=\"widget\" data-e-type=\"widget\" data-widget_type=\"text-editor.default\">\n\t\t\t\t<div class=\"elementor-widget-container\">\n\t\t\t\t\t\t\t\t\t<p>En savoir plus sur l&rsquo;<strong>\u00e9ducation en Inde<\/strong><br \/><a href=\"https:\/\/www.enfantsdumonde.be\/education-inde\/\" target=\"_blank\" rel=\"noopener\">https:\/\/www.enfantsdumonde.be\/education-inde\/<\/a><\/p><div id=\"ConnectiveDocSignExtentionInstalled\" data-extension-version=\"1.0.4\">\u00a0<\/div>\t\t\t\t\t\t\t\t<\/div>\n\t\t\t\t<\/div>\n\t\t\t\t\t<\/div>\n\t\t<\/div>\n\t\t\t\t\t<\/div>\n\t\t<\/section>\n\t\t\t\t<section class=\"elementor-section elementor-top-section elementor-element elementor-element-d06063f elementor-section-boxed elementor-section-height-default elementor-section-height-default\" data-id=\"d06063f\" data-element_type=\"section\" data-e-type=\"section\">\n\t\t\t\t\t\t<div class=\"elementor-container elementor-column-gap-default\">\n\t\t\t\t\t<div class=\"elementor-column elementor-col-100 elementor-top-column elementor-element elementor-element-14c73dd\" data-id=\"14c73dd\" data-element_type=\"column\" data-e-type=\"column\">\n\t\t\t<div class=\"elementor-widget-wrap elementor-element-populated\">\n\t\t\t\t\t\t<div class=\"elementor-element elementor-element-447d57f elementor-widget elementor-widget-heading\" data-id=\"447d57f\" data-element_type=\"widget\" data-e-type=\"widget\" data-widget_type=\"heading.default\">\n\t\t\t\t<div class=\"elementor-widget-container\">\n\t\t\t\t\t<h2 class=\"elementor-heading-title elementor-size-default\">Nos maisons<\/h2>\t\t\t\t<\/div>\n\t\t\t\t<\/div>\n\t\t\t\t\t<\/div>\n\t\t<\/div>\n\t\t\t\t\t<\/div>\n\t\t<\/section>\n\t\t\t\t<section class=\"elementor-section elementor-top-section elementor-element elementor-element-34ad79c elementor-section-boxed elementor-section-height-default elementor-section-height-default\" data-id=\"34ad79c\" data-element_type=\"section\" data-e-type=\"section\">\n\t\t\t\t\t\t<div class=\"elementor-container elementor-column-gap-default\">\n\t\t\t\t\t<div class=\"elementor-column elementor-col-100 elementor-top-column elementor-element elementor-element-7fb3ad4\" data-id=\"7fb3ad4\" data-element_type=\"column\" data-e-type=\"column\">\n\t\t\t<div class=\"elementor-widget-wrap elementor-element-populated\">\n\t\t\t\t\t\t<div class=\"elementor-element elementor-element-64c9799 elementor-widget elementor-widget-text-editor\" data-id=\"64c9799\" data-element_type=\"widget\" data-e-type=\"widget\" data-widget_type=\"text-editor.default\">\n\t\t\t\t<div class=\"elementor-widget-container\">\n\t\t\t\t\t\t\t\t\t<p><a href=\"https:\/\/www.enfantsdumonde.be\/210-pache-trust\/\" target=\"_blank\" rel=\"noopener\">210 &#8211; Pache Trust<\/a>\u00a0\u00a0\u00a0Madurai<br \/><a href=\"https:\/\/www.enfantsdumonde.be\/215-holy-angel\/\" target=\"_blank\" rel=\"noopener\">215 &#8211; Holy Angel<\/a>\u00a0 Kumbakonam<br \/><a href=\"https:\/\/www.enfantsdumonde.be\/asie\/inde\/216-theresa-college\/\" target=\"_blank\" rel=\"noopener\">216 &#8211; St Theresa College<\/a>\u00a0\u00a0\u00a0Tranquebar<br \/><a href=\"https:\/\/www.enfantsdumonde.be\/238-kimpton\/\" target=\"_blank\" rel=\"noopener\">238 \u2013 Brother James Kimpton \u00a0 <\/a>Dindigul\u00a0<br \/><a href=\"https:\/\/www.enfantsdumonde.be\/256-pope\/\" target=\"_blank\" rel=\"noopener\">256 &#8211; POPE<\/a> \u00a0\u00a0Rosario : Tiruvanamalai<br \/><a href=\"https:\/\/www.enfantsdumonde.be\/401-phebs\/\" target=\"_blank\" rel=\"noopener\">401 &#8211; Pondicherry Higher Education<\/a>\u00a0 \u00a0(PHEBS) Pondicherry<br \/><a href=\"https:\/\/www.enfantsdumonde.be\/510-jegan\/\">510 &#8211; Danan Chezhian Trust <\/a>(Jegan) Tiruchy, Pondicherry<br \/><a href=\"https:\/\/www.enfantsdumonde.be\/710-tcv\/\" target=\"_blank\" rel=\"noopener\">710 &#8211; Tibetan Children&rsquo;s Villages<\/a>\u00a0\u00a0\u00a0Bylakuppe<\/p><div id=\"ConnectiveDocSignExtentionInstalled\" data-extension-version=\"1.0.4\">\u00a0<\/div>\t\t\t\t\t\t\t\t<\/div>\n\t\t\t\t<\/div>\n\t\t\t\t\t<\/div>\n\t\t<\/div>\n\t\t\t\t\t<\/div>\n\t\t<\/section>\n\t\t\t\t<\/div>\n\t\t","protected":false},"excerpt":{"rendered":"<p>\u00a9 Creative Commons Attribution-Share Alike 3.0 L&rsquo;Inde\u00a0 est un pays d&rsquo;Asie du Sud qui occupe la majeure partie du sous-continent indien. Sa capitale est New Delhi. L&rsquo;Inde est le deuxi\u00e8me pays le plus peupl\u00e9 et le septi\u00e8me pays le plus grand du monde. Le littoral indien s&rsquo;\u00e9tend sur plus de sept mille kilom\u00e8tres.\u00a0 Le sous-continent [&hellip;]<\/p>\n","protected":false},"author":5,"featured_media":0,"parent":17,"menu_order":0,"comment_status":"closed","ping_status":"closed","template":"","meta":{"ocean_post_layout":"","ocean_both_sidebars_style":"","ocean_both_sidebars_content_width":0,"ocean_both_sidebars_sidebars_width":0,"ocean_sidebar":"","ocean_second_sidebar":"","ocean_disable_margins":"enable","ocean_add_body_class":"","ocean_shortcode_before_top_bar":"","ocean_shortcode_after_top_bar":"","ocean_shortcode_before_header":"","ocean_shortcode_after_header":"","ocean_has_shortcode":"","ocean_shortcode_after_title":"","ocean_shortcode_before_footer_widgets":"","ocean_shortcode_after_footer_widgets":"","ocean_shortcode_before_footer_bottom":"","ocean_shortcode_after_footer_bottom":"","ocean_display_top_bar":"default","ocean_display_header":"default","ocean_header_style":"","ocean_center_header_left_menu":"","ocean_custom_header_template":"","ocean_custom_logo":0,"ocean_custom_retina_logo":0,"ocean_custom_logo_max_width":0,"ocean_custom_logo_tablet_max_width":0,"ocean_custom_logo_mobile_max_width":0,"ocean_custom_logo_max_height":0,"ocean_custom_logo_tablet_max_height":0,"ocean_custom_logo_mobile_max_height":0,"ocean_header_custom_menu":"","ocean_menu_typo_font_family":"","ocean_menu_typo_font_subset":"","ocean_menu_typo_font_size":0,"ocean_menu_typo_font_size_tablet":0,"ocean_menu_typo_font_size_mobile":0,"ocean_menu_typo_font_size_unit":"px","ocean_menu_typo_font_weight":"","ocean_menu_typo_font_weight_tablet":"","ocean_menu_typo_font_weight_mobile":"","ocean_menu_typo_transform":"","ocean_menu_typo_transform_tablet":"","ocean_menu_typo_transform_mobile":"","ocean_menu_typo_line_height":0,"ocean_menu_typo_line_height_tablet":0,"ocean_menu_typo_line_height_mobile":0,"ocean_menu_typo_line_height_unit":"","ocean_menu_typo_spacing":0,"ocean_menu_typo_spacing_tablet":0,"ocean_menu_typo_spacing_mobile":0,"ocean_menu_typo_spacing_unit":"","ocean_menu_link_color":"","ocean_menu_link_color_hover":"","ocean_menu_link_color_active":"","ocean_menu_link_background":"","ocean_menu_link_hover_background":"","ocean_menu_link_active_background":"","ocean_menu_social_links_bg":"","ocean_menu_social_hover_links_bg":"","ocean_menu_social_links_color":"","ocean_menu_social_hover_links_color":"","ocean_disable_title":"default","ocean_disable_heading":"default","ocean_post_title":"","ocean_post_subheading":"","ocean_post_title_style":"","ocean_post_title_background_color":"","ocean_post_title_background":0,"ocean_post_title_bg_image_position":"","ocean_post_title_bg_image_attachment":"","ocean_post_title_bg_image_repeat":"","ocean_post_title_bg_image_size":"","ocean_post_title_height":0,"ocean_post_title_bg_overlay":0.5,"ocean_post_title_bg_overlay_color":"","ocean_disable_breadcrumbs":"default","ocean_breadcrumbs_color":"","ocean_breadcrumbs_separator_color":"","ocean_breadcrumbs_links_color":"","ocean_breadcrumbs_links_hover_color":"","ocean_display_footer_widgets":"default","ocean_display_footer_bottom":"default","ocean_custom_footer_template":"","_mc_calendar":[],"footnotes":""},"class_list":["post-3586","page","type-page","status-publish","hentry","entry"],"aioseo_notices":[],"_links":{"self":[{"href":"https:\/\/enfantsdumonde.be\/test\/wp-json\/wp\/v2\/pages\/3586","targetHints":{"allow":["GET"]}}],"collection":[{"href":"https:\/\/enfantsdumonde.be\/test\/wp-json\/wp\/v2\/pages"}],"about":[{"href":"https:\/\/enfantsdumonde.be\/test\/wp-json\/wp\/v2\/types\/page"}],"author":[{"embeddable":true,"href":"https:\/\/enfantsdumonde.be\/test\/wp-json\/wp\/v2\/users\/5"}],"replies":[{"embeddable":true,"href":"https:\/\/enfantsdumonde.be\/test\/wp-json\/wp\/v2\/comments?post=3586"}],"version-history":[{"count":5,"href":"https:\/\/enfantsdumonde.be\/test\/wp-json\/wp\/v2\/pages\/3586\/revisions"}],"predecessor-version":[{"id":13098,"href":"https:\/\/enfantsdumonde.be\/test\/wp-json\/wp\/v2\/pages\/3586\/revisions\/13098"}],"up":[{"embeddable":true,"href":"https:\/\/enfantsdumonde.be\/test\/wp-json\/wp\/v2\/pages\/17"}],"wp:attachment":[{"href":"https:\/\/enfantsdumonde.be\/test\/wp-json\/wp\/v2\/media?parent=3586"}],"curies":[{"name":"wp","href":"https:\/\/api.w.org\/{rel}","templated":true}]}}