{"id":3536,"date":"2021-03-12T18:27:09","date_gmt":"2021-03-12T17:27:09","guid":{"rendered":"https:\/\/enfantsdumonde.be\/test\/\/\/\/\/\/\/\/\/?page_id=3536"},"modified":"2026-02-18T17:31:42","modified_gmt":"2026-02-18T16:31:42","slug":"215-holy-angel","status":"publish","type":"page","link":"https:\/\/enfantsdumonde.be\/test\/asie\/inde\/215-holy-angel\/","title":{"rendered":"215 &#8211; Holy Angel"},"content":{"rendered":"\t\t<div data-elementor-type=\"wp-page\" data-elementor-id=\"3536\" class=\"elementor elementor-3536\">\n\t\t\t\t\t\t<section class=\"elementor-section elementor-top-section elementor-element elementor-element-b145367 elementor-section-boxed elementor-section-height-default elementor-section-height-default\" data-id=\"b145367\" data-element_type=\"section\" data-e-type=\"section\">\n\t\t\t\t\t\t<div class=\"elementor-container elementor-column-gap-default\">\n\t\t\t\t\t<div class=\"elementor-column elementor-col-100 elementor-top-column elementor-element elementor-element-ccdbc82\" data-id=\"ccdbc82\" data-element_type=\"column\" data-e-type=\"column\">\n\t\t\t<div class=\"elementor-widget-wrap elementor-element-populated\">\n\t\t\t\t\t\t<div class=\"elementor-element elementor-element-5aab5ea elementor-widget elementor-widget-image\" data-id=\"5aab5ea\" data-element_type=\"widget\" data-e-type=\"widget\" data-widget_type=\"image.default\">\n\t\t\t\t<div class=\"elementor-widget-container\">\n\t\t\t\t\t\t\t\t\t\t\t\t\t\t\t<img fetchpriority=\"high\" width=\"650\" height=\"487\"  class=\"attachment-large size-large wp-image-11022 lws-optimize-lazyload\" alt=\"\" srcset=\"https:\/\/enfantsdumonde.be\/test\/wp-content\/uploads\/2025\/09\/communaute-2025_lwsoptimized.webp 650w, https:\/\/enfantsdumonde.be\/test\/wp-content\/uploads\/2025\/09\/communaute-2025_lwsoptimized-300x225.webp 300w\" sizes=\"(max-width: 650px) 100vw, 650px\" \/ data-src=\"https:\/\/enfantsdumonde.be\/test\/wp-content\/uploads\/2025\/09\/communaute-2025_lwsoptimized.webp\">\t\t\t\t\t\t\t\t\t\t\t\t\t\t\t<\/div>\n\t\t\t\t<\/div>\n\t\t\t\t\t<\/div>\n\t\t<\/div>\n\t\t\t\t\t<\/div>\n\t\t<\/section>\n\t\t\t\t<section class=\"elementor-section elementor-top-section elementor-element elementor-element-c57954b elementor-section-boxed elementor-section-height-default elementor-section-height-default\" data-id=\"c57954b\" data-element_type=\"section\" data-e-type=\"section\">\n\t\t\t\t\t\t<div class=\"elementor-container elementor-column-gap-default\">\n\t\t\t\t\t<div class=\"elementor-column elementor-col-100 elementor-top-column elementor-element elementor-element-5b8093d\" data-id=\"5b8093d\" data-element_type=\"column\" data-e-type=\"column\">\n\t\t\t<div class=\"elementor-widget-wrap elementor-element-populated\">\n\t\t\t\t\t\t<div class=\"elementor-element elementor-element-b157b0a elementor-widget elementor-widget-heading\" data-id=\"b157b0a\" data-element_type=\"widget\" data-e-type=\"widget\" data-widget_type=\"heading.default\">\n\t\t\t\t<div class=\"elementor-widget-container\">\n\t\t\t\t\t<h1 class=\"elementor-heading-title elementor-size-default\">Holy Angel - Kumbakonam (Inde du sud)<\/h1>\t\t\t\t<\/div>\n\t\t\t\t<\/div>\n\t\t\t\t\t<\/div>\n\t\t<\/div>\n\t\t\t\t\t<\/div>\n\t\t<\/section>\n\t\t\t\t<section class=\"elementor-section elementor-top-section elementor-element elementor-element-b87066f elementor-section-boxed elementor-section-height-default elementor-section-height-default\" data-id=\"b87066f\" data-element_type=\"section\" data-e-type=\"section\">\n\t\t\t\t\t\t<div class=\"elementor-container elementor-column-gap-default\">\n\t\t\t\t\t<div class=\"elementor-column elementor-col-100 elementor-top-column elementor-element elementor-element-344068c4\" data-id=\"344068c4\" data-element_type=\"column\" data-e-type=\"column\">\n\t\t\t<div class=\"elementor-widget-wrap elementor-element-populated\">\n\t\t\t\t\t\t<div class=\"elementor-element elementor-element-720ba930 elementor-widget elementor-widget-text-editor\" data-id=\"720ba930\" data-element_type=\"widget\" data-e-type=\"widget\" data-widget_type=\"text-editor.default\">\n\t\t\t\t<div class=\"elementor-widget-container\">\n\t\t\t\t\t\t\t\t\t<div class=\"projet\"><div class=\"textepage pays\"><p>Le Holy Angel est un couvent tenu par des religieuses sal\u00e9siennes. Cr\u00e9\u00e9 d\u00e9but 1900, premier couvent du Tamil Nadu, le Holy Angel \u00e9tait un dispensaire, un orphelinat et une \u00e9cole. Les s\u0153urs s\u2019y occupaient des personnes \u00e2g\u00e9es indigentes et des orphelins qui vivaient autour du couvent.<\/p><p>Le nombre d\u2019orphelins n\u2019a cess\u00e9 d\u2019augmenter. Une fois grands, ils \u00e9taient envoy\u00e9s \u00e0 l\u2019ext\u00e9rieur pour poursuivre leurs \u00e9tudes sup\u00e9rieures ou encore pour apprendre les travaux manuels s\u2019ils ne pouvaient poursuivre d\u2019\u00e9tudes sup\u00e9rieures. Pour les filles, c\u2019\u00e9tait tissage, dactylographie et broderie \u00e0 l\u2019\u00e9cole industrielle cr\u00e9\u00e9e par les religieuses en 1945. Elles ont ensuite cr\u00e9\u00e9 un institut technique, toujours existant.<\/p><\/div><\/div><div id=\"ConnectiveDocSignExtentionInstalled\" data-extension-version=\"1.0.4\">\u00a0<\/div>\t\t\t\t\t\t\t\t<\/div>\n\t\t\t\t<\/div>\n\t\t\t\t\t<\/div>\n\t\t<\/div>\n\t\t\t\t\t<\/div>\n\t\t<\/section>\n\t\t\t\t<section class=\"elementor-section elementor-top-section elementor-element elementor-element-a85559f elementor-section-boxed elementor-section-height-default elementor-section-height-default\" data-id=\"a85559f\" data-element_type=\"section\" data-e-type=\"section\">\n\t\t\t\t\t\t<div class=\"elementor-container elementor-column-gap-default\">\n\t\t\t\t\t<div class=\"elementor-column elementor-col-100 elementor-top-column elementor-element elementor-element-ea612a8\" data-id=\"ea612a8\" data-element_type=\"column\" data-e-type=\"column\">\n\t\t\t<div class=\"elementor-widget-wrap elementor-element-populated\">\n\t\t\t\t\t\t<div class=\"elementor-element elementor-element-909ac62 elementor-widget elementor-widget-image\" data-id=\"909ac62\" data-element_type=\"widget\" data-e-type=\"widget\" data-widget_type=\"image.default\">\n\t\t\t\t<div class=\"elementor-widget-container\">\n\t\t\t\t\t\t\t\t\t\t\t\t\t\t\t<img width=\"1024\" height=\"577\"  class=\"attachment-large size-large wp-image-9813 lws-optimize-lazyload\" alt=\"\" srcset=\"https:\/\/enfantsdumonde.be\/test\/wp-content\/uploads\/2024\/08\/215-fete-Amalajose_lwsoptimized.webp 1024w, https:\/\/enfantsdumonde.be\/test\/wp-content\/uploads\/2024\/08\/215-fete-Amalajose_lwsoptimized-300x169.webp 300w, https:\/\/enfantsdumonde.be\/test\/wp-content\/uploads\/2024\/08\/215-fete-Amalajose_lwsoptimized-768x433.webp 768w, https:\/\/enfantsdumonde.be\/test\/wp-content\/uploads\/2024\/08\/215-fete-Amalajose_lwsoptimized-800x450.webp 800w\" sizes=\"(max-width: 1024px) 100vw, 1024px\" \/ data-src=\"https:\/\/enfantsdumonde.be\/test\/wp-content\/uploads\/2024\/08\/215-fete-Amalajose_lwsoptimized.webp\">\t\t\t\t\t\t\t\t\t\t\t\t\t\t\t<\/div>\n\t\t\t\t<\/div>\n\t\t\t\t\t<\/div>\n\t\t<\/div>\n\t\t\t\t\t<\/div>\n\t\t<\/section>\n\t\t\t\t<section class=\"elementor-section elementor-top-section elementor-element elementor-element-14b4cb2 elementor-section-boxed elementor-section-height-default elementor-section-height-default\" data-id=\"14b4cb2\" data-element_type=\"section\" data-e-type=\"section\">\n\t\t\t\t\t\t<div class=\"elementor-container elementor-column-gap-default\">\n\t\t\t\t\t<div class=\"elementor-column elementor-col-100 elementor-top-column elementor-element elementor-element-63f0be7\" data-id=\"63f0be7\" data-element_type=\"column\" data-e-type=\"column\">\n\t\t\t<div class=\"elementor-widget-wrap elementor-element-populated\">\n\t\t\t\t\t\t<div class=\"elementor-element elementor-element-43b416a elementor-widget elementor-widget-text-editor\" data-id=\"43b416a\" data-element_type=\"widget\" data-e-type=\"widget\" data-widget_type=\"text-editor.default\">\n\t\t\t\t<div class=\"elementor-widget-container\">\n\t\t\t\t\t\t\t\t\t<p>Le couvent compte un dispensaire, une maison pour personnes \u00e2g\u00e9es, un orphelinat (aujourd\u2019hui, il n\u2019y a plus d\u2019enfants \u00e0 l\u2019orphelinat), un internat pour les filles de l\u2019\u00e9cole technique et des b\u00e2timents s\u00e9par\u00e9s pour loger les femmes qui travaillent.<\/p><p>L\u2019aide ext\u00e9rieure s\u2019est arr\u00eat\u00e9e. Le gouvernement a tout pris en charge.<\/p><p>Depuis le d\u00e9c\u00e8s de S\u0153ur Marie No\u00ebl, il n\u2019y a plus de s\u0153urs fran\u00e7aises. Elles sont aujourd\u2019hui 15 religieuses indiennes \u00e0 tenir la maison.<\/p><div id=\"ConnectiveDocSignExtentionInstalled\" data-extension-version=\"1.0.4\">\u00a0<\/div>\t\t\t\t\t\t\t\t<\/div>\n\t\t\t\t<\/div>\n\t\t\t\t\t<\/div>\n\t\t<\/div>\n\t\t\t\t\t<\/div>\n\t\t<\/section>\n\t\t\t\t<section class=\"elementor-section elementor-top-section elementor-element elementor-element-81b5946 elementor-section-boxed elementor-section-height-default elementor-section-height-default\" data-id=\"81b5946\" data-element_type=\"section\" data-e-type=\"section\">\n\t\t\t\t\t\t<div class=\"elementor-container elementor-column-gap-default\">\n\t\t\t\t\t<div class=\"elementor-column elementor-col-100 elementor-top-column elementor-element elementor-element-0e34dba\" data-id=\"0e34dba\" data-element_type=\"column\" data-e-type=\"column\">\n\t\t\t<div class=\"elementor-widget-wrap elementor-element-populated\">\n\t\t\t\t\t\t<div class=\"elementor-element elementor-element-d22341d elementor-widget elementor-widget-text-editor\" data-id=\"d22341d\" data-element_type=\"widget\" data-e-type=\"widget\" data-widget_type=\"text-editor.default\">\n\t\t\t\t<div class=\"elementor-widget-container\">\n\t\t\t\t\t\t\t\t\t<p>Depuis 1985, Enfants du Monde y soutient l\u2019\u00e9ducation des enfants n\u00e9cessiteux. En fait, nos premiers parrainages ont commenc\u00e9 avec les adoptions. Beaucoup d\u2019enfants orphelins furent mis en adoption en Belgique et en France. Ceux qui ne furent pas adopt\u00e9s furent pris en charge par les religieuses et bon nombre d\u2019entre eux furent pris en parrainage par Enfants du Monde.<\/p><p>Actuellement, ce sont des adultes mari\u00e9s et nous continuons \u00e0 parrainer les familles les plus d\u00e9munies pour permettre \u00e0 leurs enfants de poursuivre des \u00e9tudes. Tous les ans, ces enfants d\u00e9crochent des dipl\u00f4mes d\u2019instituteur, de technicien, d\u2019infirmier et plusieurs d\u2019entre eux sont m\u00eame ing\u00e9nieurs.<\/p><div id=\"ConnectiveDocSignExtentionInstalled\" data-extension-version=\"1.0.4\">\u00a0<\/div>\t\t\t\t\t\t\t\t<\/div>\n\t\t\t\t<\/div>\n\t\t\t\t\t<\/div>\n\t\t<\/div>\n\t\t\t\t\t<\/div>\n\t\t<\/section>\n\t\t\t\t<section class=\"elementor-section elementor-top-section elementor-element elementor-element-82be7c6 elementor-section-boxed elementor-section-height-default elementor-section-height-default\" data-id=\"82be7c6\" data-element_type=\"section\" data-e-type=\"section\">\n\t\t\t\t\t\t<div class=\"elementor-container elementor-column-gap-default\">\n\t\t\t\t\t<div class=\"elementor-column elementor-col-33 elementor-top-column elementor-element elementor-element-a4cc001\" data-id=\"a4cc001\" data-element_type=\"column\" data-e-type=\"column\">\n\t\t\t<div class=\"elementor-widget-wrap elementor-element-populated\">\n\t\t\t\t\t\t<div class=\"elementor-element elementor-element-abf5ef0 elementor-widget elementor-widget-image\" data-id=\"abf5ef0\" data-element_type=\"widget\" data-e-type=\"widget\" data-widget_type=\"image.default\">\n\t\t\t\t<div class=\"elementor-widget-container\">\n\t\t\t\t\t\t\t\t\t\t\t\t\t\t\t<img width=\"160\" height=\"160\"  class=\"attachment-medium size-medium wp-image-11018 lws-optimize-lazyload\" alt=\"\" \/ data-src=\"https:\/\/enfantsdumonde.be\/test\/wp-content\/uploads\/2025\/09\/soeur-Amala-Jose-circle2_lwsoptimized.webp\">\t\t\t\t\t\t\t\t\t\t\t\t\t\t\t<\/div>\n\t\t\t\t<\/div>\n\t\t\t\t\t<\/div>\n\t\t<\/div>\n\t\t\t\t<div class=\"elementor-column elementor-col-66 elementor-top-column elementor-element elementor-element-1a28174\" data-id=\"1a28174\" data-element_type=\"column\" data-e-type=\"column\">\n\t\t\t<div class=\"elementor-widget-wrap elementor-element-populated\">\n\t\t\t\t\t\t<div class=\"elementor-element elementor-element-beaa6ad elementor-widget elementor-widget-text-editor\" data-id=\"beaa6ad\" data-element_type=\"widget\" data-e-type=\"widget\" data-widget_type=\"text-editor.default\">\n\t\t\t\t<div class=\"elementor-widget-container\">\n\t\t\t\t\t\t\t\t\t<h3>Repr\u00e9sentante locale<\/h3><p>S\u0153ur Amala Jose<\/p><div id=\"ConnectiveDocSignExtentionInstalled\" data-extension-version=\"1.0.4\">\u00a0<\/div>\t\t\t\t\t\t\t\t<\/div>\n\t\t\t\t<\/div>\n\t\t\t\t\t<\/div>\n\t\t<\/div>\n\t\t\t\t\t<\/div>\n\t\t<\/section>\n\t\t\t\t<section class=\"elementor-section elementor-top-section elementor-element elementor-element-b3b4a0a elementor-section-boxed elementor-section-height-default elementor-section-height-default\" data-id=\"b3b4a0a\" data-element_type=\"section\" data-e-type=\"section\">\n\t\t\t\t\t\t<div class=\"elementor-container elementor-column-gap-default\">\n\t\t\t\t\t<div class=\"elementor-column elementor-col-33 elementor-top-column elementor-element elementor-element-e271fd3\" data-id=\"e271fd3\" data-element_type=\"column\" data-e-type=\"column\">\n\t\t\t<div class=\"elementor-widget-wrap elementor-element-populated\">\n\t\t\t\t\t\t<div class=\"elementor-element elementor-element-5e5d438 elementor-widget elementor-widget-image\" data-id=\"5e5d438\" data-element_type=\"widget\" data-e-type=\"widget\" data-widget_type=\"image.default\">\n\t\t\t\t<div class=\"elementor-widget-container\">\n\t\t\t\t\t\t\t\t\t\t\t\t\t\t\t<img loading=\"lazy\" width=\"120\" height=\"120\"  class=\"attachment-large size-large wp-image-9818 lws-optimize-lazyload\" alt=\"\" \/ data-src=\"https:\/\/enfantsdumonde.be\/test\/wp-content\/uploads\/2024\/08\/Kadel-Richoux-modified_lwsoptimized.webp\">\t\t\t\t\t\t\t\t\t\t\t\t\t\t\t<\/div>\n\t\t\t\t<\/div>\n\t\t\t\t\t<\/div>\n\t\t<\/div>\n\t\t\t\t<div class=\"elementor-column elementor-col-66 elementor-top-column elementor-element elementor-element-1e69329\" data-id=\"1e69329\" data-element_type=\"column\" data-e-type=\"column\">\n\t\t\t<div class=\"elementor-widget-wrap elementor-element-populated\">\n\t\t\t\t\t\t<div class=\"elementor-element elementor-element-ff8c037 elementor-widget elementor-widget-text-editor\" data-id=\"ff8c037\" data-element_type=\"widget\" data-e-type=\"widget\" data-widget_type=\"text-editor.default\">\n\t\t\t\t<div class=\"elementor-widget-container\">\n\t\t\t\t\t\t\t\t\t<h3>Repr\u00e9sentante belge<\/h3><p>Kadel Richoux<\/p><p><a href=\"mailto:kadel.richoux@hotmail.com\">kadel.richoux@hotmail.com<\/a><\/p><div id=\"ConnectiveDocSignExtentionInstalled\" data-extension-version=\"1.0.4\">\u00a0<\/div>\t\t\t\t\t\t\t\t<\/div>\n\t\t\t\t<\/div>\n\t\t\t\t\t<\/div>\n\t\t<\/div>\n\t\t\t\t\t<\/div>\n\t\t<\/section>\n\t\t\t\t<\/div>\n\t\t","protected":false},"excerpt":{"rendered":"<p>Holy Angel &#8211; Kumbakonam (Inde du sud) Le Holy Angel est un couvent tenu par des religieuses sal\u00e9siennes. Cr\u00e9\u00e9 d\u00e9but 1900, premier couvent du Tamil Nadu, le Holy Angel \u00e9tait un dispensaire, un orphelinat et une \u00e9cole. Les s\u0153urs s\u2019y occupaient des personnes \u00e2g\u00e9es indigentes et des orphelins qui vivaient autour du couvent. Le nombre [&hellip;]<\/p>\n","protected":false},"author":5,"featured_media":0,"parent":3586,"menu_order":0,"comment_status":"closed","ping_status":"closed","template":"","meta":{"ocean_post_layout":"","ocean_both_sidebars_style":"","ocean_both_sidebars_content_width":0,"ocean_both_sidebars_sidebars_width":0,"ocean_sidebar":"","ocean_second_sidebar":"","ocean_disable_margins":"enable","ocean_add_body_class":"","ocean_shortcode_before_top_bar":"","ocean_shortcode_after_top_bar":"","ocean_shortcode_before_header":"","ocean_shortcode_after_header":"","ocean_has_shortcode":"","ocean_shortcode_after_title":"","ocean_shortcode_before_footer_widgets":"","ocean_shortcode_after_footer_widgets":"","ocean_shortcode_before_footer_bottom":"","ocean_shortcode_after_footer_bottom":"","ocean_display_top_bar":"default","ocean_display_header":"default","ocean_header_style":"","ocean_center_header_left_menu":"","ocean_custom_header_template":"","ocean_custom_logo":0,"ocean_custom_retina_logo":0,"ocean_custom_logo_max_width":0,"ocean_custom_logo_tablet_max_width":0,"ocean_custom_logo_mobile_max_width":0,"ocean_custom_logo_max_height":0,"ocean_custom_logo_tablet_max_height":0,"ocean_custom_logo_mobile_max_height":0,"ocean_header_custom_menu":"","ocean_menu_typo_font_family":"","ocean_menu_typo_font_subset":"","ocean_menu_typo_font_size":0,"ocean_menu_typo_font_size_tablet":0,"ocean_menu_typo_font_size_mobile":0,"ocean_menu_typo_font_size_unit":"px","ocean_menu_typo_font_weight":"","ocean_menu_typo_font_weight_tablet":"","ocean_menu_typo_font_weight_mobile":"","ocean_menu_typo_transform":"","ocean_menu_typo_transform_tablet":"","ocean_menu_typo_transform_mobile":"","ocean_menu_typo_line_height":0,"ocean_menu_typo_line_height_tablet":0,"ocean_menu_typo_line_height_mobile":0,"ocean_menu_typo_line_height_unit":"","ocean_menu_typo_spacing":0,"ocean_menu_typo_spacing_tablet":0,"ocean_menu_typo_spacing_mobile":0,"ocean_menu_typo_spacing_unit":"","ocean_menu_link_color":"","ocean_menu_link_color_hover":"","ocean_menu_link_color_active":"","ocean_menu_link_background":"","ocean_menu_link_hover_background":"","ocean_menu_link_active_background":"","ocean_menu_social_links_bg":"","ocean_menu_social_hover_links_bg":"","ocean_menu_social_links_color":"","ocean_menu_social_hover_links_color":"","ocean_disable_title":"default","ocean_disable_heading":"default","ocean_post_title":"","ocean_post_subheading":"","ocean_post_title_style":"","ocean_post_title_background_color":"","ocean_post_title_background":0,"ocean_post_title_bg_image_position":"","ocean_post_title_bg_image_attachment":"","ocean_post_title_bg_image_repeat":"","ocean_post_title_bg_image_size":"","ocean_post_title_height":0,"ocean_post_title_bg_overlay":0.5,"ocean_post_title_bg_overlay_color":"","ocean_disable_breadcrumbs":"default","ocean_breadcrumbs_color":"","ocean_breadcrumbs_separator_color":"","ocean_breadcrumbs_links_color":"","ocean_breadcrumbs_links_hover_color":"","ocean_display_footer_widgets":"default","ocean_display_footer_bottom":"default","ocean_custom_footer_template":"","_mc_calendar":[],"footnotes":""},"class_list":["post-3536","page","type-page","status-publish","hentry","entry"],"aioseo_notices":[],"_links":{"self":[{"href":"https:\/\/enfantsdumonde.be\/test\/wp-json\/wp\/v2\/pages\/3536","targetHints":{"allow":["GET"]}}],"collection":[{"href":"https:\/\/enfantsdumonde.be\/test\/wp-json\/wp\/v2\/pages"}],"about":[{"href":"https:\/\/enfantsdumonde.be\/test\/wp-json\/wp\/v2\/types\/page"}],"author":[{"embeddable":true,"href":"https:\/\/enfantsdumonde.be\/test\/wp-json\/wp\/v2\/users\/5"}],"replies":[{"embeddable":true,"href":"https:\/\/enfantsdumonde.be\/test\/wp-json\/wp\/v2\/comments?post=3536"}],"version-history":[{"count":5,"href":"https:\/\/enfantsdumonde.be\/test\/wp-json\/wp\/v2\/pages\/3536\/revisions"}],"predecessor-version":[{"id":12305,"href":"https:\/\/enfantsdumonde.be\/test\/wp-json\/wp\/v2\/pages\/3536\/revisions\/12305"}],"up":[{"embeddable":true,"href":"https:\/\/enfantsdumonde.be\/test\/wp-json\/wp\/v2\/pages\/3586"}],"wp:attachment":[{"href":"https:\/\/enfantsdumonde.be\/test\/wp-json\/wp\/v2\/media?parent=3536"}],"curies":[{"name":"wp","href":"https:\/\/api.w.org\/{rel}","templated":true}]}}