{"id":3462,"date":"2021-03-12T15:08:45","date_gmt":"2021-03-12T14:08:45","guid":{"rendered":"https:\/\/enfantsdumonde.be\/test\/\/\/\/\/\/\/\/\/?page_id=3462"},"modified":"2026-02-20T17:10:27","modified_gmt":"2026-02-20T16:10:27","slug":"sri-lanka","status":"publish","type":"page","link":"https:\/\/enfantsdumonde.be\/test\/asie\/sri-lanka\/","title":{"rendered":"Sri-Lanka"},"content":{"rendered":"\t\t<div data-elementor-type=\"wp-page\" data-elementor-id=\"3462\" class=\"elementor elementor-3462\">\n\t\t\t\t\t\t<section class=\"elementor-section elementor-top-section elementor-element elementor-element-597b20a elementor-section-boxed elementor-section-height-default elementor-section-height-default\" data-id=\"597b20a\" data-element_type=\"section\" data-e-type=\"section\">\n\t\t\t\t\t\t<div class=\"elementor-container elementor-column-gap-default\">\n\t\t\t\t\t<div class=\"elementor-column elementor-col-50 elementor-top-column elementor-element elementor-element-a035032\" data-id=\"a035032\" data-element_type=\"column\" data-e-type=\"column\">\n\t\t\t<div class=\"elementor-widget-wrap elementor-element-populated\">\n\t\t\t\t\t\t<div class=\"elementor-element elementor-element-8222844 elementor-widget elementor-widget-image\" data-id=\"8222844\" data-element_type=\"widget\" data-e-type=\"widget\" data-widget_type=\"image.default\">\n\t\t\t\t<div class=\"elementor-widget-container\">\n\t\t\t\t\t\t\t\t\t\t\t\t\t\t\t<img width=\"110\" height=\"55\"  class=\"attachment-medium size-medium wp-image-3466 lws-optimize-lazyload\" alt=\"\" \/ data-src=\"https:\/\/enfantsdumonde.be\/test\/wp-content\/uploads\/2021\/03\/Sri_Lanka-flag.svg_lwsoptimized.webp\">\t\t\t\t\t\t\t\t\t\t\t\t\t\t\t<\/div>\n\t\t\t\t<\/div>\n\t\t\t\t<div class=\"elementor-element elementor-element-a0e38e2 elementor-widget elementor-widget-image\" data-id=\"a0e38e2\" data-element_type=\"widget\" data-e-type=\"widget\" data-widget_type=\"image.default\">\n\t\t\t\t<div class=\"elementor-widget-container\">\n\t\t\t\t\t\t\t\t\t\t\t\t<figure class=\"wp-caption\">\n\t\t\t\t\t\t\t\t\t\t<img fetchpriority=\"high\" width=\"795\" height=\"1024\"  class=\"attachment-large size-large wp-image-5019 lws-optimize-lazyload\" alt=\"\" srcset=\"https:\/\/enfantsdumonde.be\/test\/wp-content\/uploads\/2021\/03\/Sri_Lanka_Map-CC.svg_lwsoptimized.webp 795w, https:\/\/enfantsdumonde.be\/test\/wp-content\/uploads\/2021\/03\/Sri_Lanka_Map-CC.svg_lwsoptimized-233x300.webp 233w, https:\/\/enfantsdumonde.be\/test\/wp-content\/uploads\/2021\/03\/Sri_Lanka_Map-CC.svg_lwsoptimized-768x989.webp 768w\" sizes=\"(max-width: 795px) 100vw, 795px\" \/ data-src=\"https:\/\/enfantsdumonde.be\/test\/wp-content\/uploads\/2021\/03\/Sri_Lanka_Map-CC.svg_lwsoptimized.webp\">\t\t\t\t\t\t\t\t\t\t\t<figcaption class=\"widget-image-caption wp-caption-text\"> Creative Commons CC0 1.0 Universal Public Domain Dedication<\/figcaption>\n\t\t\t\t\t\t\t\t\t\t<\/figure>\n\t\t\t\t\t\t\t\t\t<\/div>\n\t\t\t\t<\/div>\n\t\t\t\t\t<\/div>\n\t\t<\/div>\n\t\t\t\t<div class=\"elementor-column elementor-col-50 elementor-top-column elementor-element elementor-element-378000c\" data-id=\"378000c\" data-element_type=\"column\" data-e-type=\"column\">\n\t\t\t<div class=\"elementor-widget-wrap elementor-element-populated\">\n\t\t\t\t\t\t<div class=\"elementor-element elementor-element-3277224 elementor-widget elementor-widget-text-editor\" data-id=\"3277224\" data-element_type=\"widget\" data-e-type=\"widget\" data-widget_type=\"text-editor.default\">\n\t\t\t\t<div class=\"elementor-widget-container\">\n\t\t\t\t\t\t\t\t\t<p>Le <b>Sri Lanka<\/b> est un \u00c9tat insulaire de 65\u00a0610\u00a0<abbr class=\"abbr\" title=\"kilom\u00e8tre carr\u00e9\">km<sup>2<\/sup><\/abbr> du sous-continent indien, situ\u00e9 au sud-est de l&rsquo;Inde, et peupl\u00e9 d&rsquo;environ vingt-deux millions de personnes.<\/p><p>\u00a0<\/p><p>Le pays poss\u00e8de une diversit\u00e9 religieuse, culturelle et linguistique marqu\u00e9e. Ainsi, le Sri Lanka poss\u00e8de deux langues officielles reconnues par la Constitution du pays \u00e0 parts \u00e9gales, le singhalais et le tamoul. La premi\u00e8re est pr\u00e9dominante dans la plus grande partie du pays, car environ 73,8 % des habitants parlent singhalais et environ 26,1 % parlent tamoul.<\/p><p><a href=\"https:\/\/fr.wikipedia.org\/wiki\/Sri_Lanka\" target=\"_blank\" rel=\"noopener\">https:\/\/fr.wikipedia.org\/wiki\/Sri_Lanka<\/a><\/p>\t\t\t\t\t\t\t\t<\/div>\n\t\t\t\t<\/div>\n\t\t\t\t\t<\/div>\n\t\t<\/div>\n\t\t\t\t\t<\/div>\n\t\t<\/section>\n\t\t\t\t<section class=\"elementor-section elementor-top-section elementor-element elementor-element-7053905 elementor-section-boxed elementor-section-height-default elementor-section-height-default\" data-id=\"7053905\" data-element_type=\"section\" data-e-type=\"section\">\n\t\t\t\t\t\t<div class=\"elementor-container elementor-column-gap-default\">\n\t\t\t\t\t<div class=\"elementor-column elementor-col-100 elementor-top-column elementor-element elementor-element-a00492b\" data-id=\"a00492b\" data-element_type=\"column\" data-e-type=\"column\">\n\t\t\t<div class=\"elementor-widget-wrap elementor-element-populated\">\n\t\t\t\t\t\t\t<\/div>\n\t\t<\/div>\n\t\t\t\t\t<\/div>\n\t\t<\/section>\n\t\t\t\t<section class=\"elementor-section elementor-top-section elementor-element elementor-element-251c6af elementor-section-boxed elementor-section-height-default elementor-section-height-default\" data-id=\"251c6af\" data-element_type=\"section\" data-e-type=\"section\">\n\t\t\t\t\t\t<div class=\"elementor-container elementor-column-gap-default\">\n\t\t\t\t\t<div class=\"elementor-column elementor-col-100 elementor-top-column elementor-element elementor-element-6bb65f0\" data-id=\"6bb65f0\" data-element_type=\"column\" data-e-type=\"column\">\n\t\t\t<div class=\"elementor-widget-wrap elementor-element-populated\">\n\t\t\t\t\t\t<div class=\"elementor-element elementor-element-c37ddd3 elementor-widget elementor-widget-text-editor\" data-id=\"c37ddd3\" data-element_type=\"widget\" data-e-type=\"widget\" data-widget_type=\"text-editor.default\">\n\t\t\t\t<div class=\"elementor-widget-container\">\n\t\t\t\t\t\t\t\t\t<p>Le Sri Lanka est une \u00eele pris\u00e9e des touristes. C\u2019est aussi un pays, \u00e0 majorit\u00e9 bouddhiste, qui a souffert d\u2019une guerre civile de 26 ans (de 1972 \u00e0 2009, avec l\u2019\u00e9crasement de la r\u00e9volte des Tamouls) et d\u2019un tsunami en 2004. La guerre civile, le tsunami ont entra\u00een\u00e9 un d\u00e9placement des populations et la rupture des familles surtout les plus d\u00e9munies.<\/p><p>A partir de 2009, le Sri Lanka a tir\u00e9 b\u00e9n\u00e9fice de la paix : la pauvret\u00e9 a diminu\u00e9 (le taux national de pauvret\u00e9 est pass\u00e9 de 15% en 2007 \u00e0 4,1% en 2016), et le PIB\/habitant a sensiblement augment\u00e9. Toutefois, le d\u00e9veloppement \u00e9conomique a \u00e9t\u00e9 affect\u00e9 par l\u2019instabilit\u00e9 politique qui a pr\u00e9valu en 2018 et 2019. Le pays a \u00e9t\u00e9 fragilis\u00e9 par les attentats djihadistes de P\u00e2ques 2019.<\/p><p>De surcro\u00eet, depuis avril 2020, l\u2019\u00e9conomie est fortement touch\u00e9e par le ralentissement de la croissance induit par la Covid-19. L\u2019Inde, principal partenaire \u00e9conomique de Sri Lanka, suit attentivement la situation des populations tamoulophones sri lankaises mais aussi les ambitions chinoises dans l\u2019oc\u00e9an Indien.<\/p><p style=\"text-align: right;\"><strong>Marie-Th\u00e9r\u00e8se Glorieux<\/strong><\/p>\t\t\t\t\t\t\t\t<\/div>\n\t\t\t\t<\/div>\n\t\t\t\t\t<\/div>\n\t\t<\/div>\n\t\t\t\t\t<\/div>\n\t\t<\/section>\n\t\t\t\t<section class=\"elementor-section elementor-top-section elementor-element elementor-element-80a7455 elementor-section-boxed elementor-section-height-default elementor-section-height-default\" data-id=\"80a7455\" data-element_type=\"section\" data-e-type=\"section\">\n\t\t\t\t\t\t<div class=\"elementor-container elementor-column-gap-default\">\n\t\t\t\t\t<div class=\"elementor-column elementor-col-100 elementor-top-column elementor-element elementor-element-433efe0\" data-id=\"433efe0\" data-element_type=\"column\" data-e-type=\"column\">\n\t\t\t<div class=\"elementor-widget-wrap elementor-element-populated\">\n\t\t\t\t\t\t<div class=\"elementor-element elementor-element-96234eb elementor-widget elementor-widget-heading\" data-id=\"96234eb\" data-element_type=\"widget\" data-e-type=\"widget\" data-widget_type=\"heading.default\">\n\t\t\t\t<div class=\"elementor-widget-container\">\n\t\t\t\t\t<h2 class=\"elementor-heading-title elementor-size-default\">Nos maisons<\/h2>\t\t\t\t<\/div>\n\t\t\t\t<\/div>\n\t\t\t\t\t<\/div>\n\t\t<\/div>\n\t\t\t\t\t<\/div>\n\t\t<\/section>\n\t\t\t\t<section class=\"elementor-section elementor-top-section elementor-element elementor-element-4740c3b elementor-section-boxed elementor-section-height-default elementor-section-height-default\" data-id=\"4740c3b\" data-element_type=\"section\" data-e-type=\"section\">\n\t\t\t\t\t\t<div class=\"elementor-container elementor-column-gap-default\">\n\t\t\t\t\t<div class=\"elementor-column elementor-col-100 elementor-top-column elementor-element elementor-element-57bf045\" data-id=\"57bf045\" data-element_type=\"column\" data-e-type=\"column\">\n\t\t\t<div class=\"elementor-widget-wrap elementor-element-populated\">\n\t\t\t\t\t\t<div class=\"elementor-element elementor-element-e982bc1 elementor-widget elementor-widget-text-editor\" data-id=\"e982bc1\" data-element_type=\"widget\" data-e-type=\"widget\" data-widget_type=\"text-editor.default\">\n\t\t\t\t<div class=\"elementor-widget-container\">\n\t\t\t\t\t\t\t\t\t<p><a href=\"https:\/\/www.enfantsdumonde.be\/409-magona\/\" target=\"_blank\" rel=\"noopener\">409 &#8211; St. Vincent &#8211; Magona<\/a><a href=\"https:\/\/www.enfantsdumonde.be\/410-centre-society-religion\/\" target=\"_blank\" rel=\"noopener\"><br \/>410 &#8211; Centre for Society and Religion<\/a><\/p>\t\t\t\t\t\t\t\t<\/div>\n\t\t\t\t<\/div>\n\t\t\t\t\t<\/div>\n\t\t<\/div>\n\t\t\t\t\t<\/div>\n\t\t<\/section>\n\t\t\t\t<section class=\"elementor-section elementor-top-section elementor-element elementor-element-efc4342 elementor-section-boxed elementor-section-height-default elementor-section-height-default\" data-id=\"efc4342\" data-element_type=\"section\" data-e-type=\"section\">\n\t\t\t\t\t\t<div class=\"elementor-container elementor-column-gap-default\">\n\t\t\t\t\t<div class=\"elementor-column elementor-col-100 elementor-top-column elementor-element elementor-element-6d3af4e\" data-id=\"6d3af4e\" data-element_type=\"column\" data-e-type=\"column\">\n\t\t\t<div class=\"elementor-widget-wrap elementor-element-populated\">\n\t\t\t\t\t\t<div class=\"elementor-element elementor-element-0e4ee87 elementor-widget elementor-widget-heading\" data-id=\"0e4ee87\" data-element_type=\"widget\" data-e-type=\"widget\" data-widget_type=\"heading.default\">\n\t\t\t\t<div class=\"elementor-widget-container\">\n\t\t\t\t\t<h2 class=\"elementor-heading-title elementor-size-default\">Nouvelles<\/h2>\t\t\t\t<\/div>\n\t\t\t\t<\/div>\n\t\t\t\t<div class=\"elementor-element elementor-element-87fd412 elementor-widget elementor-widget-text-editor\" data-id=\"87fd412\" data-element_type=\"widget\" data-e-type=\"widget\" data-widget_type=\"text-editor.default\">\n\t\t\t\t<div class=\"elementor-widget-container\">\n\t\t\t\t\t\t\t\t\t<p><a href=\"https:\/\/www.enfantsdumonde.be\/st-vincent\/\" target=\"_blank\" rel=\"noopener\">Novembre 2023<\/a><\/p><div id=\"ConnectiveDocSignExtentionInstalled\" data-extension-version=\"1.0.4\">\u00a0<\/div>\t\t\t\t\t\t\t\t<\/div>\n\t\t\t\t<\/div>\n\t\t\t\t\t<\/div>\n\t\t<\/div>\n\t\t\t\t\t<\/div>\n\t\t<\/section>\n\t\t\t\t<\/div>\n\t\t","protected":false},"excerpt":{"rendered":"<p>Creative Commons CC0 1.0 Universal Public Domain Dedication Le Sri Lanka est un \u00c9tat insulaire de 65\u00a0610\u00a0km2 du sous-continent indien, situ\u00e9 au sud-est de l&rsquo;Inde, et peupl\u00e9 d&rsquo;environ vingt-deux millions de personnes. \u00a0 Le pays poss\u00e8de une diversit\u00e9 religieuse, culturelle et linguistique marqu\u00e9e. Ainsi, le Sri Lanka poss\u00e8de deux langues officielles reconnues par la Constitution [&hellip;]<\/p>\n","protected":false},"author":5,"featured_media":0,"parent":17,"menu_order":0,"comment_status":"closed","ping_status":"closed","template":"","meta":{"ocean_post_layout":"","ocean_both_sidebars_style":"","ocean_both_sidebars_content_width":0,"ocean_both_sidebars_sidebars_width":0,"ocean_sidebar":"","ocean_second_sidebar":"","ocean_disable_margins":"enable","ocean_add_body_class":"","ocean_shortcode_before_top_bar":"","ocean_shortcode_after_top_bar":"","ocean_shortcode_before_header":"","ocean_shortcode_after_header":"","ocean_has_shortcode":"","ocean_shortcode_after_title":"","ocean_shortcode_before_footer_widgets":"","ocean_shortcode_after_footer_widgets":"","ocean_shortcode_before_footer_bottom":"","ocean_shortcode_after_footer_bottom":"","ocean_display_top_bar":"default","ocean_display_header":"default","ocean_header_style":"","ocean_center_header_left_menu":"","ocean_custom_header_template":"","ocean_custom_logo":0,"ocean_custom_retina_logo":0,"ocean_custom_logo_max_width":0,"ocean_custom_logo_tablet_max_width":0,"ocean_custom_logo_mobile_max_width":0,"ocean_custom_logo_max_height":0,"ocean_custom_logo_tablet_max_height":0,"ocean_custom_logo_mobile_max_height":0,"ocean_header_custom_menu":"","ocean_menu_typo_font_family":"","ocean_menu_typo_font_subset":"","ocean_menu_typo_font_size":0,"ocean_menu_typo_font_size_tablet":0,"ocean_menu_typo_font_size_mobile":0,"ocean_menu_typo_font_size_unit":"px","ocean_menu_typo_font_weight":"","ocean_menu_typo_font_weight_tablet":"","ocean_menu_typo_font_weight_mobile":"","ocean_menu_typo_transform":"","ocean_menu_typo_transform_tablet":"","ocean_menu_typo_transform_mobile":"","ocean_menu_typo_line_height":0,"ocean_menu_typo_line_height_tablet":0,"ocean_menu_typo_line_height_mobile":0,"ocean_menu_typo_line_height_unit":"","ocean_menu_typo_spacing":0,"ocean_menu_typo_spacing_tablet":0,"ocean_menu_typo_spacing_mobile":0,"ocean_menu_typo_spacing_unit":"","ocean_menu_link_color":"","ocean_menu_link_color_hover":"","ocean_menu_link_color_active":"","ocean_menu_link_background":"","ocean_menu_link_hover_background":"","ocean_menu_link_active_background":"","ocean_menu_social_links_bg":"","ocean_menu_social_hover_links_bg":"","ocean_menu_social_links_color":"","ocean_menu_social_hover_links_color":"","ocean_disable_title":"default","ocean_disable_heading":"default","ocean_post_title":"","ocean_post_subheading":"","ocean_post_title_style":"","ocean_post_title_background_color":"","ocean_post_title_background":0,"ocean_post_title_bg_image_position":"","ocean_post_title_bg_image_attachment":"","ocean_post_title_bg_image_repeat":"","ocean_post_title_bg_image_size":"","ocean_post_title_height":0,"ocean_post_title_bg_overlay":0.5,"ocean_post_title_bg_overlay_color":"","ocean_disable_breadcrumbs":"default","ocean_breadcrumbs_color":"","ocean_breadcrumbs_separator_color":"","ocean_breadcrumbs_links_color":"","ocean_breadcrumbs_links_hover_color":"","ocean_display_footer_widgets":"default","ocean_display_footer_bottom":"default","ocean_custom_footer_template":"","_mc_calendar":[],"footnotes":""},"class_list":["post-3462","page","type-page","status-publish","hentry","entry"],"aioseo_notices":[],"_links":{"self":[{"href":"https:\/\/enfantsdumonde.be\/test\/wp-json\/wp\/v2\/pages\/3462","targetHints":{"allow":["GET"]}}],"collection":[{"href":"https:\/\/enfantsdumonde.be\/test\/wp-json\/wp\/v2\/pages"}],"about":[{"href":"https:\/\/enfantsdumonde.be\/test\/wp-json\/wp\/v2\/types\/page"}],"author":[{"embeddable":true,"href":"https:\/\/enfantsdumonde.be\/test\/wp-json\/wp\/v2\/users\/5"}],"replies":[{"embeddable":true,"href":"https:\/\/enfantsdumonde.be\/test\/wp-json\/wp\/v2\/comments?post=3462"}],"version-history":[{"count":3,"href":"https:\/\/enfantsdumonde.be\/test\/wp-json\/wp\/v2\/pages\/3462\/revisions"}],"predecessor-version":[{"id":12472,"href":"https:\/\/enfantsdumonde.be\/test\/wp-json\/wp\/v2\/pages\/3462\/revisions\/12472"}],"up":[{"embeddable":true,"href":"https:\/\/enfantsdumonde.be\/test\/wp-json\/wp\/v2\/pages\/17"}],"wp:attachment":[{"href":"https:\/\/enfantsdumonde.be\/test\/wp-json\/wp\/v2\/media?parent=3462"}],"curies":[{"name":"wp","href":"https:\/\/api.w.org\/{rel}","templated":true}]}}