{"id":3254,"date":"2021-03-11T11:35:54","date_gmt":"2021-03-11T10:35:54","guid":{"rendered":"https:\/\/enfantsdumonde.be\/test\/\/\/\/\/\/\/\/\/?page_id=3254"},"modified":"2026-02-20T16:06:24","modified_gmt":"2026-02-20T15:06:24","slug":"burkina-faso","status":"publish","type":"page","link":"https:\/\/enfantsdumonde.be\/test\/afrique\/burkina-faso\/","title":{"rendered":"Burkina Faso"},"content":{"rendered":"\t\t<div data-elementor-type=\"wp-page\" data-elementor-id=\"3254\" class=\"elementor elementor-3254\">\n\t\t\t\t\t\t<section class=\"elementor-section elementor-top-section elementor-element elementor-element-d8dd606 elementor-section-boxed elementor-section-height-default elementor-section-height-default\" data-id=\"d8dd606\" data-element_type=\"section\" data-e-type=\"section\">\n\t\t\t\t\t\t<div class=\"elementor-container elementor-column-gap-default\">\n\t\t\t\t\t<div class=\"elementor-column elementor-col-100 elementor-top-column elementor-element elementor-element-39e2d29d\" data-id=\"39e2d29d\" data-element_type=\"column\" data-e-type=\"column\">\n\t\t\t<div class=\"elementor-widget-wrap elementor-element-populated\">\n\t\t\t\t\t\t<div class=\"elementor-element elementor-element-b072dc3 elementor-widget elementor-widget-image\" data-id=\"b072dc3\" data-element_type=\"widget\" data-e-type=\"widget\" data-widget_type=\"image.default\">\n\t\t\t\t<div class=\"elementor-widget-container\">\n\t\t\t\t\t\t\t\t\t\t\t\t\t\t\t<img fetchpriority=\"high\" width=\"300\" height=\"169\"  class=\"attachment-medium size-medium wp-image-3256 lws-optimize-lazyload\" alt=\"\" srcset=\"https:\/\/enfantsdumonde.be\/test\/wp-content\/uploads\/2021\/03\/drapeau-carte16x9_lwsoptimized-300x169.webp 300w, https:\/\/enfantsdumonde.be\/test\/wp-content\/uploads\/2021\/03\/drapeau-carte16x9_lwsoptimized-1024x577.webp 1024w, https:\/\/enfantsdumonde.be\/test\/wp-content\/uploads\/2021\/03\/drapeau-carte16x9_lwsoptimized-768x433.webp 768w, https:\/\/enfantsdumonde.be\/test\/wp-content\/uploads\/2021\/03\/drapeau-carte16x9_lwsoptimized-1536x866.webp 1536w, https:\/\/enfantsdumonde.be\/test\/wp-content\/uploads\/2021\/03\/drapeau-carte16x9_lwsoptimized-800x450.webp 800w, https:\/\/enfantsdumonde.be\/test\/wp-content\/uploads\/2021\/03\/drapeau-carte16x9_lwsoptimized-1320x744.webp 1320w, https:\/\/enfantsdumonde.be\/test\/wp-content\/uploads\/2021\/03\/drapeau-carte16x9_lwsoptimized.webp 1641w\" sizes=\"(max-width: 300px) 100vw, 300px\" \/ data-src=\"https:\/\/enfantsdumonde.be\/test\/wp-content\/uploads\/2021\/03\/drapeau-carte16x9_lwsoptimized-300x169.webp\">\t\t\t\t\t\t\t\t\t\t\t\t\t\t\t<\/div>\n\t\t\t\t<\/div>\n\t\t\t\t<div class=\"elementor-element elementor-element-16e78996 elementor-widget elementor-widget-text-editor\" data-id=\"16e78996\" data-element_type=\"widget\" data-e-type=\"widget\" data-widget_type=\"text-editor.default\">\n\t\t\t\t<div class=\"elementor-widget-container\">\n\t\t\t\t\t\t\t\t\t\t\t\t\t\t\t\t\t<\/div>\n\t\t\t\t<\/div>\n\t\t\t\t<div class=\"elementor-element elementor-element-7cba555 elementor-widget elementor-widget-image\" data-id=\"7cba555\" data-element_type=\"widget\" data-e-type=\"widget\" data-widget_type=\"image.default\">\n\t\t\t\t<div class=\"elementor-widget-container\">\n\t\t\t\t\t\t\t\t\t\t\t\t<figure class=\"wp-caption\">\n\t\t\t\t\t\t\t\t\t\t<img width=\"1024\" height=\"783\"  class=\"attachment-large size-large wp-image-9491 lws-optimize-lazyload\" alt=\"\" srcset=\"https:\/\/enfantsdumonde.be\/test\/wp-content\/uploads\/2024\/03\/burkina-faso-political-map_lwsoptimized-1024x783.webp 1024w, https:\/\/enfantsdumonde.be\/test\/wp-content\/uploads\/2024\/03\/burkina-faso-political-map_lwsoptimized-300x230.webp 300w, https:\/\/enfantsdumonde.be\/test\/wp-content\/uploads\/2024\/03\/burkina-faso-political-map_lwsoptimized-768x588.webp 768w, https:\/\/enfantsdumonde.be\/test\/wp-content\/uploads\/2024\/03\/burkina-faso-political-map_lwsoptimized.webp 1200w\" sizes=\"(max-width: 1024px) 100vw, 1024px\" \/ data-src=\"https:\/\/enfantsdumonde.be\/test\/wp-content\/uploads\/2024\/03\/burkina-faso-political-map_lwsoptimized-1024x783.webp\">\t\t\t\t\t\t\t\t\t\t\t<figcaption class=\"widget-image-caption wp-caption-text\">Nations Online Project<\/figcaption>\n\t\t\t\t\t\t\t\t\t\t<\/figure>\n\t\t\t\t\t\t\t\t\t<\/div>\n\t\t\t\t<\/div>\n\t\t\t\t\t<\/div>\n\t\t<\/div>\n\t\t\t\t\t<\/div>\n\t\t<\/section>\n\t\t\t\t<section class=\"elementor-section elementor-top-section elementor-element elementor-element-bf81170 elementor-section-boxed elementor-section-height-default elementor-section-height-default\" data-id=\"bf81170\" data-element_type=\"section\" data-e-type=\"section\">\n\t\t\t\t\t\t<div class=\"elementor-container elementor-column-gap-default\">\n\t\t\t\t\t<div class=\"elementor-column elementor-col-100 elementor-top-column elementor-element elementor-element-7664c4e\" data-id=\"7664c4e\" data-element_type=\"column\" data-e-type=\"column\">\n\t\t\t<div class=\"elementor-widget-wrap elementor-element-populated\">\n\t\t\t\t\t\t<div class=\"elementor-element elementor-element-278659c elementor-widget elementor-widget-text-editor\" data-id=\"278659c\" data-element_type=\"widget\" data-e-type=\"widget\" data-widget_type=\"text-editor.default\">\n\t\t\t\t<div class=\"elementor-widget-container\">\n\t\t\t\t\t\t\t\t\t<p>Le <b>Burkina Faso<\/b>, litt\u00e9ralement \u00ab\u00a0Pays des Hommes int\u00e8gres\u00a0\u00bb, couramment appel\u00e9 <b>Burkina<\/b>, ancienne r\u00e9publique de Haute-Volta, est un pays d&rsquo;Afrique de l&rsquo;Ouest sans acc\u00e8s \u00e0 la mer. Il est entour\u00e9 par le Mali au nord-ouest, le Niger au nord-est, le B\u00e9nin au sud-est, le Togo au sud-est, le Ghana au sud et la C\u00f4te d&rsquo;Ivoire au sud-ouest.<\/p>\n<p>La capitale Ouagadougou est situ\u00e9e au centre du pays. Le Burkina Faso est membre de l&rsquo;Union africaine (UA), de la Communaut\u00e9 \u00e9conomique des \u00c9tats de l&rsquo;Afrique de l&rsquo;Ouest (CEDEAO), de l&rsquo;Organisation pour l&rsquo;harmonisation en Afrique du droit des affaires (OHADA) et de l&rsquo;Organisation de la coop\u00e9ration islamique. C&rsquo;est l&rsquo;un des dix pays les moins d\u00e9velopp\u00e9s du monde.<\/p>\n<p><a href=\"https:\/\/fr.wikipedia.org\/wiki\/Burkina_Faso\" target=\"_blank\" rel=\"noopener\">https:\/\/fr.wikipedia.org\/wiki\/Burkina_Faso<\/a><\/p>\n<div id=\"ConnectiveDocSignExtentionInstalled\" data-extension-version=\"1.0.4\">\u00a0<\/div>\t\t\t\t\t\t\t\t<\/div>\n\t\t\t\t<\/div>\n\t\t\t\t\t<\/div>\n\t\t<\/div>\n\t\t\t\t\t<\/div>\n\t\t<\/section>\n\t\t\t\t<section class=\"elementor-section elementor-top-section elementor-element elementor-element-8e81413 elementor-section-boxed elementor-section-height-default elementor-section-height-default\" data-id=\"8e81413\" data-element_type=\"section\" data-e-type=\"section\">\n\t\t\t\t\t\t<div class=\"elementor-container elementor-column-gap-default\">\n\t\t\t\t\t<div class=\"elementor-column elementor-col-100 elementor-top-column elementor-element elementor-element-35be399\" data-id=\"35be399\" data-element_type=\"column\" data-e-type=\"column\">\n\t\t\t<div class=\"elementor-widget-wrap elementor-element-populated\">\n\t\t\t\t\t\t<section class=\"elementor-section elementor-inner-section elementor-element elementor-element-c57a5af elementor-section-boxed elementor-section-height-default elementor-section-height-default\" data-id=\"c57a5af\" data-element_type=\"section\" data-e-type=\"section\">\n\t\t\t\t\t\t<div class=\"elementor-container elementor-column-gap-default\">\n\t\t\t\t\t<div class=\"elementor-column elementor-col-100 elementor-inner-column elementor-element elementor-element-bdec9db\" data-id=\"bdec9db\" data-element_type=\"column\" data-e-type=\"column\">\n\t\t\t<div class=\"elementor-widget-wrap elementor-element-populated\">\n\t\t\t\t\t\t<div class=\"elementor-element elementor-element-e3555af elementor-widget elementor-widget-heading\" data-id=\"e3555af\" data-element_type=\"widget\" data-e-type=\"widget\" data-widget_type=\"heading.default\">\n\t\t\t\t<div class=\"elementor-widget-container\">\n\t\t\t\t\t<h2 class=\"elementor-heading-title elementor-size-default\">Nos maisons<\/h2>\t\t\t\t<\/div>\n\t\t\t\t<\/div>\n\t\t\t\t<div class=\"elementor-element elementor-element-e44135a elementor-widget elementor-widget-text-editor\" data-id=\"e44135a\" data-element_type=\"widget\" data-e-type=\"widget\" data-widget_type=\"text-editor.default\">\n\t\t\t\t<div class=\"elementor-widget-container\">\n\t\t\t\t\t\t\t\t\t<p><br \/><a href=\"https:\/\/www.enfantsdumonde.be\/222-maia-bobo\/\" target=\"_blank\" rel=\"noopener\">222 &#8211;\u00a0Ma\u00efa Bobo (Bobo-Dioulasso)<\/a><br \/><a href=\"https:\/\/www.enfantsdumonde.be\/225-sig-noghin\/\" target=\"_blank\" rel=\"noopener\">225 &#8211; Sig-Noghin<\/a><br \/><a href=\"https:\/\/www.enfantsdumonde.be\/246-koudougou\/\" target=\"_blank\" rel=\"noopener\">246 &#8211; Koudougou<\/a><br \/><a href=\"https:\/\/www.enfantsdumonde.be\/333-espoir-ouagadougou\/\" target=\"_blank\" rel=\"noopener\">333 &#8211; Espoir du Monde (Ouagadougou)<\/a><br \/><a href=\"https:\/\/www.enfantsdumonde.be\/P373-songtaaba\/\" target=\"_blank\" rel=\"noopener\">P373 &#8211; Songtaaba<\/a><\/p>\n<div id=\"ConnectiveDocSignExtentionInstalled\" data-extension-version=\"1.0.4\">\u00a0<\/div>\t\t\t\t\t\t\t\t<\/div>\n\t\t\t\t<\/div>\n\t\t\t\t\t<\/div>\n\t\t<\/div>\n\t\t\t\t\t<\/div>\n\t\t<\/section>\n\t\t\t\t\t<\/div>\n\t\t<\/div>\n\t\t\t\t\t<\/div>\n\t\t<\/section>\n\t\t\t\t<\/div>\n\t\t","protected":false},"excerpt":{"rendered":"<p>Nations Online Project Le Burkina Faso, litt\u00e9ralement \u00ab\u00a0Pays des Hommes int\u00e8gres\u00a0\u00bb, couramment appel\u00e9 Burkina, ancienne r\u00e9publique de Haute-Volta, est un pays d&rsquo;Afrique de l&rsquo;Ouest sans acc\u00e8s \u00e0 la mer. Il est entour\u00e9 par le Mali au nord-ouest, le Niger au nord-est, le B\u00e9nin au sud-est, le Togo au sud-est, le Ghana au sud et la [&hellip;]<\/p>\n","protected":false},"author":5,"featured_media":0,"parent":19,"menu_order":0,"comment_status":"closed","ping_status":"closed","template":"","meta":{"ocean_post_layout":"","ocean_both_sidebars_style":"","ocean_both_sidebars_content_width":0,"ocean_both_sidebars_sidebars_width":0,"ocean_sidebar":"","ocean_second_sidebar":"","ocean_disable_margins":"enable","ocean_add_body_class":"","ocean_shortcode_before_top_bar":"","ocean_shortcode_after_top_bar":"","ocean_shortcode_before_header":"","ocean_shortcode_after_header":"","ocean_has_shortcode":"","ocean_shortcode_after_title":"","ocean_shortcode_before_footer_widgets":"","ocean_shortcode_after_footer_widgets":"","ocean_shortcode_before_footer_bottom":"","ocean_shortcode_after_footer_bottom":"","ocean_display_top_bar":"default","ocean_display_header":"default","ocean_header_style":"","ocean_center_header_left_menu":"","ocean_custom_header_template":"","ocean_custom_logo":0,"ocean_custom_retina_logo":0,"ocean_custom_logo_max_width":0,"ocean_custom_logo_tablet_max_width":0,"ocean_custom_logo_mobile_max_width":0,"ocean_custom_logo_max_height":0,"ocean_custom_logo_tablet_max_height":0,"ocean_custom_logo_mobile_max_height":0,"ocean_header_custom_menu":"","ocean_menu_typo_font_family":"","ocean_menu_typo_font_subset":"","ocean_menu_typo_font_size":0,"ocean_menu_typo_font_size_tablet":0,"ocean_menu_typo_font_size_mobile":0,"ocean_menu_typo_font_size_unit":"px","ocean_menu_typo_font_weight":"","ocean_menu_typo_font_weight_tablet":"","ocean_menu_typo_font_weight_mobile":"","ocean_menu_typo_transform":"","ocean_menu_typo_transform_tablet":"","ocean_menu_typo_transform_mobile":"","ocean_menu_typo_line_height":0,"ocean_menu_typo_line_height_tablet":0,"ocean_menu_typo_line_height_mobile":0,"ocean_menu_typo_line_height_unit":"","ocean_menu_typo_spacing":0,"ocean_menu_typo_spacing_tablet":0,"ocean_menu_typo_spacing_mobile":0,"ocean_menu_typo_spacing_unit":"","ocean_menu_link_color":"","ocean_menu_link_color_hover":"","ocean_menu_link_color_active":"","ocean_menu_link_background":"","ocean_menu_link_hover_background":"","ocean_menu_link_active_background":"","ocean_menu_social_links_bg":"","ocean_menu_social_hover_links_bg":"","ocean_menu_social_links_color":"","ocean_menu_social_hover_links_color":"","ocean_disable_title":"default","ocean_disable_heading":"default","ocean_post_title":"","ocean_post_subheading":"","ocean_post_title_style":"","ocean_post_title_background_color":"","ocean_post_title_background":0,"ocean_post_title_bg_image_position":"","ocean_post_title_bg_image_attachment":"","ocean_post_title_bg_image_repeat":"","ocean_post_title_bg_image_size":"","ocean_post_title_height":0,"ocean_post_title_bg_overlay":0.5,"ocean_post_title_bg_overlay_color":"","ocean_disable_breadcrumbs":"default","ocean_breadcrumbs_color":"","ocean_breadcrumbs_separator_color":"","ocean_breadcrumbs_links_color":"","ocean_breadcrumbs_links_hover_color":"","ocean_display_footer_widgets":"default","ocean_display_footer_bottom":"default","ocean_custom_footer_template":"","_mc_calendar":[],"footnotes":""},"class_list":["post-3254","page","type-page","status-publish","hentry","entry"],"aioseo_notices":[],"_links":{"self":[{"href":"https:\/\/enfantsdumonde.be\/test\/wp-json\/wp\/v2\/pages\/3254","targetHints":{"allow":["GET"]}}],"collection":[{"href":"https:\/\/enfantsdumonde.be\/test\/wp-json\/wp\/v2\/pages"}],"about":[{"href":"https:\/\/enfantsdumonde.be\/test\/wp-json\/wp\/v2\/types\/page"}],"author":[{"embeddable":true,"href":"https:\/\/enfantsdumonde.be\/test\/wp-json\/wp\/v2\/users\/5"}],"replies":[{"embeddable":true,"href":"https:\/\/enfantsdumonde.be\/test\/wp-json\/wp\/v2\/comments?post=3254"}],"version-history":[{"count":5,"href":"https:\/\/enfantsdumonde.be\/test\/wp-json\/wp\/v2\/pages\/3254\/revisions"}],"predecessor-version":[{"id":12385,"href":"https:\/\/enfantsdumonde.be\/test\/wp-json\/wp\/v2\/pages\/3254\/revisions\/12385"}],"up":[{"embeddable":true,"href":"https:\/\/enfantsdumonde.be\/test\/wp-json\/wp\/v2\/pages\/19"}],"wp:attachment":[{"href":"https:\/\/enfantsdumonde.be\/test\/wp-json\/wp\/v2\/media?parent=3254"}],"curies":[{"name":"wp","href":"https:\/\/api.w.org\/{rel}","templated":true}]}}