{"id":3219,"date":"2021-03-10T18:52:53","date_gmt":"2021-03-10T17:52:53","guid":{"rendered":"https:\/\/enfantsdumonde.be\/test\/\/\/\/\/\/\/\/\/?page_id=3219"},"modified":"2026-02-20T17:22:44","modified_gmt":"2026-02-20T16:22:44","slug":"tanzanie","status":"publish","type":"page","link":"https:\/\/enfantsdumonde.be\/test\/afrique\/tanzanie\/","title":{"rendered":"Tanzanie"},"content":{"rendered":"\t\t<div data-elementor-type=\"wp-page\" data-elementor-id=\"3219\" class=\"elementor elementor-3219\">\n\t\t\t\t\t\t<section class=\"elementor-section elementor-top-section elementor-element elementor-element-cfc6075 elementor-section-boxed elementor-section-height-default elementor-section-height-default\" data-id=\"cfc6075\" data-element_type=\"section\" data-e-type=\"section\">\n\t\t\t\t\t\t<div class=\"elementor-container elementor-column-gap-default\">\n\t\t\t\t\t<div class=\"elementor-column elementor-col-100 elementor-top-column elementor-element elementor-element-7ce8374\" data-id=\"7ce8374\" data-element_type=\"column\" data-e-type=\"column\">\n\t\t\t<div class=\"elementor-widget-wrap elementor-element-populated\">\n\t\t\t\t\t\t<div class=\"elementor-element elementor-element-a99383e elementor-widget elementor-widget-image\" data-id=\"a99383e\" data-element_type=\"widget\" data-e-type=\"widget\" data-widget_type=\"image.default\">\n\t\t\t\t<div class=\"elementor-widget-container\">\n\t\t\t\t\t\t\t\t\t\t\t\t\t\t\t<img width=\"110\" height=\"73\"  class=\"attachment-large size-large wp-image-3334 lws-optimize-lazyload\" alt=\"\" \/ data-src=\"https:\/\/enfantsdumonde.be\/test\/wp-content\/uploads\/2021\/03\/Tanzania-flag.svg_lwsoptimized.webp\">\t\t\t\t\t\t\t\t\t\t\t\t\t\t\t<\/div>\n\t\t\t\t<\/div>\n\t\t\t\t<div class=\"elementor-element elementor-element-cb77f43 elementor-widget elementor-widget-image\" data-id=\"cb77f43\" data-element_type=\"widget\" data-e-type=\"widget\" data-widget_type=\"image.default\">\n\t\t\t\t<div class=\"elementor-widget-container\">\n\t\t\t\t\t\t\t\t\t\t\t\t<figure class=\"wp-caption\">\n\t\t\t\t\t\t\t\t\t\t<img fetchpriority=\"high\" width=\"764\" height=\"768\"  class=\"attachment-large size-large wp-image-4993 lws-optimize-lazyload\" alt=\"\" srcset=\"https:\/\/enfantsdumonde.be\/test\/wp-content\/uploads\/2021\/03\/Tanzania_map-fr-CC.svg_lwsoptimized.webp 764w, https:\/\/enfantsdumonde.be\/test\/wp-content\/uploads\/2021\/03\/Tanzania_map-fr-CC.svg_lwsoptimized-298x300.webp 298w\" sizes=\"(max-width: 764px) 100vw, 764px\" \/ data-src=\"https:\/\/enfantsdumonde.be\/test\/wp-content\/uploads\/2021\/03\/Tanzania_map-fr-CC.svg_lwsoptimized.webp\">\t\t\t\t\t\t\t\t\t\t\t<figcaption class=\"widget-image-caption wp-caption-text\">\u00a9 Licence Art Libre 1.2<\/figcaption>\n\t\t\t\t\t\t\t\t\t\t<\/figure>\n\t\t\t\t\t\t\t\t\t<\/div>\n\t\t\t\t<\/div>\n\t\t\t\t<section class=\"elementor-section elementor-inner-section elementor-element elementor-element-d603afe elementor-section-boxed elementor-section-height-default elementor-section-height-default\" data-id=\"d603afe\" data-element_type=\"section\" data-e-type=\"section\">\n\t\t\t\t\t\t<div class=\"elementor-container elementor-column-gap-default\">\n\t\t\t\t\t<div class=\"elementor-column elementor-col-100 elementor-inner-column elementor-element elementor-element-fa08a21\" data-id=\"fa08a21\" data-element_type=\"column\" data-e-type=\"column\">\n\t\t\t<div class=\"elementor-widget-wrap elementor-element-populated\">\n\t\t\t\t\t\t<div class=\"elementor-element elementor-element-3f03de1 elementor-widget elementor-widget-text-editor\" data-id=\"3f03de1\" data-element_type=\"widget\" data-e-type=\"widget\" data-widget_type=\"text-editor.default\">\n\t\t\t\t<div class=\"elementor-widget-container\">\n\t\t\t\t\t\t\t\t\t<p>La <b>Tanzanie<\/b> est un pays d&rsquo;Afrique de l&rsquo;Est situ\u00e9 en bordure de l&rsquo;oc\u00e9an Indien, dans la partie tropicale de l&rsquo;h\u00e9misph\u00e8re sud. Il est entour\u00e9 au nord par le Kenya et l&rsquo;Ouganda, \u00e0 l&rsquo;ouest par le Rwanda, le Burundi et la R\u00e9publique d\u00e9mocratique du Congo, au sud-ouest par la Zambie et le Malawi et au sud par le Mozambique.<\/p>\n<p>Le pays couvre 945\u00a0087\u00a0km<sup>2<\/sup> et compte 58,5\u00a0millions d&rsquo;habitants en 2018, essentiellement bantous. Sa capitale est Dodoma, situ\u00e9e dans l&rsquo;int\u00e9rieur des terres, mais le principal p\u00f4le \u00e9conomique est l&rsquo;ancienne capitale Dar es Salam, situ\u00e9e sur la c\u00f4te. Les langues officielles sont le swahili et l&rsquo;anglais mais l&rsquo;arabe est aussi parl\u00e9 notamment dans les \u00eeles de Zanzibar et Pemba.<\/p>\n<p>La Tanzanie actuelle est n\u00e9e de l&rsquo;union du Tanganyika et de Zanzibar le <time class=\"nowrap date-lien\" datetime=\"1964-04-26\" data-sort-value=\"1964-04-26\">26 avril 1964<\/time>, peu de temps apr\u00e8s leur ind\u00e9pendance respective vis-\u00e0-vis du Royaume-Uni.<\/p>\n<p><a href=\"https:\/\/fr.wikipedia.org\/wiki\/Tanzanie\" target=\"_blank\" rel=\"noopener\">https:\/\/fr.wikipedia.org\/wiki\/Tanzanie<\/a><\/p>\t\t\t\t\t\t\t\t<\/div>\n\t\t\t\t<\/div>\n\t\t\t\t\t<\/div>\n\t\t<\/div>\n\t\t\t\t\t<\/div>\n\t\t<\/section>\n\t\t\t\t\t<\/div>\n\t\t<\/div>\n\t\t\t\t\t<\/div>\n\t\t<\/section>\n\t\t\t\t<section class=\"elementor-section elementor-top-section elementor-element elementor-element-0544012 elementor-section-boxed elementor-section-height-default elementor-section-height-default\" data-id=\"0544012\" data-element_type=\"section\" data-e-type=\"section\">\n\t\t\t\t\t\t<div class=\"elementor-container elementor-column-gap-default\">\n\t\t\t\t\t<div class=\"elementor-column elementor-col-100 elementor-top-column elementor-element elementor-element-25503b2\" data-id=\"25503b2\" data-element_type=\"column\" data-e-type=\"column\">\n\t\t\t<div class=\"elementor-widget-wrap elementor-element-populated\">\n\t\t\t\t\t\t<div class=\"elementor-element elementor-element-6ee2afc elementor-widget elementor-widget-heading\" data-id=\"6ee2afc\" data-element_type=\"widget\" data-e-type=\"widget\" data-widget_type=\"heading.default\">\n\t\t\t\t<div class=\"elementor-widget-container\">\n\t\t\t\t\t<h2 class=\"elementor-heading-title elementor-size-default\">Notre maison<\/h2>\t\t\t\t<\/div>\n\t\t\t\t<\/div>\n\t\t\t\t\t<\/div>\n\t\t<\/div>\n\t\t\t\t\t<\/div>\n\t\t<\/section>\n\t\t\t\t<section class=\"elementor-section elementor-top-section elementor-element elementor-element-9a10dc6 elementor-section-boxed elementor-section-height-default elementor-section-height-default\" data-id=\"9a10dc6\" data-element_type=\"section\" data-e-type=\"section\">\n\t\t\t\t\t\t<div class=\"elementor-container elementor-column-gap-default\">\n\t\t\t\t\t<div class=\"elementor-column elementor-col-100 elementor-top-column elementor-element elementor-element-0b21eeb\" data-id=\"0b21eeb\" data-element_type=\"column\" data-e-type=\"column\">\n\t\t\t<div class=\"elementor-widget-wrap elementor-element-populated\">\n\t\t\t\t\t\t<div class=\"elementor-element elementor-element-3da918e elementor-widget elementor-widget-text-editor\" data-id=\"3da918e\" data-element_type=\"widget\" data-e-type=\"widget\" data-widget_type=\"text-editor.default\">\n\t\t\t\t<div class=\"elementor-widget-container\">\n\t\t\t\t\t\t\t\t\t<p><a href=\"https:\/\/www.enfantsdumonde.be\/115-charite-masanga\/\" target=\"_blank\" rel=\"noopener\">115 &#8211; Daughters of Charity<\/a><\/p>\t\t\t\t\t\t\t\t<\/div>\n\t\t\t\t<\/div>\n\t\t\t\t\t<\/div>\n\t\t<\/div>\n\t\t\t\t\t<\/div>\n\t\t<\/section>\n\t\t\t\t<\/div>\n\t\t","protected":false},"excerpt":{"rendered":"<p>\u00a9 Licence Art Libre 1.2 La Tanzanie est un pays d&rsquo;Afrique de l&rsquo;Est situ\u00e9 en bordure de l&rsquo;oc\u00e9an Indien, dans la partie tropicale de l&rsquo;h\u00e9misph\u00e8re sud. Il est entour\u00e9 au nord par le Kenya et l&rsquo;Ouganda, \u00e0 l&rsquo;ouest par le Rwanda, le Burundi et la R\u00e9publique d\u00e9mocratique du Congo, au sud-ouest par la Zambie et [&hellip;]<\/p>\n","protected":false},"author":5,"featured_media":0,"parent":19,"menu_order":0,"comment_status":"closed","ping_status":"closed","template":"","meta":{"ocean_post_layout":"","ocean_both_sidebars_style":"","ocean_both_sidebars_content_width":0,"ocean_both_sidebars_sidebars_width":0,"ocean_sidebar":"","ocean_second_sidebar":"","ocean_disable_margins":"enable","ocean_add_body_class":"","ocean_shortcode_before_top_bar":"","ocean_shortcode_after_top_bar":"","ocean_shortcode_before_header":"","ocean_shortcode_after_header":"","ocean_has_shortcode":"","ocean_shortcode_after_title":"","ocean_shortcode_before_footer_widgets":"","ocean_shortcode_after_footer_widgets":"","ocean_shortcode_before_footer_bottom":"","ocean_shortcode_after_footer_bottom":"","ocean_display_top_bar":"default","ocean_display_header":"default","ocean_header_style":"","ocean_center_header_left_menu":"","ocean_custom_header_template":"","ocean_custom_logo":0,"ocean_custom_retina_logo":0,"ocean_custom_logo_max_width":0,"ocean_custom_logo_tablet_max_width":0,"ocean_custom_logo_mobile_max_width":0,"ocean_custom_logo_max_height":0,"ocean_custom_logo_tablet_max_height":0,"ocean_custom_logo_mobile_max_height":0,"ocean_header_custom_menu":"","ocean_menu_typo_font_family":"","ocean_menu_typo_font_subset":"","ocean_menu_typo_font_size":0,"ocean_menu_typo_font_size_tablet":0,"ocean_menu_typo_font_size_mobile":0,"ocean_menu_typo_font_size_unit":"px","ocean_menu_typo_font_weight":"","ocean_menu_typo_font_weight_tablet":"","ocean_menu_typo_font_weight_mobile":"","ocean_menu_typo_transform":"","ocean_menu_typo_transform_tablet":"","ocean_menu_typo_transform_mobile":"","ocean_menu_typo_line_height":0,"ocean_menu_typo_line_height_tablet":0,"ocean_menu_typo_line_height_mobile":0,"ocean_menu_typo_line_height_unit":"","ocean_menu_typo_spacing":0,"ocean_menu_typo_spacing_tablet":0,"ocean_menu_typo_spacing_mobile":0,"ocean_menu_typo_spacing_unit":"","ocean_menu_link_color":"","ocean_menu_link_color_hover":"","ocean_menu_link_color_active":"","ocean_menu_link_background":"","ocean_menu_link_hover_background":"","ocean_menu_link_active_background":"","ocean_menu_social_links_bg":"","ocean_menu_social_hover_links_bg":"","ocean_menu_social_links_color":"","ocean_menu_social_hover_links_color":"","ocean_disable_title":"default","ocean_disable_heading":"default","ocean_post_title":"","ocean_post_subheading":"","ocean_post_title_style":"","ocean_post_title_background_color":"","ocean_post_title_background":0,"ocean_post_title_bg_image_position":"","ocean_post_title_bg_image_attachment":"","ocean_post_title_bg_image_repeat":"","ocean_post_title_bg_image_size":"","ocean_post_title_height":0,"ocean_post_title_bg_overlay":0.5,"ocean_post_title_bg_overlay_color":"","ocean_disable_breadcrumbs":"default","ocean_breadcrumbs_color":"","ocean_breadcrumbs_separator_color":"","ocean_breadcrumbs_links_color":"","ocean_breadcrumbs_links_hover_color":"","ocean_display_footer_widgets":"default","ocean_display_footer_bottom":"default","ocean_custom_footer_template":"","_mc_calendar":[],"footnotes":""},"class_list":["post-3219","page","type-page","status-publish","hentry","entry"],"aioseo_notices":[],"_links":{"self":[{"href":"https:\/\/enfantsdumonde.be\/test\/wp-json\/wp\/v2\/pages\/3219","targetHints":{"allow":["GET"]}}],"collection":[{"href":"https:\/\/enfantsdumonde.be\/test\/wp-json\/wp\/v2\/pages"}],"about":[{"href":"https:\/\/enfantsdumonde.be\/test\/wp-json\/wp\/v2\/types\/page"}],"author":[{"embeddable":true,"href":"https:\/\/enfantsdumonde.be\/test\/wp-json\/wp\/v2\/users\/5"}],"replies":[{"embeddable":true,"href":"https:\/\/enfantsdumonde.be\/test\/wp-json\/wp\/v2\/comments?post=3219"}],"version-history":[{"count":3,"href":"https:\/\/enfantsdumonde.be\/test\/wp-json\/wp\/v2\/pages\/3219\/revisions"}],"predecessor-version":[{"id":12490,"href":"https:\/\/enfantsdumonde.be\/test\/wp-json\/wp\/v2\/pages\/3219\/revisions\/12490"}],"up":[{"embeddable":true,"href":"https:\/\/enfantsdumonde.be\/test\/wp-json\/wp\/v2\/pages\/19"}],"wp:attachment":[{"href":"https:\/\/enfantsdumonde.be\/test\/wp-json\/wp\/v2\/media?parent=3219"}],"curies":[{"name":"wp","href":"https:\/\/api.w.org\/{rel}","templated":true}]}}