{"id":3179,"date":"2021-03-10T16:05:40","date_gmt":"2021-03-10T15:05:40","guid":{"rendered":"https:\/\/enfantsdumonde.be\/test\/\/\/\/\/\/\/\/\/?page_id=3179"},"modified":"2026-02-15T16:18:12","modified_gmt":"2026-02-15T15:18:12","slug":"edm-cest","status":"publish","type":"page","link":"https:\/\/enfantsdumonde.be\/test\/notreasbl\/edm-cest\/","title":{"rendered":"Enfants du Monde, c&rsquo;est &#8230;"},"content":{"rendered":"\t\t<div data-elementor-type=\"wp-page\" data-elementor-id=\"3179\" class=\"elementor elementor-3179\">\n\t\t\t\t\t\t<section class=\"elementor-section elementor-top-section elementor-element elementor-element-5d6aeff elementor-section-boxed elementor-section-height-default elementor-section-height-default\" data-id=\"5d6aeff\" data-element_type=\"section\" data-e-type=\"section\">\n\t\t\t\t\t\t<div class=\"elementor-container elementor-column-gap-default\">\n\t\t\t\t\t<div class=\"elementor-column elementor-col-100 elementor-top-column elementor-element elementor-element-f55369f\" data-id=\"f55369f\" data-element_type=\"column\" data-e-type=\"column\">\n\t\t\t<div class=\"elementor-widget-wrap elementor-element-populated\">\n\t\t\t\t\t\t<div class=\"elementor-element elementor-element-9a1e22d elementor-widget elementor-widget-image\" data-id=\"9a1e22d\" data-element_type=\"widget\" data-e-type=\"widget\" data-widget_type=\"image.default\">\n\t\t\t\t<div class=\"elementor-widget-container\">\n\t\t\t\t\t\t\t\t\t\t\t\t\t\t\t<img fetchpriority=\"high\" width=\"1024\" height=\"576\"  class=\"attachment-large size-large wp-image-5397 lws-optimize-lazyload\" alt=\"\" srcset=\"https:\/\/enfantsdumonde.be\/test\/wp-content\/uploads\/2021\/05\/manuhoran_lwsoptimized.webp 1024w, https:\/\/enfantsdumonde.be\/test\/wp-content\/uploads\/2021\/05\/manuhoran_lwsoptimized-300x169.webp 300w, https:\/\/enfantsdumonde.be\/test\/wp-content\/uploads\/2021\/05\/manuhoran_lwsoptimized-768x432.webp 768w, https:\/\/enfantsdumonde.be\/test\/wp-content\/uploads\/2021\/05\/manuhoran_lwsoptimized-800x450.webp 800w\" sizes=\"(max-width: 1024px) 100vw, 1024px\" \/ data-src=\"https:\/\/enfantsdumonde.be\/test\/wp-content\/uploads\/2021\/05\/manuhoran_lwsoptimized.webp\">\t\t\t\t\t\t\t\t\t\t\t\t\t\t\t<\/div>\n\t\t\t\t<\/div>\n\t\t\t\t\t<\/div>\n\t\t<\/div>\n\t\t\t\t\t<\/div>\n\t\t<\/section>\n\t\t\t\t<section class=\"elementor-section elementor-top-section elementor-element elementor-element-ce6cba4 elementor-section-boxed elementor-section-height-default elementor-section-height-default\" data-id=\"ce6cba4\" data-element_type=\"section\" data-e-type=\"section\">\n\t\t\t\t\t\t<div class=\"elementor-container elementor-column-gap-default\">\n\t\t\t\t\t<div class=\"elementor-column elementor-col-100 elementor-top-column elementor-element elementor-element-382405c\" data-id=\"382405c\" data-element_type=\"column\" data-e-type=\"column\">\n\t\t\t<div class=\"elementor-widget-wrap elementor-element-populated\">\n\t\t\t\t\t\t<div class=\"elementor-element elementor-element-159bbe8 elementor-widget elementor-widget-text-editor\" data-id=\"159bbe8\" data-element_type=\"widget\" data-e-type=\"widget\" data-widget_type=\"text-editor.default\">\n\t\t\t\t<div class=\"elementor-widget-container\">\n\t\t\t\t\t\t\t\t\t<p><strong>Enfants du Monde<\/strong> \u2026 ce sont ces gens qui, en plein hiver, les doigts bleus rong\u00e9s par le froid, fabriquaient des caisses dehors avec de vieilles palettes chez et avec Nanou et Charles<\/p><p><strong>Enfants du Monde<\/strong> \u2026 ce sont ces gens qui chopaient des dysenteries, des h\u00e9patites l\u00e0\u00a0 o\u00f9 ils \u00e9taient envoy\u00e9s<\/p><p><strong>Enfant du Monde <\/strong>\u2026 c&rsquo;est Annick Van Eeckout, d\u00e9c\u00e9d\u00e9e en Inde en allant visiter les parrainages du P\u00e8re de Souza<\/p>\t\t\t\t\t\t\t\t<\/div>\n\t\t\t\t<\/div>\n\t\t\t\t\t<\/div>\n\t\t<\/div>\n\t\t\t\t\t<\/div>\n\t\t<\/section>\n\t\t\t\t<section class=\"elementor-section elementor-top-section elementor-element elementor-element-be3a9f4 elementor-section-boxed elementor-section-height-default elementor-section-height-default\" data-id=\"be3a9f4\" data-element_type=\"section\" data-e-type=\"section\">\n\t\t\t\t\t\t<div class=\"elementor-container elementor-column-gap-default\">\n\t\t\t\t\t<div class=\"elementor-column elementor-col-66 elementor-top-column elementor-element elementor-element-0b400c0\" data-id=\"0b400c0\" data-element_type=\"column\" data-e-type=\"column\">\n\t\t\t<div class=\"elementor-widget-wrap elementor-element-populated\">\n\t\t\t\t\t\t<div class=\"elementor-element elementor-element-b7c1487 elementor-widget elementor-widget-text-editor\" data-id=\"b7c1487\" data-element_type=\"widget\" data-e-type=\"widget\" data-widget_type=\"text-editor.default\">\n\t\t\t\t<div class=\"elementor-widget-container\">\n\t\t\t\t\t\t\t\t\t<p><strong>Enfants du Monde <\/strong>\u2026 c\u2019\u00e9taient des rencontres inoubliables de personnes extraordinaires qui consacraient leur vie \u00e0 aider les plus\u00a0d\u00e9munis, M\u00e8re Henry \u00e0 Pondy qui a sauv\u00e9 des dizaines d&rsquo;enfants, S\u0153ur Marie-No\u00ebl chez les l\u00e9preux, Emile aupr\u00e8s des Tib\u00e9tains exil\u00e9s, S\u0153ur Peter m\u00e9decin irlandaise qui,\u00a0\u00e0 plus de 80 ans continuait \u00e0 professer avec une autorit\u00e9 assez\u00a0terrorisante&#8230; et tant d&rsquo;autres femmes et hommes qui furent pour nous de fameux exemples de vie&#8230;\u00a0 \u00a0<\/p><p><strong>Enfants du Monde <\/strong>\u2026 ce sont tous ces b\u00e9n\u00e9voles qui se d\u00e9pensent \u00e0 qui mieux mieux pour d\u00e9fendre les enfants les plus d\u00e9munis<\/p><p><strong>Enfants du Monde<\/strong> ce sont aussi des caract\u00e8res bien tremp\u00e9s qui ont eu parfois du mal \u00e0 s&rsquo;entendre, car Enfants du Monde est form\u00e9 d&rsquo;\u00eatres humains pas toujours parfaits\u00a0<\/p><p><strong>Enfants du Monde <\/strong>&#8230; pour beaucoup d&rsquo;entre nous, c&rsquo;est toute notre vie !<\/p><p>Maud Richoux<\/p>\t\t\t\t\t\t\t\t<\/div>\n\t\t\t\t<\/div>\n\t\t\t\t\t<\/div>\n\t\t<\/div>\n\t\t\t\t<div class=\"elementor-column elementor-col-33 elementor-top-column elementor-element elementor-element-ad78e57\" data-id=\"ad78e57\" data-element_type=\"column\" data-e-type=\"column\">\n\t\t\t<div class=\"elementor-widget-wrap elementor-element-populated\">\n\t\t\t\t\t\t<div class=\"elementor-element elementor-element-ed7b301 elementor-widget elementor-widget-image\" data-id=\"ed7b301\" data-element_type=\"widget\" data-e-type=\"widget\" data-widget_type=\"image.default\">\n\t\t\t\t<div class=\"elementor-widget-container\">\n\t\t\t\t\t\t\t\t\t\t\t\t<figure class=\"wp-caption\">\n\t\t\t\t\t\t\t\t\t\t<img width=\"449\" height=\"721\"  class=\"attachment-large size-large wp-image-5402 lws-optimize-lazyload\" alt=\"\" srcset=\"https:\/\/enfantsdumonde.be\/test\/wp-content\/uploads\/2021\/05\/siege-liege-1990_lwsoptimized.webp 449w, https:\/\/enfantsdumonde.be\/test\/wp-content\/uploads\/2021\/05\/siege-liege-1990_lwsoptimized-187x300.webp 187w\" sizes=\"(max-width: 449px) 100vw, 449px\" \/ data-src=\"https:\/\/enfantsdumonde.be\/test\/wp-content\/uploads\/2021\/05\/siege-liege-1990_lwsoptimized.webp\">\t\t\t\t\t\t\t\t\t\t\t<figcaption class=\"widget-image-caption wp-caption-text\">Am\u00e9nagement du si\u00e8ge social \u00e0 Li\u00e8ge - 1990<\/figcaption>\n\t\t\t\t\t\t\t\t\t\t<\/figure>\n\t\t\t\t\t\t\t\t\t<\/div>\n\t\t\t\t<\/div>\n\t\t\t\t\t<\/div>\n\t\t<\/div>\n\t\t\t\t\t<\/div>\n\t\t<\/section>\n\t\t\t\t<\/div>\n\t\t","protected":false},"excerpt":{"rendered":"<p>Enfants du Monde \u2026 ce sont ces gens qui, en plein hiver, les doigts bleus rong\u00e9s par le froid, fabriquaient des caisses dehors avec de vieilles palettes chez et avec Nanou et Charles Enfants du Monde \u2026 ce sont ces gens qui chopaient des dysenteries, des h\u00e9patites l\u00e0\u00a0 o\u00f9 ils \u00e9taient envoy\u00e9s Enfant du Monde [&hellip;]<\/p>\n","protected":false},"author":5,"featured_media":0,"parent":556,"menu_order":0,"comment_status":"closed","ping_status":"closed","template":"","meta":{"ocean_post_layout":"","ocean_both_sidebars_style":"","ocean_both_sidebars_content_width":0,"ocean_both_sidebars_sidebars_width":0,"ocean_sidebar":"","ocean_second_sidebar":"","ocean_disable_margins":"enable","ocean_add_body_class":"","ocean_shortcode_before_top_bar":"","ocean_shortcode_after_top_bar":"","ocean_shortcode_before_header":"","ocean_shortcode_after_header":"","ocean_has_shortcode":"","ocean_shortcode_after_title":"","ocean_shortcode_before_footer_widgets":"","ocean_shortcode_after_footer_widgets":"","ocean_shortcode_before_footer_bottom":"","ocean_shortcode_after_footer_bottom":"","ocean_display_top_bar":"default","ocean_display_header":"default","ocean_header_style":"","ocean_center_header_left_menu":"","ocean_custom_header_template":"","ocean_custom_logo":0,"ocean_custom_retina_logo":0,"ocean_custom_logo_max_width":0,"ocean_custom_logo_tablet_max_width":0,"ocean_custom_logo_mobile_max_width":0,"ocean_custom_logo_max_height":0,"ocean_custom_logo_tablet_max_height":0,"ocean_custom_logo_mobile_max_height":0,"ocean_header_custom_menu":"","ocean_menu_typo_font_family":"","ocean_menu_typo_font_subset":"","ocean_menu_typo_font_size":0,"ocean_menu_typo_font_size_tablet":0,"ocean_menu_typo_font_size_mobile":0,"ocean_menu_typo_font_size_unit":"px","ocean_menu_typo_font_weight":"","ocean_menu_typo_font_weight_tablet":"","ocean_menu_typo_font_weight_mobile":"","ocean_menu_typo_transform":"","ocean_menu_typo_transform_tablet":"","ocean_menu_typo_transform_mobile":"","ocean_menu_typo_line_height":0,"ocean_menu_typo_line_height_tablet":0,"ocean_menu_typo_line_height_mobile":0,"ocean_menu_typo_line_height_unit":"","ocean_menu_typo_spacing":0,"ocean_menu_typo_spacing_tablet":0,"ocean_menu_typo_spacing_mobile":0,"ocean_menu_typo_spacing_unit":"","ocean_menu_link_color":"","ocean_menu_link_color_hover":"","ocean_menu_link_color_active":"","ocean_menu_link_background":"","ocean_menu_link_hover_background":"","ocean_menu_link_active_background":"","ocean_menu_social_links_bg":"","ocean_menu_social_hover_links_bg":"","ocean_menu_social_links_color":"","ocean_menu_social_hover_links_color":"","ocean_disable_title":"default","ocean_disable_heading":"default","ocean_post_title":"","ocean_post_subheading":"","ocean_post_title_style":"","ocean_post_title_background_color":"","ocean_post_title_background":0,"ocean_post_title_bg_image_position":"","ocean_post_title_bg_image_attachment":"","ocean_post_title_bg_image_repeat":"","ocean_post_title_bg_image_size":"","ocean_post_title_height":0,"ocean_post_title_bg_overlay":0.5,"ocean_post_title_bg_overlay_color":"","ocean_disable_breadcrumbs":"default","ocean_breadcrumbs_color":"","ocean_breadcrumbs_separator_color":"","ocean_breadcrumbs_links_color":"","ocean_breadcrumbs_links_hover_color":"","ocean_display_footer_widgets":"default","ocean_display_footer_bottom":"default","ocean_custom_footer_template":"","_mc_calendar":[],"footnotes":""},"class_list":["post-3179","page","type-page","status-publish","hentry","entry"],"aioseo_notices":[],"_links":{"self":[{"href":"https:\/\/enfantsdumonde.be\/test\/wp-json\/wp\/v2\/pages\/3179","targetHints":{"allow":["GET"]}}],"collection":[{"href":"https:\/\/enfantsdumonde.be\/test\/wp-json\/wp\/v2\/pages"}],"about":[{"href":"https:\/\/enfantsdumonde.be\/test\/wp-json\/wp\/v2\/types\/page"}],"author":[{"embeddable":true,"href":"https:\/\/enfantsdumonde.be\/test\/wp-json\/wp\/v2\/users\/5"}],"replies":[{"embeddable":true,"href":"https:\/\/enfantsdumonde.be\/test\/wp-json\/wp\/v2\/comments?post=3179"}],"version-history":[{"count":3,"href":"https:\/\/enfantsdumonde.be\/test\/wp-json\/wp\/v2\/pages\/3179\/revisions"}],"predecessor-version":[{"id":12139,"href":"https:\/\/enfantsdumonde.be\/test\/wp-json\/wp\/v2\/pages\/3179\/revisions\/12139"}],"up":[{"embeddable":true,"href":"https:\/\/enfantsdumonde.be\/test\/wp-json\/wp\/v2\/pages\/556"}],"wp:attachment":[{"href":"https:\/\/enfantsdumonde.be\/test\/wp-json\/wp\/v2\/media?parent=3179"}],"curies":[{"name":"wp","href":"https:\/\/api.w.org\/{rel}","templated":true}]}}