{"id":3034,"date":"2021-03-09T18:08:22","date_gmt":"2021-03-09T17:08:22","guid":{"rendered":"https:\/\/enfantsdumonde.be\/test\/\/\/\/\/\/\/\/\/?page_id=3034"},"modified":"2026-02-20T16:17:58","modified_gmt":"2026-02-20T15:17:58","slug":"madagascar","status":"publish","type":"page","link":"https:\/\/enfantsdumonde.be\/test\/afrique\/madagascar\/","title":{"rendered":"Madagascar"},"content":{"rendered":"\t\t<div data-elementor-type=\"wp-page\" data-elementor-id=\"3034\" class=\"elementor elementor-3034\">\n\t\t\t\t\t\t<section class=\"elementor-section elementor-top-section elementor-element elementor-element-796e690 elementor-section-boxed elementor-section-height-default elementor-section-height-default\" data-id=\"796e690\" data-element_type=\"section\" data-e-type=\"section\">\n\t\t\t\t\t\t<div class=\"elementor-container elementor-column-gap-default\">\n\t\t\t\t\t<div class=\"elementor-column elementor-col-100 elementor-top-column elementor-element elementor-element-b294375\" data-id=\"b294375\" data-element_type=\"column\" data-e-type=\"column\">\n\t\t\t<div class=\"elementor-widget-wrap elementor-element-populated\">\n\t\t\t\t\t\t<div class=\"elementor-element elementor-element-79560a3 elementor-widget elementor-widget-image\" data-id=\"79560a3\" data-element_type=\"widget\" data-e-type=\"widget\" data-widget_type=\"image.default\">\n\t\t\t\t<div class=\"elementor-widget-container\">\n\t\t\t\t\t\t\t\t\t\t\t\t\t\t\t<img width=\"110\" height=\"73\"  class=\"attachment-large size-large wp-image-3040 lws-optimize-lazyload\" alt=\"\" \/ data-src=\"https:\/\/enfantsdumonde.be\/test\/wp-content\/uploads\/2021\/03\/Flag_of_Madagascar.svg__lwsoptimized.webp\">\t\t\t\t\t\t\t\t\t\t\t\t\t\t\t<\/div>\n\t\t\t\t<\/div>\n\t\t\t\t\t<\/div>\n\t\t<\/div>\n\t\t\t\t\t<\/div>\n\t\t<\/section>\n\t\t\t\t<section class=\"elementor-section elementor-top-section elementor-element elementor-element-7b1c9e6 elementor-section-boxed elementor-section-height-default elementor-section-height-default\" data-id=\"7b1c9e6\" data-element_type=\"section\" data-e-type=\"section\">\n\t\t\t\t\t\t<div class=\"elementor-container elementor-column-gap-default\">\n\t\t\t\t\t<div class=\"elementor-column elementor-col-100 elementor-top-column elementor-element elementor-element-7bd64cf\" data-id=\"7bd64cf\" data-element_type=\"column\" data-e-type=\"column\">\n\t\t\t<div class=\"elementor-widget-wrap elementor-element-populated\">\n\t\t\t\t\t\t<div class=\"elementor-element elementor-element-d21e4d0 elementor-widget elementor-widget-image\" data-id=\"d21e4d0\" data-element_type=\"widget\" data-e-type=\"widget\" data-widget_type=\"image.default\">\n\t\t\t\t<div class=\"elementor-widget-container\">\n\t\t\t\t\t\t\t\t\t\t\t\t\t\t\t<img fetchpriority=\"high\" width=\"776\" height=\"1024\"  class=\"attachment-large size-large wp-image-9503 lws-optimize-lazyload\" alt=\"\" srcset=\"https:\/\/enfantsdumonde.be\/test\/wp-content\/uploads\/2024\/03\/Madagascar-map_lwsoptimized-776x1024.webp 776w, https:\/\/enfantsdumonde.be\/test\/wp-content\/uploads\/2024\/03\/Madagascar-map_lwsoptimized-227x300.webp 227w, https:\/\/enfantsdumonde.be\/test\/wp-content\/uploads\/2024\/03\/Madagascar-map_lwsoptimized-768x1013.webp 768w, https:\/\/enfantsdumonde.be\/test\/wp-content\/uploads\/2024\/03\/Madagascar-map_lwsoptimized.webp 1024w\" sizes=\"(max-width: 776px) 100vw, 776px\" \/ data-src=\"https:\/\/enfantsdumonde.be\/test\/wp-content\/uploads\/2024\/03\/Madagascar-map_lwsoptimized-776x1024.webp\">\t\t\t\t\t\t\t\t\t\t\t\t\t\t\t<\/div>\n\t\t\t\t<\/div>\n\t\t\t\t\t<\/div>\n\t\t<\/div>\n\t\t\t\t\t<\/div>\n\t\t<\/section>\n\t\t\t\t<section class=\"elementor-section elementor-top-section elementor-element elementor-element-e178dcc elementor-section-boxed elementor-section-height-default elementor-section-height-default\" data-id=\"e178dcc\" data-element_type=\"section\" data-e-type=\"section\">\n\t\t\t\t\t\t<div class=\"elementor-container elementor-column-gap-default\">\n\t\t\t\t\t<div class=\"elementor-column elementor-col-100 elementor-top-column elementor-element elementor-element-8b7c813\" data-id=\"8b7c813\" data-element_type=\"column\" data-e-type=\"column\">\n\t\t\t<div class=\"elementor-widget-wrap elementor-element-populated\">\n\t\t\t\t\t\t<div class=\"elementor-element elementor-element-71dc3a9 elementor-widget elementor-widget-text-editor\" data-id=\"71dc3a9\" data-element_type=\"widget\" data-e-type=\"widget\" data-widget_type=\"text-editor.default\">\n\t\t\t\t<div class=\"elementor-widget-container\">\n\t\t\t\t\t\t\t\t\t<p>Madagascar est un \u00c9tat insulaire situ\u00e9 dans l&rsquo;Oc\u00e9an Indien et g\u00e9ographiquement rattach\u00e9 au continent africain, dont il est s\u00e9par\u00e9 par le canal du Mozambique. C\u2019est la cinqui\u00e8me plus grande \u00eele du monde apr\u00e8s l&rsquo;Australie, le Groenland, la Nouvelle-Guin\u00e9e et Born\u00e9o. Longue de 1&nbsp;580&nbsp;<abbr class=\"abbr\" title=\"kilom\u00e8tre\">km<\/abbr> et large de 580&nbsp;<abbr class=\"abbr\" title=\"kilom\u00e8tre\">km<\/abbr>, Madagascar couvre une superficie de 587&nbsp;000&nbsp;<abbr class=\"abbr\" title=\"kilom\u00e8tre carr\u00e9\">km<sup>2<\/sup><\/abbr>. Sa capitale est Antananarivo<sup id=\"cite_ref-6\" class=\"reference\"><\/sup> et le pays a pour monnaie l&rsquo;ariary. Ses habitants, les Malgaches, sont un peuple austron\u00e9sien parlant une langue malayo-polyn\u00e9sienne&nbsp;: le malgache. Le pays est entour\u00e9 par d&rsquo;autres \u00eeles et archipels dont l&rsquo;\u00eele Maurice, les Seychelles, Mayotte, les Comores et La R\u00e9union.<\/p>\n<p><a href=\"https:\/\/fr.wikipedia.org\/wiki\/Madagascar\" target=\"_blank\" rel=\"noopener\">https:\/\/fr.wikipedia.org\/wiki\/Madagascar<\/a><\/p>\t\t\t\t\t\t\t\t<\/div>\n\t\t\t\t<\/div>\n\t\t\t\t\t<\/div>\n\t\t<\/div>\n\t\t\t\t\t<\/div>\n\t\t<\/section>\n\t\t\t\t<section class=\"elementor-section elementor-top-section elementor-element elementor-element-346e8a9 elementor-section-boxed elementor-section-height-default elementor-section-height-default\" data-id=\"346e8a9\" data-element_type=\"section\" data-e-type=\"section\">\n\t\t\t\t\t\t<div class=\"elementor-container elementor-column-gap-default\">\n\t\t\t\t\t<div class=\"elementor-column elementor-col-100 elementor-top-column elementor-element elementor-element-42009df\" data-id=\"42009df\" data-element_type=\"column\" data-e-type=\"column\">\n\t\t\t<div class=\"elementor-widget-wrap elementor-element-populated\">\n\t\t\t\t\t\t<div class=\"elementor-element elementor-element-3e1d650 elementor-widget elementor-widget-heading\" data-id=\"3e1d650\" data-element_type=\"widget\" data-e-type=\"widget\" data-widget_type=\"heading.default\">\n\t\t\t\t<div class=\"elementor-widget-container\">\n\t\t\t\t\t<h2 class=\"elementor-heading-title elementor-size-default\">Nos maisons<\/h2>\t\t\t\t<\/div>\n\t\t\t\t<\/div>\n\t\t\t\t\t<\/div>\n\t\t<\/div>\n\t\t\t\t\t<\/div>\n\t\t<\/section>\n\t\t\t\t<section class=\"elementor-section elementor-top-section elementor-element elementor-element-fbd8f21 elementor-section-boxed elementor-section-height-default elementor-section-height-default\" data-id=\"fbd8f21\" data-element_type=\"section\" data-e-type=\"section\">\n\t\t\t\t\t\t<div class=\"elementor-container elementor-column-gap-default\">\n\t\t\t\t\t<div class=\"elementor-column elementor-col-100 elementor-top-column elementor-element elementor-element-40ce715\" data-id=\"40ce715\" data-element_type=\"column\" data-e-type=\"column\">\n\t\t\t<div class=\"elementor-widget-wrap elementor-element-populated\">\n\t\t\t\t\t\t<div class=\"elementor-element elementor-element-3e528b3 elementor-widget elementor-widget-text-editor\" data-id=\"3e528b3\" data-element_type=\"widget\" data-e-type=\"widget\" data-widget_type=\"text-editor.default\">\n\t\t\t\t<div class=\"elementor-widget-container\">\n\t\t\t\t\t\t\t\t\t<p><a href=\"https:\/\/www.enfantsdumonde.be\/102-st-vincent\/\" target=\"_blank\" rel=\"noopener\">102 &#8211; Centre social St Vincent de Paul &#8211; Antananarivo<\/a><br \/><a href=\"https:\/\/www.enfantsdumonde.be\/paulins\/\" target=\"_blank\" rel=\"noopener\">107 &#8211; S\u0153urs Trinitaires Bel Air &#8211; \u0152uvre des Paulins<\/a><br \/><a href=\"https:\/\/www.enfantsdumonde.be\/manakara\/\" target=\"_blank\" rel=\"noopener\">110 &#8211; Manakara &#8211; Coll\u00e8ge de la Pr\u00e9sentation de Marie<\/a><br \/><a href=\"https:\/\/www.enfantsdumonde.be\/afrique\/madagascar\/mahavoky\/\" target=\"_blank\" rel=\"noopener\">111 &#8211; Mahav\u00f4ky<\/a><\/p><div id=\"ConnectiveDocSignExtentionInstalled\" data-extension-version=\"1.0.4\">\u00a0<\/div>\t\t\t\t\t\t\t\t<\/div>\n\t\t\t\t<\/div>\n\t\t\t\t\t<\/div>\n\t\t<\/div>\n\t\t\t\t\t<\/div>\n\t\t<\/section>\n\t\t\t\t<\/div>\n\t\t","protected":false},"excerpt":{"rendered":"<p>Madagascar est un \u00c9tat insulaire situ\u00e9 dans l&rsquo;Oc\u00e9an Indien et g\u00e9ographiquement rattach\u00e9 au continent africain, dont il est s\u00e9par\u00e9 par le canal du Mozambique. C\u2019est la cinqui\u00e8me plus grande \u00eele du monde apr\u00e8s l&rsquo;Australie, le Groenland, la Nouvelle-Guin\u00e9e et Born\u00e9o. Longue de 1&nbsp;580&nbsp;km et large de 580&nbsp;km, Madagascar couvre une superficie de 587&nbsp;000&nbsp;km2. Sa capitale [&hellip;]<\/p>\n","protected":false},"author":5,"featured_media":0,"parent":19,"menu_order":0,"comment_status":"closed","ping_status":"closed","template":"","meta":{"ocean_post_layout":"","ocean_both_sidebars_style":"","ocean_both_sidebars_content_width":0,"ocean_both_sidebars_sidebars_width":0,"ocean_sidebar":"","ocean_second_sidebar":"","ocean_disable_margins":"enable","ocean_add_body_class":"","ocean_shortcode_before_top_bar":"","ocean_shortcode_after_top_bar":"","ocean_shortcode_before_header":"","ocean_shortcode_after_header":"","ocean_has_shortcode":"","ocean_shortcode_after_title":"","ocean_shortcode_before_footer_widgets":"","ocean_shortcode_after_footer_widgets":"","ocean_shortcode_before_footer_bottom":"","ocean_shortcode_after_footer_bottom":"","ocean_display_top_bar":"default","ocean_display_header":"default","ocean_header_style":"","ocean_center_header_left_menu":"","ocean_custom_header_template":"","ocean_custom_logo":0,"ocean_custom_retina_logo":0,"ocean_custom_logo_max_width":0,"ocean_custom_logo_tablet_max_width":0,"ocean_custom_logo_mobile_max_width":0,"ocean_custom_logo_max_height":0,"ocean_custom_logo_tablet_max_height":0,"ocean_custom_logo_mobile_max_height":0,"ocean_header_custom_menu":"","ocean_menu_typo_font_family":"","ocean_menu_typo_font_subset":"","ocean_menu_typo_font_size":0,"ocean_menu_typo_font_size_tablet":0,"ocean_menu_typo_font_size_mobile":0,"ocean_menu_typo_font_size_unit":"px","ocean_menu_typo_font_weight":"","ocean_menu_typo_font_weight_tablet":"","ocean_menu_typo_font_weight_mobile":"","ocean_menu_typo_transform":"","ocean_menu_typo_transform_tablet":"","ocean_menu_typo_transform_mobile":"","ocean_menu_typo_line_height":0,"ocean_menu_typo_line_height_tablet":0,"ocean_menu_typo_line_height_mobile":0,"ocean_menu_typo_line_height_unit":"","ocean_menu_typo_spacing":0,"ocean_menu_typo_spacing_tablet":0,"ocean_menu_typo_spacing_mobile":0,"ocean_menu_typo_spacing_unit":"","ocean_menu_link_color":"","ocean_menu_link_color_hover":"","ocean_menu_link_color_active":"","ocean_menu_link_background":"","ocean_menu_link_hover_background":"","ocean_menu_link_active_background":"","ocean_menu_social_links_bg":"","ocean_menu_social_hover_links_bg":"","ocean_menu_social_links_color":"","ocean_menu_social_hover_links_color":"","ocean_disable_title":"default","ocean_disable_heading":"default","ocean_post_title":"","ocean_post_subheading":"","ocean_post_title_style":"","ocean_post_title_background_color":"","ocean_post_title_background":0,"ocean_post_title_bg_image_position":"","ocean_post_title_bg_image_attachment":"","ocean_post_title_bg_image_repeat":"","ocean_post_title_bg_image_size":"","ocean_post_title_height":0,"ocean_post_title_bg_overlay":0.5,"ocean_post_title_bg_overlay_color":"","ocean_disable_breadcrumbs":"default","ocean_breadcrumbs_color":"","ocean_breadcrumbs_separator_color":"","ocean_breadcrumbs_links_color":"","ocean_breadcrumbs_links_hover_color":"","ocean_display_footer_widgets":"default","ocean_display_footer_bottom":"default","ocean_custom_footer_template":"","_mc_calendar":[],"footnotes":""},"class_list":["post-3034","page","type-page","status-publish","hentry","entry"],"aioseo_notices":[],"_links":{"self":[{"href":"https:\/\/enfantsdumonde.be\/test\/wp-json\/wp\/v2\/pages\/3034","targetHints":{"allow":["GET"]}}],"collection":[{"href":"https:\/\/enfantsdumonde.be\/test\/wp-json\/wp\/v2\/pages"}],"about":[{"href":"https:\/\/enfantsdumonde.be\/test\/wp-json\/wp\/v2\/types\/page"}],"author":[{"embeddable":true,"href":"https:\/\/enfantsdumonde.be\/test\/wp-json\/wp\/v2\/users\/5"}],"replies":[{"embeddable":true,"href":"https:\/\/enfantsdumonde.be\/test\/wp-json\/wp\/v2\/comments?post=3034"}],"version-history":[{"count":3,"href":"https:\/\/enfantsdumonde.be\/test\/wp-json\/wp\/v2\/pages\/3034\/revisions"}],"predecessor-version":[{"id":12400,"href":"https:\/\/enfantsdumonde.be\/test\/wp-json\/wp\/v2\/pages\/3034\/revisions\/12400"}],"up":[{"embeddable":true,"href":"https:\/\/enfantsdumonde.be\/test\/wp-json\/wp\/v2\/pages\/19"}],"wp:attachment":[{"href":"https:\/\/enfantsdumonde.be\/test\/wp-json\/wp\/v2\/media?parent=3034"}],"curies":[{"name":"wp","href":"https:\/\/api.w.org\/{rel}","templated":true}]}}