{"id":249,"date":"2014-06-27T10:10:16","date_gmt":"2014-06-27T09:10:16","guid":{"rendered":"http:\/\/localhost\/enfantsdumonde\/?page_id=249"},"modified":"2026-02-17T10:57:35","modified_gmt":"2026-02-17T09:57:35","slug":"inscription","status":"publish","type":"page","link":"https:\/\/enfantsdumonde.be\/test\/inscription\/","title":{"rendered":"Formulaire d&rsquo;inscription"},"content":{"rendered":"\t\t<div data-elementor-type=\"wp-page\" data-elementor-id=\"249\" class=\"elementor elementor-249\">\n\t\t\t\t\t\t<section class=\"elementor-section elementor-top-section elementor-element elementor-element-dfea033 elementor-section-boxed elementor-section-height-default elementor-section-height-default\" data-id=\"dfea033\" data-element_type=\"section\" data-e-type=\"section\">\n\t\t\t\t\t\t<div class=\"elementor-container elementor-column-gap-default\">\n\t\t\t\t\t<div class=\"elementor-column elementor-col-100 elementor-top-column elementor-element elementor-element-b1540bd\" data-id=\"b1540bd\" data-element_type=\"column\" data-e-type=\"column\">\n\t\t\t<div class=\"elementor-widget-wrap elementor-element-populated\">\n\t\t\t\t\t\t<div class=\"elementor-element elementor-element-90e479f elementor-widget elementor-widget-image\" data-id=\"90e479f\" data-element_type=\"widget\" data-e-type=\"widget\" data-widget_type=\"image.default\">\n\t\t\t\t<div class=\"elementor-widget-container\">\n\t\t\t\t\t\t\t\t\t\t\t\t\t\t\t\t<a href=\"https:\/\/enfantsdumonde.be\/wp-content\/uploads\/2026\/02\/alexpee07-hieroglyphs-429863_640.webp\" data-elementor-open-lightbox=\"yes\" data-elementor-lightbox-title=\"alexpee07-hieroglyphs-429863_640\" data-e-action-hash=\"#elementor-action%3Aaction%3Dlightbox%26settings%3DeyJpZCI6MTIyMTEsInVybCI6Imh0dHBzOlwvXC9lbmZhbnRzZHVtb25kZS5iZVwvdGVzdFwvd3AtY29udGVudFwvdXBsb2Fkc1wvMjAyNlwvMDJcL2FsZXhwZWUwNy1oaWVyb2dseXBocy00Mjk4NjNfNjQwLndlYnAifQ%3D%3D\">\n\t\t\t\t\t\t\t<img fetchpriority=\"high\" width=\"640\" height=\"427\"  class=\"attachment-medium_large size-medium_large wp-image-12211 lws-optimize-lazyload\" alt=\"\" srcset=\"https:\/\/enfantsdumonde.be\/test\/wp-content\/uploads\/2026\/02\/alexpee07-hieroglyphs-429863_640.webp 640w, https:\/\/enfantsdumonde.be\/test\/wp-content\/uploads\/2026\/02\/alexpee07-hieroglyphs-429863_640-300x200.webp 300w\" sizes=\"(max-width: 640px) 100vw, 640px\" \/ data-src=\"https:\/\/enfantsdumonde.be\/test\/wp-content\/uploads\/2026\/02\/alexpee07-hieroglyphs-429863_640.webp\">\t\t\t\t\t\t\t\t<\/a>\n\t\t\t\t\t\t\t\t\t\t\t\t\t\t\t<\/div>\n\t\t\t\t<\/div>\n\t\t\t\t\t<\/div>\n\t\t<\/div>\n\t\t\t\t\t<\/div>\n\t\t<\/section>\n\t\t\t\t<section class=\"elementor-section elementor-top-section elementor-element elementor-element-402e6288 elementor-section-boxed elementor-section-height-default elementor-section-height-default\" data-id=\"402e6288\" data-element_type=\"section\" data-e-type=\"section\">\n\t\t\t\t\t\t<div class=\"elementor-container elementor-column-gap-default\">\n\t\t\t\t\t<div class=\"elementor-column elementor-col-100 elementor-top-column elementor-element elementor-element-3acd8945\" data-id=\"3acd8945\" data-element_type=\"column\" data-e-type=\"column\">\n\t\t\t<div class=\"elementor-widget-wrap elementor-element-populated\">\n\t\t\t\t\t\t<div class=\"elementor-element elementor-element-3d854167 elementor-widget elementor-widget-text-editor\" data-id=\"3d854167\" data-element_type=\"widget\" data-e-type=\"widget\" data-widget_type=\"text-editor.default\">\n\t\t\t\t<div class=\"elementor-widget-container\">\n\t\t\t\t\t\t\t\t\t<div class=\"wpcf7 no-js\" id=\"wpcf7-f265-o1\" lang=\"fr-FR\" dir=\"ltr\" data-wpcf7-id=\"265\">\n<div class=\"screen-reader-response\">\n<p role=\"status\" aria-live=\"polite\" aria-atomic=\"true\">\n<ul><\/ul>\n<\/div>\n<form action=\"\/test\/wp-json\/wp\/v2\/pages\/249#wpcf7-f265-o1\" method=\"post\" class=\"wpcf7-form init\" aria-label=\"Formulaire de contact\" novalidate=\"novalidate\" data-status=\"init\">\n<fieldset class=\"hidden-fields-container\"><input type=\"hidden\" name=\"_wpcf7\" value=\"265\" \/><input type=\"hidden\" name=\"_wpcf7_version\" value=\"6.1.5\" \/><input type=\"hidden\" name=\"_wpcf7_locale\" value=\"fr_FR\" \/><input type=\"hidden\" name=\"_wpcf7_unit_tag\" value=\"wpcf7-f265-o1\" \/><input type=\"hidden\" name=\"_wpcf7_container_post\" value=\"0\" \/><input type=\"hidden\" name=\"_wpcf7_posted_data_hash\" value=\"\" \/><input type=\"hidden\" name=\"_wpcf7_recaptcha_response\" value=\"\" \/><br \/>\n<\/fieldset>\n<p>Nous prot\u00e9geons la confidentialit\u00e9 de vos donn\u00e9es et ne les partageons qu&rsquo;avec les tiers qui rendent ce service possible. Lisez notre <a href=\"https:\/\/enfantsdumonde.be\/test\/\/\/\/\/\/\/\/\/vie-privee\/\" target=\"_blank\">Politique de confidentialit\u00e9<\/a>.<br \/>\nEn compl\u00e9tant ce formulaire, vous acceptez cette protection de la vie priv\u00e9e &#8211; RGPD.\n<\/p>\n<p><span class=\"wpcf7-form-control-wrap\" data-name=\"titre\"><span class=\"wpcf7-form-control wpcf7-radio titre\" id=\"titre\"><span class=\"wpcf7-list-item first\"><input type=\"radio\" name=\"titre\" value=\"M.\" \/><span class=\"wpcf7-list-item-label\">M.<\/span><\/span><span class=\"wpcf7-list-item\"><input type=\"radio\" name=\"titre\" value=\"Mme\" \/><span class=\"wpcf7-list-item-label\">Mme<\/span><\/span><span class=\"wpcf7-list-item last\"><input type=\"radio\" name=\"titre\" value=\"Mlle\" \/><span class=\"wpcf7-list-item-label\">Mlle<\/span><\/span><\/span><\/span>\n<\/p>\n<p>Nom* <span class=\"wpcf7-form-control-wrap\" data-name=\"nom\"><input size=\"40\" maxlength=\"400\" class=\"wpcf7-form-control wpcf7-text wpcf7-validates-as-required nom\" id=\"nom\" aria-required=\"true\" aria-invalid=\"false\" placeholder=\"Votre nom\" value=\"\" type=\"text\" name=\"nom\" \/><\/span>\n<\/p>\n<p>Pr\u00e9nom* <span class=\"wpcf7-form-control-wrap\" data-name=\"prenom\"><input size=\"40\" maxlength=\"400\" class=\"wpcf7-form-control wpcf7-text wpcf7-validates-as-required prenom\" id=\"prenom\" aria-required=\"true\" aria-invalid=\"false\" placeholder=\"Votre pr\u00e9nom\" value=\"\" type=\"text\" name=\"prenom\" \/><\/span>\n<\/p>\n<p>Num\u00e9ro national obligatoire pour obtenir l&rsquo;attestation fiscale<br \/>\n<span class=\"wpcf7-form-control-wrap\" data-name=\"text-620\"><input size=\"40\" maxlength=\"11\" minlength=\"11\" class=\"wpcf7-form-control wpcf7-text\" aria-invalid=\"false\" placeholder=\"rien que les 11 chiffres repris de votre carte d&#039;identit\u00e9\" value=\"\" type=\"text\" name=\"text-620\" \/><\/span>\n<\/p>\n<p>Rue* <span class=\"wpcf7-form-control-wrap\" data-name=\"adresse\"><input size=\"40\" maxlength=\"400\" class=\"wpcf7-form-control wpcf7-text wpcf7-validates-as-required adresse\" id=\"adresse\" aria-required=\"true\" aria-invalid=\"false\" placeholder=\"Votre rue\" value=\"\" type=\"text\" name=\"adresse\" \/><\/span>\n<\/p>\n<p>Num\u00e9ro* <span class=\"wpcf7-form-control-wrap\" data-name=\"compadresse\"><input size=\"40\" maxlength=\"400\" class=\"wpcf7-form-control wpcf7-text compadresse\" id=\"compadresse\" aria-invalid=\"false\" placeholder=\"Votre num\u00e9ro\" value=\"\" type=\"text\" name=\"compadresse\" \/><\/span>\n<\/p>\n<p>Code postal* <span class=\"wpcf7-form-control-wrap\" data-name=\"cp\"><input class=\"wpcf7-form-control wpcf7-number wpcf7-validates-as-required wpcf7-validates-as-number cp\" id=\"cp\" aria-required=\"true\" aria-invalid=\"false\" placeholder=\"Votre code postal\" value=\"\" type=\"number\" name=\"cp\" \/><\/span>\n<\/p>\n<p>Ville* <span class=\"wpcf7-form-control-wrap\" data-name=\"ville\"><input size=\"40\" maxlength=\"400\" class=\"wpcf7-form-control wpcf7-text wpcf7-validates-as-required ville\" id=\"ville\" aria-required=\"true\" aria-invalid=\"false\" placeholder=\"Votre ville\" value=\"\" type=\"text\" name=\"ville\" \/><\/span>\n<\/p>\n<p>Pays <span class=\"wpcf7-form-control-wrap\" data-name=\"pays\"><input size=\"40\" maxlength=\"400\" class=\"wpcf7-form-control wpcf7-text pays\" id=\"pays\" aria-invalid=\"false\" placeholder=\"Votre pays\" value=\"\" type=\"text\" name=\"pays\" \/><\/span>\n<\/p>\n<p>T\u00e9l.\/GSM* <span class=\"wpcf7-form-control-wrap\" data-name=\"tel\"><input size=\"40\" maxlength=\"400\" class=\"wpcf7-form-control wpcf7-tel wpcf7-validates-as-required wpcf7-text wpcf7-validates-as-tel tel\" id=\"tel\" aria-required=\"true\" aria-invalid=\"false\" placeholder=\"Votre num\u00e9ro de t\u00e9l\u00e9phone\" value=\"\" type=\"tel\" name=\"tel\" \/><\/span>\n<\/p>\n<p>E-mail* <span class=\"wpcf7-form-control-wrap\" data-name=\"email\"><input size=\"40\" maxlength=\"400\" class=\"wpcf7-form-control wpcf7-email wpcf7-validates-as-required wpcf7-text wpcf7-validates-as-email email\" id=\"email\" aria-required=\"true\" aria-invalid=\"false\" placeholder=\"Votre adresse e-mail\" value=\"\" type=\"email\" name=\"email\" \/><\/span>\n<\/p>\n<p>Je souhaiterais :*\n<\/p>\n<p><span class=\"wpcf7-form-control-wrap\" data-name=\"souhait\"><span class=\"wpcf7-form-control wpcf7-checkbox wpcf7-validates-as-required souhait\" id=\"souhait\"><span class=\"wpcf7-list-item first\"><input type=\"checkbox\" name=\"souhait[]\" value=\"Faire un don\" \/><span class=\"wpcf7-list-item-label\">Faire un don<\/span><\/span><span class=\"wpcf7-list-item\"><input type=\"checkbox\" name=\"souhait[]\" value=\"Effectuer un legs en duo\" \/><span class=\"wpcf7-list-item-label\">Effectuer un legs en duo<\/span><\/span><span class=\"wpcf7-list-item\"><input type=\"checkbox\" name=\"souhait[]\" value=\"\u00catre b\u00e9n\u00e9vole\" \/><span class=\"wpcf7-list-item-label\">\u00catre b\u00e9n\u00e9vole<\/span><\/span><span class=\"wpcf7-list-item\"><input type=\"checkbox\" name=\"souhait[]\" value=\"Recevoir le journal en version papier\" \/><span class=\"wpcf7-list-item-label\">Recevoir le journal en version papier<\/span><\/span><span class=\"wpcf7-list-item\"><input type=\"checkbox\" name=\"souhait[]\" value=\"M&#039;inscrire \u00e0 la newsletter\" \/><span class=\"wpcf7-list-item-label\">M&#039;inscrire \u00e0 la newsletter<\/span><\/span><span class=\"wpcf7-list-item last\"><input type=\"checkbox\" name=\"souhait[]\" value=\"Scolariser un enfant\" \/><span class=\"wpcf7-list-item-label\">Scolariser un enfant<\/span><\/span><\/span><\/span>\n<\/p>\n<p>\nDans le cas d&rsquo;une demande de scolarisation, quelle(s) r\u00e9gion(s) pr\u00e9f\u00e9rez-vous?\n<\/p>\n<p><span class=\"wpcf7-form-control-wrap\" data-name=\"regions\"><span class=\"wpcf7-form-control wpcf7-checkbox regions\" id=\"regions\"><span class=\"wpcf7-list-item first\"><input type=\"checkbox\" name=\"regions[]\" value=\"Afrique\" \/><span class=\"wpcf7-list-item-label\">Afrique<\/span><\/span><span class=\"wpcf7-list-item\"><input type=\"checkbox\" name=\"regions[]\" value=\"Am\u00e9riques\" \/><span class=\"wpcf7-list-item-label\">Am\u00e9riques<\/span><\/span><span class=\"wpcf7-list-item\"><input type=\"checkbox\" name=\"regions[]\" value=\"Asie\" \/><span class=\"wpcf7-list-item-label\">Asie<\/span><\/span><span class=\"wpcf7-list-item last\"><input type=\"checkbox\" name=\"regions[]\" value=\"Pas de pr\u00e9f\u00e9rence\" \/><span class=\"wpcf7-list-item-label\">Pas de pr\u00e9f\u00e9rence<\/span><\/span><\/span><\/span>\n<\/p>\n<p>Commentaires\n<\/p>\n<p><span class=\"wpcf7-form-control-wrap\" data-name=\"commentaires\"><textarea cols=\"40\" rows=\"10\" maxlength=\"2000\" class=\"wpcf7-form-control wpcf7-textarea commentaires\" id=\"commentaires\" aria-invalid=\"false\" placeholder=\"Si vous avez des questions et\/ou suggestions, n&#039;h\u00e9sitez pas \u00e0 nous en faire part ici!\" name=\"commentaires\"><\/textarea><\/span>\n<\/p>\n<p class:obligation>*Champs obligatoires\n<\/p>\n<p><input class=\"wpcf7-form-control wpcf7-submit has-spinner\" type=\"submit\" value=\"Envoyer\" \/>\n<\/p>\n<p><input type='hidden' class='wpcf7-pum' value='{\"closepopup\":false,\"closedelay\":0,\"openpopup\":false,\"openpopup_id\":0}' \/><\/p>\n<div class=\"wpcf7-response-output\" aria-hidden=\"true\"><\/div>\n<\/form>\n<\/div>\n\n\n\n\n\t\t\t\t\t\t\t\t<\/div>\n\t\t\t\t<\/div>\n\t\t\t\t\t<\/div>\n\t\t<\/div>\n\t\t\t\t\t<\/div>\n\t\t<\/section>\n\t\t\t\t<\/div>\n\t\t","protected":false},"excerpt":{"rendered":"","protected":false},"author":5,"featured_media":0,"parent":0,"menu_order":0,"comment_status":"closed","ping_status":"closed","template":"","meta":{"ocean_post_layout":"","ocean_both_sidebars_style":"","ocean_both_sidebars_content_width":0,"ocean_both_sidebars_sidebars_width":0,"ocean_sidebar":"","ocean_second_sidebar":"","ocean_disable_margins":"enable","ocean_add_body_class":"","ocean_shortcode_before_top_bar":"","ocean_shortcode_after_top_bar":"","ocean_shortcode_before_header":"","ocean_shortcode_after_header":"","ocean_has_shortcode":"","ocean_shortcode_after_title":"","ocean_shortcode_before_footer_widgets":"","ocean_shortcode_after_footer_widgets":"","ocean_shortcode_before_footer_bottom":"","ocean_shortcode_after_footer_bottom":"","ocean_display_top_bar":"default","ocean_display_header":"default","ocean_header_style":"","ocean_center_header_left_menu":"","ocean_custom_header_template":"","ocean_custom_logo":0,"ocean_custom_retina_logo":0,"ocean_custom_logo_max_width":0,"ocean_custom_logo_tablet_max_width":0,"ocean_custom_logo_mobile_max_width":0,"ocean_custom_logo_max_height":0,"ocean_custom_logo_tablet_max_height":0,"ocean_custom_logo_mobile_max_height":0,"ocean_header_custom_menu":"","ocean_menu_typo_font_family":"","ocean_menu_typo_font_subset":"","ocean_menu_typo_font_size":0,"ocean_menu_typo_font_size_tablet":0,"ocean_menu_typo_font_size_mobile":0,"ocean_menu_typo_font_size_unit":"px","ocean_menu_typo_font_weight":"","ocean_menu_typo_font_weight_tablet":"","ocean_menu_typo_font_weight_mobile":"","ocean_menu_typo_transform":"","ocean_menu_typo_transform_tablet":"","ocean_menu_typo_transform_mobile":"","ocean_menu_typo_line_height":0,"ocean_menu_typo_line_height_tablet":0,"ocean_menu_typo_line_height_mobile":0,"ocean_menu_typo_line_height_unit":"","ocean_menu_typo_spacing":0,"ocean_menu_typo_spacing_tablet":0,"ocean_menu_typo_spacing_mobile":0,"ocean_menu_typo_spacing_unit":"","ocean_menu_link_color":"","ocean_menu_link_color_hover":"","ocean_menu_link_color_active":"","ocean_menu_link_background":"","ocean_menu_link_hover_background":"","ocean_menu_link_active_background":"","ocean_menu_social_links_bg":"","ocean_menu_social_hover_links_bg":"","ocean_menu_social_links_color":"","ocean_menu_social_hover_links_color":"","ocean_disable_title":"default","ocean_disable_heading":"default","ocean_post_title":"","ocean_post_subheading":"","ocean_post_title_style":"","ocean_post_title_background_color":"","ocean_post_title_background":0,"ocean_post_title_bg_image_position":"","ocean_post_title_bg_image_attachment":"","ocean_post_title_bg_image_repeat":"","ocean_post_title_bg_image_size":"","ocean_post_title_height":0,"ocean_post_title_bg_overlay":0.5,"ocean_post_title_bg_overlay_color":"","ocean_disable_breadcrumbs":"default","ocean_breadcrumbs_color":"","ocean_breadcrumbs_separator_color":"","ocean_breadcrumbs_links_color":"","ocean_breadcrumbs_links_hover_color":"","ocean_display_footer_widgets":"default","ocean_display_footer_bottom":"default","ocean_custom_footer_template":"","_mc_calendar":[],"footnotes":""},"class_list":["post-249","page","type-page","status-publish","hentry","entry"],"aioseo_notices":[],"_links":{"self":[{"href":"https:\/\/enfantsdumonde.be\/test\/wp-json\/wp\/v2\/pages\/249","targetHints":{"allow":["GET"]}}],"collection":[{"href":"https:\/\/enfantsdumonde.be\/test\/wp-json\/wp\/v2\/pages"}],"about":[{"href":"https:\/\/enfantsdumonde.be\/test\/wp-json\/wp\/v2\/types\/page"}],"author":[{"embeddable":true,"href":"https:\/\/enfantsdumonde.be\/test\/wp-json\/wp\/v2\/users\/5"}],"replies":[{"embeddable":true,"href":"https:\/\/enfantsdumonde.be\/test\/wp-json\/wp\/v2\/comments?post=249"}],"version-history":[{"count":5,"href":"https:\/\/enfantsdumonde.be\/test\/wp-json\/wp\/v2\/pages\/249\/revisions"}],"predecessor-version":[{"id":12217,"href":"https:\/\/enfantsdumonde.be\/test\/wp-json\/wp\/v2\/pages\/249\/revisions\/12217"}],"wp:attachment":[{"href":"https:\/\/enfantsdumonde.be\/test\/wp-json\/wp\/v2\/media?parent=249"}],"curies":[{"name":"wp","href":"https:\/\/api.w.org\/{rel}","templated":true}]}}