{"id":175,"date":"2021-03-09T16:30:41","date_gmt":"2021-03-09T15:30:41","guid":{"rendered":"http:\/\/localhost\/enfantsdumonde\/?page_id=175"},"modified":"2026-02-15T18:06:14","modified_gmt":"2026-02-15T17:06:14","slug":"benevolat","status":"publish","type":"page","link":"https:\/\/enfantsdumonde.be\/test\/benevolat\/","title":{"rendered":"Nous sommes tous b\u00e9n\u00e9voles !"},"content":{"rendered":"\t\t<div data-elementor-type=\"wp-page\" data-elementor-id=\"175\" class=\"elementor elementor-175\">\n\t\t\t\t\t\t<section class=\"elementor-section elementor-top-section elementor-element elementor-element-d7e74aa elementor-section-boxed elementor-section-height-default elementor-section-height-default\" data-id=\"d7e74aa\" data-element_type=\"section\" data-e-type=\"section\">\n\t\t\t\t\t\t<div class=\"elementor-container elementor-column-gap-default\">\n\t\t\t\t\t<div class=\"elementor-column elementor-col-100 elementor-top-column elementor-element elementor-element-60453af\" data-id=\"60453af\" data-element_type=\"column\" data-e-type=\"column\">\n\t\t\t<div class=\"elementor-widget-wrap elementor-element-populated\">\n\t\t\t\t\t\t<div class=\"elementor-element elementor-element-3440a53 elementor-widget elementor-widget-image\" data-id=\"3440a53\" data-element_type=\"widget\" data-e-type=\"widget\" data-widget_type=\"image.default\">\n\t\t\t\t<div class=\"elementor-widget-container\">\n\t\t\t\t\t\t\t\t\t\t\t\t\t\t\t<img fetchpriority=\"high\" width=\"800\" height=\"450\"  class=\"attachment-large size-large wp-image-8178 lws-optimize-lazyload\" alt=\"\" srcset=\"https:\/\/enfantsdumonde.be\/test\/wp-content\/uploads\/2022\/12\/service-bar_lwsoptimized.webp 800w, https:\/\/enfantsdumonde.be\/test\/wp-content\/uploads\/2022\/12\/service-bar_lwsoptimized-300x169.webp 300w, https:\/\/enfantsdumonde.be\/test\/wp-content\/uploads\/2022\/12\/service-bar_lwsoptimized-768x432.webp 768w\" sizes=\"(max-width: 800px) 100vw, 800px\" \/ data-src=\"https:\/\/enfantsdumonde.be\/test\/wp-content\/uploads\/2022\/12\/service-bar_lwsoptimized.webp\">\t\t\t\t\t\t\t\t\t\t\t\t\t\t\t<\/div>\n\t\t\t\t<\/div>\n\t\t\t\t\t<\/div>\n\t\t<\/div>\n\t\t\t\t\t<\/div>\n\t\t<\/section>\n\t\t\t\t<section class=\"elementor-section elementor-top-section elementor-element elementor-element-8193fc5 elementor-section-boxed elementor-section-height-default elementor-section-height-default\" data-id=\"8193fc5\" data-element_type=\"section\" data-e-type=\"section\">\n\t\t\t\t\t\t<div class=\"elementor-container elementor-column-gap-default\">\n\t\t\t\t\t<div class=\"elementor-column elementor-col-100 elementor-top-column elementor-element elementor-element-25607d0d\" data-id=\"25607d0d\" data-element_type=\"column\" data-e-type=\"column\">\n\t\t\t<div class=\"elementor-widget-wrap elementor-element-populated\">\n\t\t\t\t\t\t<div class=\"elementor-element elementor-element-152f307d elementor-widget elementor-widget-text-editor\" data-id=\"152f307d\" data-element_type=\"widget\" data-e-type=\"widget\" data-widget_type=\"text-editor.default\">\n\t\t\t\t<div class=\"elementor-widget-container\">\n\t\t\t\t\t\t\t\t\t<h2>Vous voulez nous aider?<\/h2><ul><li>Proposez une aide ponctuelle lors de la f\u00eate d&rsquo;automne &#8211; elle sera pr\u00e9cieuse !<\/li><li>Organisez une action au profit d&rsquo;Enfants du Monde dans votre entourage \u00e0 l&rsquo;occasion d&rsquo;un anniversaire, d&rsquo;une naissance !<\/li><li>Suscitez des bourses d&rsquo;\u00e9tudes dans vos familles, chez vos proches, vos amis !<\/li><li>Soyez inventif\u00b7ve et cherchez des sources de financement pour nos projets !<\/li><li>Lancez une action (marche, tombola,&#8230;) au profit d&rsquo;Enfants du Monde dans votre \u00e9cole !<\/li><li>D\u00e9posez notre Journal dans la salle d&rsquo;attente de votre m\u00e9decin, de votre dentiste, votre notaire&#8230; !<\/li><li>Faites conna\u00eetre notre site Web et notre page Facebook !<\/li><\/ul><p><strong>Il existe mille moyens d&rsquo;aider les enfants du tiers monde\u2026 en ne quittant pas notre petit pays <\/strong>!<\/p><p><strong>Vous souhaitez nous contacter ? <\/strong><\/p><p>N&rsquo;h\u00e9sitez pas \u00e0 nous envoyer un message via notre formulaire sur la page \u00ab\u00a0<a href=\"http:\/\/www.enfantsdumonde.be\/contact\/\"><strong>Contact<\/strong><\/a>\u00a0\u00bb ou \u00e0 nous envoyer un mail \u00e0 <a href=\"mailto:info@enfantsdumonde.be\"><strong>info@enfantsdumonde.be<\/strong><\/a>.<\/p><div id=\"ConnectiveDocSignExtentionInstalled\" data-extension-version=\"1.0.4\">\u00a0<\/div>\t\t\t\t\t\t\t\t<\/div>\n\t\t\t\t<\/div>\n\t\t\t\t\t<\/div>\n\t\t<\/div>\n\t\t\t\t\t<\/div>\n\t\t<\/section>\n\t\t\t\t<section class=\"elementor-section elementor-top-section elementor-element elementor-element-670ce73 elementor-section-boxed elementor-section-height-default elementor-section-height-default\" data-id=\"670ce73\" data-element_type=\"section\" data-e-type=\"section\">\n\t\t\t\t\t\t<div class=\"elementor-container elementor-column-gap-default\">\n\t\t\t\t\t<div class=\"elementor-column elementor-col-100 elementor-top-column elementor-element elementor-element-b183208\" data-id=\"b183208\" data-element_type=\"column\" data-e-type=\"column\">\n\t\t\t<div class=\"elementor-widget-wrap elementor-element-populated\">\n\t\t\t\t\t\t<div class=\"elementor-element elementor-element-c6fe63c elementor-widget elementor-widget-text-editor\" data-id=\"c6fe63c\" data-element_type=\"widget\" data-e-type=\"widget\" data-widget_type=\"text-editor.default\">\n\t\t\t\t<div class=\"elementor-widget-container\">\n\t\t\t\t\t\t\t\t\t<h2>Pour les jeunes d\u00e9sireux de partir dans un pays du Sud<\/h2><p>Nous sommes parfois interpell\u00e9s par des jeunes qui souhaitent aller \u00e0 la rencontre des populations du Sud afin de d\u00e9couvrir leur mode de vie et leurs valeurs, afin d&rsquo;exp\u00e9rimenter leurs r\u00e9alit\u00e9s, afin d&rsquo;\u00e9changer avec eux tout en posant des gestes utiles au d\u00e9veloppement de ces pays.<\/p><p>Enfants du Monde n&rsquo;a pas la possibilit\u00e9 de les prendre en charge et d&rsquo;organiser de tels s\u00e9jours, cela exigerait une toute autre infrastructure et, notamment des responsables sur place.<\/p><p>A tous ces jeunes d\u00e9sireux de partir \u00e0 la rencontre du Sud, nous conseillons de s&rsquo;adresser \u00e0 l&rsquo;ONG D\u00e9fi Belgique Afrique qui propose aux jeunes de 15 \u00e0 18 ans de participer \u00e0 un processus d&rsquo;\u00e9ducation construit autour d&rsquo;un s\u00e9jour d&rsquo;immersion de 3 semaines dans un pays ouest-africain.<br \/><strong>Visitez donc leur site Web : <\/strong><a href=\"http:\/\/www.ongdba.org\/index.php?p=8\"><strong>www.ongdba.org<\/strong><\/a><\/p>\t\t\t\t\t\t\t\t<\/div>\n\t\t\t\t<\/div>\n\t\t\t\t\t<\/div>\n\t\t<\/div>\n\t\t\t\t\t<\/div>\n\t\t<\/section>\n\t\t\t\t<\/div>\n\t\t","protected":false},"excerpt":{"rendered":"<p>Vous voulez nous aider? Proposez une aide ponctuelle lors de la f\u00eate d&rsquo;automne &#8211; elle sera pr\u00e9cieuse ! Organisez une action au profit d&rsquo;Enfants du Monde dans votre entourage \u00e0 l&rsquo;occasion d&rsquo;un anniversaire, d&rsquo;une naissance ! Suscitez des bourses d&rsquo;\u00e9tudes dans vos familles, chez vos proches, vos amis ! Soyez inventif\u00b7ve et cherchez des sources [&hellip;]<\/p>\n","protected":false},"author":5,"featured_media":0,"parent":0,"menu_order":0,"comment_status":"closed","ping_status":"closed","template":"","meta":{"ocean_post_layout":"","ocean_both_sidebars_style":"","ocean_both_sidebars_content_width":0,"ocean_both_sidebars_sidebars_width":0,"ocean_sidebar":"","ocean_second_sidebar":"","ocean_disable_margins":"enable","ocean_add_body_class":"","ocean_shortcode_before_top_bar":"","ocean_shortcode_after_top_bar":"","ocean_shortcode_before_header":"","ocean_shortcode_after_header":"","ocean_has_shortcode":"","ocean_shortcode_after_title":"","ocean_shortcode_before_footer_widgets":"","ocean_shortcode_after_footer_widgets":"","ocean_shortcode_before_footer_bottom":"","ocean_shortcode_after_footer_bottom":"","ocean_display_top_bar":"default","ocean_display_header":"default","ocean_header_style":"","ocean_center_header_left_menu":"","ocean_custom_header_template":"","ocean_custom_logo":0,"ocean_custom_retina_logo":0,"ocean_custom_logo_max_width":0,"ocean_custom_logo_tablet_max_width":0,"ocean_custom_logo_mobile_max_width":0,"ocean_custom_logo_max_height":0,"ocean_custom_logo_tablet_max_height":0,"ocean_custom_logo_mobile_max_height":0,"ocean_header_custom_menu":"","ocean_menu_typo_font_family":"","ocean_menu_typo_font_subset":"","ocean_menu_typo_font_size":0,"ocean_menu_typo_font_size_tablet":0,"ocean_menu_typo_font_size_mobile":0,"ocean_menu_typo_font_size_unit":"px","ocean_menu_typo_font_weight":"","ocean_menu_typo_font_weight_tablet":"","ocean_menu_typo_font_weight_mobile":"","ocean_menu_typo_transform":"","ocean_menu_typo_transform_tablet":"","ocean_menu_typo_transform_mobile":"","ocean_menu_typo_line_height":0,"ocean_menu_typo_line_height_tablet":0,"ocean_menu_typo_line_height_mobile":0,"ocean_menu_typo_line_height_unit":"","ocean_menu_typo_spacing":0,"ocean_menu_typo_spacing_tablet":0,"ocean_menu_typo_spacing_mobile":0,"ocean_menu_typo_spacing_unit":"","ocean_menu_link_color":"","ocean_menu_link_color_hover":"","ocean_menu_link_color_active":"","ocean_menu_link_background":"","ocean_menu_link_hover_background":"","ocean_menu_link_active_background":"","ocean_menu_social_links_bg":"","ocean_menu_social_hover_links_bg":"","ocean_menu_social_links_color":"","ocean_menu_social_hover_links_color":"","ocean_disable_title":"default","ocean_disable_heading":"default","ocean_post_title":"","ocean_post_subheading":"","ocean_post_title_style":"","ocean_post_title_background_color":"","ocean_post_title_background":0,"ocean_post_title_bg_image_position":"","ocean_post_title_bg_image_attachment":"","ocean_post_title_bg_image_repeat":"","ocean_post_title_bg_image_size":"","ocean_post_title_height":0,"ocean_post_title_bg_overlay":0.5,"ocean_post_title_bg_overlay_color":"","ocean_disable_breadcrumbs":"default","ocean_breadcrumbs_color":"","ocean_breadcrumbs_separator_color":"","ocean_breadcrumbs_links_color":"","ocean_breadcrumbs_links_hover_color":"","ocean_display_footer_widgets":"default","ocean_display_footer_bottom":"default","ocean_custom_footer_template":"","_mc_calendar":[],"footnotes":""},"class_list":["post-175","page","type-page","status-publish","hentry","entry"],"aioseo_notices":[],"_links":{"self":[{"href":"https:\/\/enfantsdumonde.be\/test\/wp-json\/wp\/v2\/pages\/175","targetHints":{"allow":["GET"]}}],"collection":[{"href":"https:\/\/enfantsdumonde.be\/test\/wp-json\/wp\/v2\/pages"}],"about":[{"href":"https:\/\/enfantsdumonde.be\/test\/wp-json\/wp\/v2\/types\/page"}],"author":[{"embeddable":true,"href":"https:\/\/enfantsdumonde.be\/test\/wp-json\/wp\/v2\/users\/5"}],"replies":[{"embeddable":true,"href":"https:\/\/enfantsdumonde.be\/test\/wp-json\/wp\/v2\/comments?post=175"}],"version-history":[{"count":4,"href":"https:\/\/enfantsdumonde.be\/test\/wp-json\/wp\/v2\/pages\/175\/revisions"}],"predecessor-version":[{"id":12157,"href":"https:\/\/enfantsdumonde.be\/test\/wp-json\/wp\/v2\/pages\/175\/revisions\/12157"}],"wp:attachment":[{"href":"https:\/\/enfantsdumonde.be\/test\/wp-json\/wp\/v2\/media?parent=175"}],"curies":[{"name":"wp","href":"https:\/\/api.w.org\/{rel}","templated":true}]}}