{"id":165,"date":"2021-03-09T16:45:16","date_gmt":"2021-03-09T15:45:16","guid":{"rendered":"http:\/\/localhost\/enfantsdumonde\/?page_id=165"},"modified":"2026-02-17T11:30:33","modified_gmt":"2026-02-17T10:30:33","slug":"nous-aider","status":"publish","type":"page","link":"https:\/\/enfantsdumonde.be\/test\/nous-aider\/","title":{"rendered":"Nous aider"},"content":{"rendered":"\t\t<div data-elementor-type=\"wp-page\" data-elementor-id=\"165\" class=\"elementor elementor-165\">\n\t\t\t\t\t\t<section class=\"elementor-section elementor-top-section elementor-element elementor-element-150274f elementor-section-boxed elementor-section-height-default elementor-section-height-default\" data-id=\"150274f\" data-element_type=\"section\" data-e-type=\"section\">\n\t\t\t\t\t\t<div class=\"elementor-container elementor-column-gap-default\">\n\t\t\t\t\t<div class=\"elementor-column elementor-col-100 elementor-top-column elementor-element elementor-element-61f2908\" data-id=\"61f2908\" data-element_type=\"column\" data-e-type=\"column\">\n\t\t\t<div class=\"elementor-widget-wrap elementor-element-populated\">\n\t\t\t\t\t\t<div class=\"elementor-element elementor-element-d57c74f elementor-widget elementor-widget-image\" data-id=\"d57c74f\" data-element_type=\"widget\" data-e-type=\"widget\" data-widget_type=\"image.default\">\n\t\t\t\t<div class=\"elementor-widget-container\">\n\t\t\t\t\t\t\t\t\t\t\t\t\t\t\t<img  title=\"\" alt=\"\" loading=\"lazy\" \/ class=\"lws-optimize-lazyload\" data-src=\"https:\/\/www.enfantsdumonde.be\/wp-content\/uploads\/2017\/03\/Enfants-de-la-rue-Musanze.jpg\">\t\t\t\t\t\t\t\t\t\t\t\t\t\t\t<\/div>\n\t\t\t\t<\/div>\n\t\t\t\t<div class=\"elementor-element elementor-element-0702aa6 elementor-widget elementor-widget-image\" data-id=\"0702aa6\" data-element_type=\"widget\" data-e-type=\"widget\" data-widget_type=\"image.default\">\n\t\t\t\t<div class=\"elementor-widget-container\">\n\t\t\t\t\t\t\t\t\t\t\t\t\t\t\t\t<a href=\"https:\/\/enfantsdumonde.be\/wp-content\/uploads\/2026\/02\/leejoann-people-5532331_640.webp\" data-elementor-open-lightbox=\"yes\" data-elementor-lightbox-title=\"leejoann-people-5532331_640\" data-e-action-hash=\"#elementor-action%3Aaction%3Dlightbox%26settings%3DeyJpZCI6MTIyMzIsInVybCI6Imh0dHBzOlwvXC9lbmZhbnRzZHVtb25kZS5iZVwvdGVzdFwvd3AtY29udGVudFwvdXBsb2Fkc1wvMjAyNlwvMDJcL2xlZWpvYW5uLXBlb3BsZS01NTMyMzMxXzY0MC53ZWJwIn0%3D\">\n\t\t\t\t\t\t\t<img fetchpriority=\"high\" width=\"640\" height=\"427\"  class=\"attachment-medium_large size-medium_large wp-image-12232 lws-optimize-lazyload\" alt=\"\" srcset=\"https:\/\/enfantsdumonde.be\/test\/wp-content\/uploads\/2026\/02\/leejoann-people-5532331_640.webp 640w, https:\/\/enfantsdumonde.be\/test\/wp-content\/uploads\/2026\/02\/leejoann-people-5532331_640-300x200.webp 300w\" sizes=\"(max-width: 640px) 100vw, 640px\" \/ data-src=\"https:\/\/enfantsdumonde.be\/test\/wp-content\/uploads\/2026\/02\/leejoann-people-5532331_640.webp\">\t\t\t\t\t\t\t\t<\/a>\n\t\t\t\t\t\t\t\t\t\t\t\t\t\t\t<\/div>\n\t\t\t\t<\/div>\n\t\t\t\t\t<\/div>\n\t\t<\/div>\n\t\t\t\t\t<\/div>\n\t\t<\/section>\n\t\t\t\t<section class=\"elementor-section elementor-top-section elementor-element elementor-element-663b915d elementor-section-boxed elementor-section-height-default elementor-section-height-default\" data-id=\"663b915d\" data-element_type=\"section\" data-e-type=\"section\">\n\t\t\t\t\t\t<div class=\"elementor-container elementor-column-gap-default\">\n\t\t\t\t\t<div class=\"elementor-column elementor-col-100 elementor-top-column elementor-element elementor-element-167dc109\" data-id=\"167dc109\" data-element_type=\"column\" data-e-type=\"column\">\n\t\t\t<div class=\"elementor-widget-wrap elementor-element-populated\">\n\t\t\t\t\t\t<div class=\"elementor-element elementor-element-354e6ba3 elementor-widget elementor-widget-text-editor\" data-id=\"354e6ba3\" data-element_type=\"widget\" data-e-type=\"widget\" data-widget_type=\"text-editor.default\">\n\t\t\t\t<div class=\"elementor-widget-container\">\n\t\t\t\t\t\t\t\t\t<h2>Il y a plusieurs fa\u00e7ons d\u2019aider Enfants du Monde :<\/h2><ul><li>donner pour scolariser un enfant du tiers monde;<\/li><li>contacter des amis, une \u00e9cole pour aider \u00e0 la scolarisation d\u2019un enfant\u00a0;<\/li><li>vous abonner au\u00a0<a href=\"http:\/\/www.enfantsdumonde.be\/journal-abonner\/\"><strong>journal <\/strong><\/a>et participer aux diff\u00e9rentes actions du mois qui sont d\u00e9velopp\u00e9es dans chacun des six num\u00e9ros qui paraissent chaque ann\u00e9e;<\/li><li>d\u00e9poser notre Journal dans la salle d\u2019attente de votre m\u00e9decin, de votre dentiste, de votre notaire, \u2026<\/li><li>faire un\u00a0<a href=\"https:\/\/www.enfantsdumonde.be\/faire-un-don\/\" target=\"_blank\" rel=\"noopener\"><strong>don<\/strong><\/a> pour une <a href=\"https:\/\/www.enfantsdumonde.be\/bourses\/\">bourse d&rsquo;\u00e9tudes<\/a> ou un <a href=\"https:\/\/enfantsdumonde.be\/projets\/\">projet<\/a> qui vous tient \u00e0 c\u0153ur\u00a0\u00a0<\/li><li>vous faire conna\u00eetre, participer \u00e0 nos activit\u00e9s<\/li><li>devenir\u00a0<a href=\"http:\/\/www.enfantsdumonde.be\/benevolat\/\"><strong>b\u00e9n\u00e9vole<\/strong><\/a> (prenez contact avec nous)<\/li><\/ul><p style=\"text-align: center;\"><strong>Il existe mille moyens d&rsquo;aider les enfants du tiers monde\u2026 en ne quittant pas notre petit pays <\/strong>!<\/p><div id=\"ConnectiveDocSignExtentionInstalled\" data-extension-version=\"1.0.4\">\u00a0<\/div>\t\t\t\t\t\t\t\t<\/div>\n\t\t\t\t<\/div>\n\t\t\t\t\t<\/div>\n\t\t<\/div>\n\t\t\t\t\t<\/div>\n\t\t<\/section>\n\t\t\t\t<\/div>\n\t\t","protected":false},"excerpt":{"rendered":"<p>Il y a plusieurs fa\u00e7ons d\u2019aider Enfants du Monde : donner pour scolariser un enfant du tiers monde; contacter des amis, une \u00e9cole pour aider \u00e0 la scolarisation d\u2019un enfant\u00a0; vous abonner au\u00a0journal et participer aux diff\u00e9rentes actions du mois qui sont d\u00e9velopp\u00e9es dans chacun des six num\u00e9ros qui paraissent chaque ann\u00e9e; d\u00e9poser notre Journal [&hellip;]<\/p>\n","protected":false},"author":5,"featured_media":0,"parent":0,"menu_order":0,"comment_status":"closed","ping_status":"closed","template":"","meta":{"ocean_post_layout":"","ocean_both_sidebars_style":"","ocean_both_sidebars_content_width":0,"ocean_both_sidebars_sidebars_width":0,"ocean_sidebar":"","ocean_second_sidebar":"","ocean_disable_margins":"enable","ocean_add_body_class":"","ocean_shortcode_before_top_bar":"","ocean_shortcode_after_top_bar":"","ocean_shortcode_before_header":"","ocean_shortcode_after_header":"","ocean_has_shortcode":"","ocean_shortcode_after_title":"","ocean_shortcode_before_footer_widgets":"","ocean_shortcode_after_footer_widgets":"","ocean_shortcode_before_footer_bottom":"","ocean_shortcode_after_footer_bottom":"","ocean_display_top_bar":"default","ocean_display_header":"default","ocean_header_style":"","ocean_center_header_left_menu":"","ocean_custom_header_template":"","ocean_custom_logo":0,"ocean_custom_retina_logo":0,"ocean_custom_logo_max_width":0,"ocean_custom_logo_tablet_max_width":0,"ocean_custom_logo_mobile_max_width":0,"ocean_custom_logo_max_height":0,"ocean_custom_logo_tablet_max_height":0,"ocean_custom_logo_mobile_max_height":0,"ocean_header_custom_menu":"","ocean_menu_typo_font_family":"","ocean_menu_typo_font_subset":"","ocean_menu_typo_font_size":0,"ocean_menu_typo_font_size_tablet":0,"ocean_menu_typo_font_size_mobile":0,"ocean_menu_typo_font_size_unit":"px","ocean_menu_typo_font_weight":"","ocean_menu_typo_font_weight_tablet":"","ocean_menu_typo_font_weight_mobile":"","ocean_menu_typo_transform":"","ocean_menu_typo_transform_tablet":"","ocean_menu_typo_transform_mobile":"","ocean_menu_typo_line_height":0,"ocean_menu_typo_line_height_tablet":0,"ocean_menu_typo_line_height_mobile":0,"ocean_menu_typo_line_height_unit":"","ocean_menu_typo_spacing":0,"ocean_menu_typo_spacing_tablet":0,"ocean_menu_typo_spacing_mobile":0,"ocean_menu_typo_spacing_unit":"","ocean_menu_link_color":"","ocean_menu_link_color_hover":"","ocean_menu_link_color_active":"","ocean_menu_link_background":"","ocean_menu_link_hover_background":"","ocean_menu_link_active_background":"","ocean_menu_social_links_bg":"","ocean_menu_social_hover_links_bg":"","ocean_menu_social_links_color":"","ocean_menu_social_hover_links_color":"","ocean_disable_title":"default","ocean_disable_heading":"default","ocean_post_title":"","ocean_post_subheading":"","ocean_post_title_style":"","ocean_post_title_background_color":"","ocean_post_title_background":0,"ocean_post_title_bg_image_position":"","ocean_post_title_bg_image_attachment":"","ocean_post_title_bg_image_repeat":"","ocean_post_title_bg_image_size":"","ocean_post_title_height":0,"ocean_post_title_bg_overlay":0.5,"ocean_post_title_bg_overlay_color":"","ocean_disable_breadcrumbs":"default","ocean_breadcrumbs_color":"","ocean_breadcrumbs_separator_color":"","ocean_breadcrumbs_links_color":"","ocean_breadcrumbs_links_hover_color":"","ocean_display_footer_widgets":"default","ocean_display_footer_bottom":"default","ocean_custom_footer_template":"","_mc_calendar":[],"footnotes":""},"class_list":["post-165","page","type-page","status-publish","hentry","entry"],"aioseo_notices":[],"_links":{"self":[{"href":"https:\/\/enfantsdumonde.be\/test\/wp-json\/wp\/v2\/pages\/165","targetHints":{"allow":["GET"]}}],"collection":[{"href":"https:\/\/enfantsdumonde.be\/test\/wp-json\/wp\/v2\/pages"}],"about":[{"href":"https:\/\/enfantsdumonde.be\/test\/wp-json\/wp\/v2\/types\/page"}],"author":[{"embeddable":true,"href":"https:\/\/enfantsdumonde.be\/test\/wp-json\/wp\/v2\/users\/5"}],"replies":[{"embeddable":true,"href":"https:\/\/enfantsdumonde.be\/test\/wp-json\/wp\/v2\/comments?post=165"}],"version-history":[{"count":5,"href":"https:\/\/enfantsdumonde.be\/test\/wp-json\/wp\/v2\/pages\/165\/revisions"}],"predecessor-version":[{"id":12238,"href":"https:\/\/enfantsdumonde.be\/test\/wp-json\/wp\/v2\/pages\/165\/revisions\/12238"}],"wp:attachment":[{"href":"https:\/\/enfantsdumonde.be\/test\/wp-json\/wp\/v2\/media?parent=165"}],"curies":[{"name":"wp","href":"https:\/\/api.w.org\/{rel}","templated":true}]}}