{"id":13,"date":"2021-03-09T16:00:02","date_gmt":"2021-03-09T15:00:02","guid":{"rendered":"http:\/\/localhost\/enfantsdumonde\/?page_id=13"},"modified":"2026-03-16T15:41:29","modified_gmt":"2026-03-16T14:41:29","slug":"projets","status":"publish","type":"page","link":"https:\/\/enfantsdumonde.be\/test\/projets\/","title":{"rendered":"Projets"},"content":{"rendered":"\t\t<div data-elementor-type=\"wp-page\" data-elementor-id=\"13\" class=\"elementor elementor-13\">\n\t\t\t\t\t\t<section class=\"elementor-section elementor-top-section elementor-element elementor-element-567d4d0 elementor-section-boxed elementor-section-height-default elementor-section-height-default\" data-id=\"567d4d0\" data-element_type=\"section\" data-e-type=\"section\">\n\t\t\t\t\t\t<div class=\"elementor-container elementor-column-gap-default\">\n\t\t\t\t\t<div class=\"elementor-column elementor-col-100 elementor-top-column elementor-element elementor-element-880e86e\" data-id=\"880e86e\" data-element_type=\"column\" data-e-type=\"column\">\n\t\t\t<div class=\"elementor-widget-wrap elementor-element-populated\">\n\t\t\t\t\t\t<div class=\"elementor-element elementor-element-ae8322f elementor-widget elementor-widget-image\" data-id=\"ae8322f\" data-element_type=\"widget\" data-e-type=\"widget\" data-widget_type=\"image.default\">\n\t\t\t\t<div class=\"elementor-widget-container\">\n\t\t\t\t\t\t\t\t\t\t\t\t\t\t\t<img  title=\"\" alt=\"\" loading=\"lazy\" \/ class=\"lws-optimize-lazyload\" data-src=\"https:\/\/www.enfantsdumonde.be\/wp-content\/uploads\/2019\/12\/ACM-322-Achevement-des-salles-de-classe-3.jpg\">\t\t\t\t\t\t\t\t\t\t\t\t\t\t\t<\/div>\n\t\t\t\t<\/div>\n\t\t\t\t\t<\/div>\n\t\t<\/div>\n\t\t\t\t\t<\/div>\n\t\t<\/section>\n\t\t\t\t<section class=\"elementor-section elementor-top-section elementor-element elementor-element-84b3a7e elementor-section-boxed elementor-section-height-default elementor-section-height-default\" data-id=\"84b3a7e\" data-element_type=\"section\" data-e-type=\"section\">\n\t\t\t\t\t\t<div class=\"elementor-container elementor-column-gap-default\">\n\t\t\t\t\t<div class=\"elementor-column elementor-col-100 elementor-top-column elementor-element elementor-element-09164fc\" data-id=\"09164fc\" data-element_type=\"column\" data-e-type=\"column\">\n\t\t\t<div class=\"elementor-widget-wrap elementor-element-populated\">\n\t\t\t\t\t\t<div class=\"elementor-element elementor-element-932eeee elementor-widget elementor-widget-image\" data-id=\"932eeee\" data-element_type=\"widget\" data-e-type=\"widget\" data-widget_type=\"image.default\">\n\t\t\t\t<div class=\"elementor-widget-container\">\n\t\t\t\t\t\t\t\t\t\t\t\t<figure class=\"wp-caption\">\n\t\t\t\t\t\t\t\t\t\t\t<a href=\"https:\/\/enfantsdumonde.be\/wp-content\/uploads\/2025\/10\/anciens_lwsoptimized.webp\" data-elementor-open-lightbox=\"yes\" data-elementor-lightbox-title=\"anciens sanitaires\" data-e-action-hash=\"#elementor-action%3Aaction%3Dlightbox%26settings%3DeyJpZCI6MTE2MTIsInVybCI6Imh0dHBzOlwvXC9lbmZhbnRzZHVtb25kZS5iZVwvdGVzdFwvd3AtY29udGVudFwvdXBsb2Fkc1wvMjAyNVwvMTBcL2FuY2llbnNfbHdzb3B0aW1pemVkLndlYnAifQ%3D%3D\">\n\t\t\t\t\t\t\t<img fetchpriority=\"high\" width=\"643\" height=\"289\"  class=\"attachment-large size-large wp-image-11612 lws-optimize-lazyload\" alt=\"\" srcset=\"https:\/\/enfantsdumonde.be\/test\/wp-content\/uploads\/2025\/10\/anciens_lwsoptimized.webp 643w, https:\/\/enfantsdumonde.be\/test\/wp-content\/uploads\/2025\/10\/anciens_lwsoptimized-300x135.webp 300w\" sizes=\"(max-width: 643px) 100vw, 643px\" \/ data-src=\"https:\/\/enfantsdumonde.be\/test\/wp-content\/uploads\/2025\/10\/anciens_lwsoptimized.webp\">\t\t\t\t\t\t\t\t<\/a>\n\t\t\t\t\t\t\t\t\t\t\t<figcaption class=\"widget-image-caption wp-caption-text\">R\u00e9novation de toilettes en Inde<\/figcaption>\n\t\t\t\t\t\t\t\t\t\t<\/figure>\n\t\t\t\t\t\t\t\t\t<\/div>\n\t\t\t\t<\/div>\n\t\t\t\t\t<\/div>\n\t\t<\/div>\n\t\t\t\t\t<\/div>\n\t\t<\/section>\n\t\t\t\t<section class=\"elementor-section elementor-top-section elementor-element elementor-element-d99d149 elementor-section-boxed elementor-section-height-default elementor-section-height-default\" data-id=\"d99d149\" data-element_type=\"section\" data-e-type=\"section\">\n\t\t\t\t\t\t<div class=\"elementor-container elementor-column-gap-default\">\n\t\t\t\t\t<div class=\"elementor-column elementor-col-100 elementor-top-column elementor-element elementor-element-da85a00\" data-id=\"da85a00\" data-element_type=\"column\" data-e-type=\"column\">\n\t\t\t<div class=\"elementor-widget-wrap elementor-element-populated\">\n\t\t\t\t\t\t<div class=\"elementor-element elementor-element-6409c6a elementor-widget elementor-widget-text-editor\" data-id=\"6409c6a\" data-element_type=\"widget\" data-e-type=\"widget\" data-widget_type=\"text-editor.default\">\n\t\t\t\t<div class=\"elementor-widget-container\">\n\t\t\t\t\t\t\t\t\t<p>Enfants du Monde &#8211; Belgique finance des projets concernant l\u2019am\u00e9lioration de vie des enfants les plus d\u00e9munis dans des pays en d\u00e9veloppement. Souvent ces projets sont en lien avec des scolarisations d\u2019enfants.<\/p><p><strong>Comment cela fonctionne-t-il\u00a0?<\/strong> <br \/>Un responsable belge membre d\u2019Enfants du Monde re\u00e7oit un projet du responsable de la maison dont il s\u2019occupe. Il \u00e9tudie ce projet initi\u00e9 par le partenaire sur place. C\u2019est ensemble qu\u2019ils en assureront le suivi, tant ici (via contacts Internet ou t\u00e9l\u00e9phoniques) que sur place. Tous les frais de voyage \u00e9ventuels sont \u00e0 charge du responsable de projet et non de l\u2019association Enfants du Monde. Il incombe au responsable de projet belge de trouver les fonds pour le projet qu\u2019il proposera \u00e0 l&rsquo;organe d\u2019administration. Les responsables \u00e0 l\u2019\u00e9tranger doivent, quant \u00e0 eux, assurer la p\u00e9rennit\u00e9 du projet.<\/p><p><strong>L\u2019aide d\u2019EDM<\/strong> en termes de projet <strong>se veut ponctuelle<\/strong>, dans la mesure o\u00f9 EDM vient appuyer des communaut\u00e9s qui s\u2019efforcent aussi de trouver des fonds pour la r\u00e9alisation de leurs projets. <strong>En aucun cas, cette aide ne doit \u00eatre consid\u00e9r\u00e9e comme un appui \u00e9ternel.<\/strong><\/p><div id=\"ConnectiveDocSignExtentionInstalled\" data-extension-version=\"1.0.4\">\u00a0<\/div>\t\t\t\t\t\t\t\t<\/div>\n\t\t\t\t<\/div>\n\t\t\t\t\t<\/div>\n\t\t<\/div>\n\t\t\t\t\t<\/div>\n\t\t<\/section>\n\t\t\t\t<section class=\"elementor-section elementor-top-section elementor-element elementor-element-7a344d5 elementor-section-boxed elementor-section-height-default elementor-section-height-default\" data-id=\"7a344d5\" data-element_type=\"section\" data-e-type=\"section\">\n\t\t\t\t\t\t<div class=\"elementor-container elementor-column-gap-default\">\n\t\t\t\t\t<div class=\"elementor-column elementor-col-100 elementor-top-column elementor-element elementor-element-da61f06\" data-id=\"da61f06\" data-element_type=\"column\" data-e-type=\"column\">\n\t\t\t<div class=\"elementor-widget-wrap elementor-element-populated\">\n\t\t\t\t\t\t<div class=\"elementor-element elementor-element-0136a53 elementor-widget elementor-widget-image\" data-id=\"0136a53\" data-element_type=\"widget\" data-e-type=\"widget\" data-widget_type=\"image.default\">\n\t\t\t\t<div class=\"elementor-widget-container\">\n\t\t\t\t\t\t\t\t\t\t\t\t<figure class=\"wp-caption\">\n\t\t\t\t\t\t\t\t\t\t\t<a href=\"https:\/\/enfantsdumonde.be\/wp-content\/uploads\/2025\/10\/manakara-infor-02-sm_lwsoptimized.webp\" data-elementor-open-lightbox=\"yes\" data-elementor-lightbox-title=\"manakara-infor 02 sm\" data-e-action-hash=\"#elementor-action%3Aaction%3Dlightbox%26settings%3DeyJpZCI6MTExMjgsInVybCI6Imh0dHBzOlwvXC9lbmZhbnRzZHVtb25kZS5iZVwvdGVzdFwvd3AtY29udGVudFwvdXBsb2Fkc1wvMjAyNVwvMTBcL21hbmFrYXJhLWluZm9yLTAyLXNtX2x3c29wdGltaXplZC53ZWJwIn0%3D\">\n\t\t\t\t\t\t\t<img width=\"1024\" height=\"768\"  class=\"attachment-large size-large wp-image-11128 lws-optimize-lazyload\" alt=\"\" srcset=\"https:\/\/enfantsdumonde.be\/test\/wp-content\/uploads\/2025\/10\/manakara-infor-02-sm_lwsoptimized.webp 1024w, https:\/\/enfantsdumonde.be\/test\/wp-content\/uploads\/2025\/10\/manakara-infor-02-sm_lwsoptimized-300x225.webp 300w, https:\/\/enfantsdumonde.be\/test\/wp-content\/uploads\/2025\/10\/manakara-infor-02-sm_lwsoptimized-768x576.webp 768w\" sizes=\"(max-width: 1024px) 100vw, 1024px\" \/ data-src=\"https:\/\/enfantsdumonde.be\/test\/wp-content\/uploads\/2025\/10\/manakara-infor-02-sm_lwsoptimized.webp\">\t\t\t\t\t\t\t\t<\/a>\n\t\t\t\t\t\t\t\t\t\t\t<figcaption class=\"widget-image-caption wp-caption-text\">Ordinateurs pour l'\u00e9cole \u00e0 Manakara<\/figcaption>\n\t\t\t\t\t\t\t\t\t\t<\/figure>\n\t\t\t\t\t\t\t\t\t<\/div>\n\t\t\t\t<\/div>\n\t\t\t\t\t<\/div>\n\t\t<\/div>\n\t\t\t\t\t<\/div>\n\t\t<\/section>\n\t\t\t\t<section class=\"elementor-section elementor-top-section elementor-element elementor-element-a3b8b76 elementor-section-boxed elementor-section-height-default elementor-section-height-default\" data-id=\"a3b8b76\" data-element_type=\"section\" data-e-type=\"section\">\n\t\t\t\t\t\t<div class=\"elementor-container elementor-column-gap-default\">\n\t\t\t\t\t<div class=\"elementor-column elementor-col-100 elementor-top-column elementor-element elementor-element-6e4252d\" data-id=\"6e4252d\" data-element_type=\"column\" data-e-type=\"column\">\n\t\t\t<div class=\"elementor-widget-wrap elementor-element-populated\">\n\t\t\t\t\t\t<div class=\"elementor-element elementor-element-f060303 elementor-widget elementor-widget-text-editor\" data-id=\"f060303\" data-element_type=\"widget\" data-e-type=\"widget\" data-widget_type=\"text-editor.default\">\n\t\t\t\t<div class=\"elementor-widget-container\">\n\t\t\t\t\t\t\t\t\t<p>Quant aux projets proprement dits, ils doivent \u00eatre en lien direct avec la survie de l\u2019enfant dans son environnement, \u00e0 savoir <strong>l\u2019enseignement<\/strong> permettant \u00e0 l\u2019enfant d\u2019avoir une \u00e9ducation de base<strong>, l\u2019environnement<\/strong> propice \u00e0 l\u2019alimentation de base et <strong>les soins de sant\u00e9<\/strong>.<\/p><p>Ainsi, <strong>nous soutenons <\/strong>par exemple, dans le cadre de notre ASBL, des projets de construction de classes, du mat\u00e9riel scolaire, des projets d\u2019horticulture dans des \u00e9coles, l\u2019acc\u00e8s aux soins (m\u00e9dicaments, dispensaires, certaines op\u00e9rations, etc.).<\/p><p>R\u00e9guli\u00e8rement, \u00e0 raison de 6 fois par an, vous trouverez dans notre <strong>Journal <\/strong>des actions (que nous appelons <a href=\"https:\/\/enfantsdumonde.be\/test\/acm\/\">ACM ou Actions Coup de Main<\/a>) destin\u00e9es \u00e0 aider ponctuellement un projet pour des enfants du tiers-monde. N\u2019h\u00e9sitez pas \u00e0 y participer et \u00e0 leur offrir un peu de bonheur !<\/p><p>Les projets r\u00e9alis\u00e9s n\u2019ont pas vocation \u00e0 \u00eatre permanents. Les projets qui ne sont pas pr\u00e9c\u00e9d\u00e9s d\u2019un num\u00e9ro d\u2019ACM sur le site sont aujourd\u2019hui op\u00e9rationnels pour le bien des enfants aid\u00e9s.<\/p>\t\t\t\t\t\t\t\t<\/div>\n\t\t\t\t<\/div>\n\t\t\t\t\t<\/div>\n\t\t<\/div>\n\t\t\t\t\t<\/div>\n\t\t<\/section>\n\t\t\t\t<section class=\"elementor-section elementor-top-section elementor-element elementor-element-673434b5 elementor-section-boxed elementor-section-height-default elementor-section-height-default\" data-id=\"673434b5\" data-element_type=\"section\" data-e-type=\"section\">\n\t\t\t\t\t\t<div class=\"elementor-container elementor-column-gap-default\">\n\t\t\t\t\t<div class=\"elementor-column elementor-col-100 elementor-top-column elementor-element elementor-element-7279b9dc\" data-id=\"7279b9dc\" data-element_type=\"column\" data-e-type=\"column\">\n\t\t\t<div class=\"elementor-widget-wrap elementor-element-populated\">\n\t\t\t\t\t\t<div class=\"elementor-element elementor-element-79ae3755 elementor-widget elementor-widget-text-editor\" data-id=\"79ae3755\" data-element_type=\"widget\" data-e-type=\"widget\" data-widget_type=\"text-editor.default\">\n\t\t\t\t<div class=\"elementor-widget-container\">\n\t\t\t\t\t\t\t\t\t<h3>D\u00e9couvrez les projets existants en visitant les pages des maisons<\/h3><div id=\"ConnectiveDocSignExtentionInstalled\" data-extension-version=\"1.0.4\">\u00a0<\/div>\t\t\t\t\t\t\t\t<\/div>\n\t\t\t\t<\/div>\n\t\t\t\t\t<\/div>\n\t\t<\/div>\n\t\t\t\t\t<\/div>\n\t\t<\/section>\n\t\t\t\t<\/div>\n\t\t","protected":false},"excerpt":{"rendered":"<p>R\u00e9novation de toilettes en Inde Enfants du Monde &#8211; Belgique finance des projets concernant l\u2019am\u00e9lioration de vie des enfants les plus d\u00e9munis dans des pays en d\u00e9veloppement. Souvent ces projets sont en lien avec des scolarisations d\u2019enfants. Comment cela fonctionne-t-il\u00a0? Un responsable belge membre d\u2019Enfants du Monde re\u00e7oit un projet du responsable de la maison [&hellip;]<\/p>\n","protected":false},"author":5,"featured_media":0,"parent":0,"menu_order":0,"comment_status":"closed","ping_status":"closed","template":"","meta":{"ocean_post_layout":"","ocean_both_sidebars_style":"","ocean_both_sidebars_content_width":0,"ocean_both_sidebars_sidebars_width":0,"ocean_sidebar":"","ocean_second_sidebar":"","ocean_disable_margins":"enable","ocean_add_body_class":"","ocean_shortcode_before_top_bar":"","ocean_shortcode_after_top_bar":"","ocean_shortcode_before_header":"","ocean_shortcode_after_header":"","ocean_has_shortcode":"","ocean_shortcode_after_title":"","ocean_shortcode_before_footer_widgets":"","ocean_shortcode_after_footer_widgets":"","ocean_shortcode_before_footer_bottom":"","ocean_shortcode_after_footer_bottom":"","ocean_display_top_bar":"default","ocean_display_header":"default","ocean_header_style":"","ocean_center_header_left_menu":"","ocean_custom_header_template":"","ocean_custom_logo":0,"ocean_custom_retina_logo":0,"ocean_custom_logo_max_width":0,"ocean_custom_logo_tablet_max_width":0,"ocean_custom_logo_mobile_max_width":0,"ocean_custom_logo_max_height":0,"ocean_custom_logo_tablet_max_height":0,"ocean_custom_logo_mobile_max_height":0,"ocean_header_custom_menu":"","ocean_menu_typo_font_family":"","ocean_menu_typo_font_subset":"","ocean_menu_typo_font_size":0,"ocean_menu_typo_font_size_tablet":0,"ocean_menu_typo_font_size_mobile":0,"ocean_menu_typo_font_size_unit":"px","ocean_menu_typo_font_weight":"","ocean_menu_typo_font_weight_tablet":"","ocean_menu_typo_font_weight_mobile":"","ocean_menu_typo_transform":"","ocean_menu_typo_transform_tablet":"","ocean_menu_typo_transform_mobile":"","ocean_menu_typo_line_height":0,"ocean_menu_typo_line_height_tablet":0,"ocean_menu_typo_line_height_mobile":0,"ocean_menu_typo_line_height_unit":"","ocean_menu_typo_spacing":0,"ocean_menu_typo_spacing_tablet":0,"ocean_menu_typo_spacing_mobile":0,"ocean_menu_typo_spacing_unit":"","ocean_menu_link_color":"","ocean_menu_link_color_hover":"","ocean_menu_link_color_active":"","ocean_menu_link_background":"","ocean_menu_link_hover_background":"","ocean_menu_link_active_background":"","ocean_menu_social_links_bg":"","ocean_menu_social_hover_links_bg":"","ocean_menu_social_links_color":"","ocean_menu_social_hover_links_color":"","ocean_disable_title":"default","ocean_disable_heading":"default","ocean_post_title":"","ocean_post_subheading":"","ocean_post_title_style":"","ocean_post_title_background_color":"","ocean_post_title_background":0,"ocean_post_title_bg_image_position":"","ocean_post_title_bg_image_attachment":"","ocean_post_title_bg_image_repeat":"","ocean_post_title_bg_image_size":"","ocean_post_title_height":0,"ocean_post_title_bg_overlay":0.5,"ocean_post_title_bg_overlay_color":"","ocean_disable_breadcrumbs":"default","ocean_breadcrumbs_color":"","ocean_breadcrumbs_separator_color":"","ocean_breadcrumbs_links_color":"","ocean_breadcrumbs_links_hover_color":"","ocean_display_footer_widgets":"default","ocean_display_footer_bottom":"default","ocean_custom_footer_template":"","_mc_calendar":[],"footnotes":""},"class_list":["post-13","page","type-page","status-publish","hentry","entry"],"aioseo_notices":[],"_links":{"self":[{"href":"https:\/\/enfantsdumonde.be\/test\/wp-json\/wp\/v2\/pages\/13","targetHints":{"allow":["GET"]}}],"collection":[{"href":"https:\/\/enfantsdumonde.be\/test\/wp-json\/wp\/v2\/pages"}],"about":[{"href":"https:\/\/enfantsdumonde.be\/test\/wp-json\/wp\/v2\/types\/page"}],"author":[{"embeddable":true,"href":"https:\/\/enfantsdumonde.be\/test\/wp-json\/wp\/v2\/users\/5"}],"replies":[{"embeddable":true,"href":"https:\/\/enfantsdumonde.be\/test\/wp-json\/wp\/v2\/comments?post=13"}],"version-history":[{"count":5,"href":"https:\/\/enfantsdumonde.be\/test\/wp-json\/wp\/v2\/pages\/13\/revisions"}],"predecessor-version":[{"id":12869,"href":"https:\/\/enfantsdumonde.be\/test\/wp-json\/wp\/v2\/pages\/13\/revisions\/12869"}],"wp:attachment":[{"href":"https:\/\/enfantsdumonde.be\/test\/wp-json\/wp\/v2\/media?parent=13"}],"curies":[{"name":"wp","href":"https:\/\/api.w.org\/{rel}","templated":true}]}}